{"id":4063,"date":"2022-06-28T08:35:29","date_gmt":"2022-06-28T08:35:29","guid":{"rendered":"https:\/\/awareproject.eu\/partners-sl\/taste-roots-societa-cooperativa\/"},"modified":"2022-06-28T08:35:30","modified_gmt":"2022-06-28T08:35:30","slug":"taste-roots-societa-cooperativa","status":"publish","type":"page","link":"https:\/\/awareproject.eu\/sl\/partners-sl\/taste-roots-societa-cooperativa\/","title":{"rendered":"Taste Roots Societ\u00e0 Cooperativa"},"content":{"rendered":"\t\t<div data-elementor-type=\"wp-page\" data-elementor-id=\"4063\" class=\"elementor elementor-4063 elementor-1455\" data-elementor-post-type=\"page\">\n\t\t\t\t\t\t<section class=\"elementor-section elementor-top-section elementor-element elementor-element-aae0a4a elementor-section-boxed elementor-section-height-default elementor-section-height-default\" data-id=\"aae0a4a\" data-element_type=\"section\">\n\t\t\t\t\t\t<div class=\"elementor-container elementor-column-gap-default\">\n\t\t\t\t\t<div class=\"elementor-column elementor-col-33 elementor-top-column elementor-element elementor-element-f345ae1\" data-id=\"f345ae1\" data-element_type=\"column\">\n\t\t\t<div class=\"elementor-widget-wrap\">\n\t\t\t\t\t\t\t<\/div>\n\t\t<\/div>\n\t\t\t\t<div class=\"elementor-column elementor-col-33 elementor-top-column elementor-element elementor-element-1891fe8\" data-id=\"1891fe8\" data-element_type=\"column\">\n\t\t\t<div class=\"elementor-widget-wrap elementor-element-populated\">\n\t\t\t\t\t\t<div class=\"elementor-element elementor-element-7c85332 elementor-widget elementor-widget-tp-image-factory\" data-id=\"7c85332\" data-element_type=\"widget\" data-widget_type=\"tp-image-factory.default\">\n\t\t\t\t<div class=\"elementor-widget-container\">\n\t\t\t<div id=\"plus69e746e436cd5\" class=\"plus-adv-text-widget plus-widget-wrapper    image-pulse\"  ><div class=\"plus-widget-inner-wrap   \"  ><div id=\"plus69e746e4372a8\" class=\"pt-plus-animated-image-wrapper      image-pulse\" ><div class=\"animated-image-parallax   \" ><div class=\"pt_plus_animated_image bg-image69e746e4372a2 text-center  \"  > <figure class=\"     \"  ><div class=\"vc_single_image-wrapper   \"><img fetchpriority=\"high\" decoding=\"async\" width=\"500\" height=\"500\" src=\"https:\/\/awareproject.eu\/wp-content\/uploads\/2022\/04\/Taste_Roots_Societa_Cooperativa_logo.jpg\" class=\"attachment-full size-full wp-image-1451\" alt=\"Taste_Roots_Societ\u00e0_Cooperativa_logo\" srcset=\"https:\/\/awareproject.eu\/wp-content\/uploads\/2022\/04\/Taste_Roots_Societa_Cooperativa_logo.jpg 500w, https:\/\/awareproject.eu\/wp-content\/uploads\/2022\/04\/Taste_Roots_Societa_Cooperativa_logo-300x300.jpg 300w, https:\/\/awareproject.eu\/wp-content\/uploads\/2022\/04\/Taste_Roots_Societa_Cooperativa_logo-150x150.jpg 150w\" sizes=\"(max-width: 500px) 100vw, 500px\" \/><\/div> <\/figure> <\/div><\/div><\/div><\/div><\/div>\t\t<\/div>\n\t\t\t\t<\/div>\n\t\t\t\t\t<\/div>\n\t\t<\/div>\n\t\t\t\t<div class=\"elementor-column elementor-col-33 elementor-top-column elementor-element elementor-element-fdc3f93\" data-id=\"fdc3f93\" data-element_type=\"column\">\n\t\t\t<div class=\"elementor-widget-wrap\">\n\t\t\t\t\t\t\t<\/div>\n\t\t<\/div>\n\t\t\t\t\t<\/div>\n\t\t<\/section>\n\t\t\t\t<section class=\"elementor-section elementor-top-section elementor-element elementor-element-1b30453 elementor-section-boxed elementor-section-height-default elementor-section-height-default\" data-id=\"1b30453\" data-element_type=\"section\">\n\t\t\t\t\t\t<div class=\"elementor-container elementor-column-gap-default\">\n\t\t\t\t\t<div class=\"elementor-column elementor-col-100 elementor-top-column elementor-element elementor-element-c3e8dc8\" data-id=\"c3e8dc8\" data-element_type=\"column\">\n\t\t\t<div class=\"elementor-widget-wrap elementor-element-populated\">\n\t\t\t\t\t\t<div class=\"elementor-element elementor-element-fd7aa68 elementor-drop-cap-yes elementor-drop-cap-view-default elementor-widget elementor-widget-text-editor\" data-id=\"fd7aa68\" data-element_type=\"widget\" data-settings=\"{&quot;drop_cap&quot;:&quot;yes&quot;}\" data-widget_type=\"text-editor.default\">\n\t\t\t\t<div class=\"elementor-widget-container\">\n\t\t\t<style>\/*! elementor - v3.23.0 - 05-08-2024 *\/\n.elementor-widget-text-editor.elementor-drop-cap-view-stacked .elementor-drop-cap{background-color:#69727d;color:#fff}.elementor-widget-text-editor.elementor-drop-cap-view-framed .elementor-drop-cap{color:#69727d;border:3px solid;background-color:transparent}.elementor-widget-text-editor:not(.elementor-drop-cap-view-default) .elementor-drop-cap{margin-top:8px}.elementor-widget-text-editor:not(.elementor-drop-cap-view-default) .elementor-drop-cap-letter{width:1em;height:1em}.elementor-widget-text-editor .elementor-drop-cap{float:left;text-align:center;line-height:1;font-size:50px}.elementor-widget-text-editor .elementor-drop-cap-letter{display:inline-block}<\/style>\t\t\t\tUpwell development consulting (<a href=\"http:\/\/www.upwell.dev\/www.tasteroots.bio\" target=\"_blank\" rel=\"noopener\"><strong>www.upwell.dev\/www.tasteroots.bio<\/strong><\/a>) je blagovna znamka pod okriljem kooperative Taste Roots, ki se ukvarja z razvojem podjetij v primarnem sektorju (kmetijstvo, ribi\u0161tvo in ribogojstvo), digitalno preobrazbo malih podjetij in trajnostnimi praksami za okoljsko prijazen razvoj obmo\u010dij. Kooperativa zdru\u017euje strokovnjake iz razli\u010dnih podro\u010dij, kot so mednarodno sodelovanje, upravljanje projektov, tr\u017eenje, razvoj IT, veterinarska medicina, gojenje vodnih rastlin in \u017eivali in kmetijstvo.\t\t\t\t\t\t<\/div>\n\t\t\t\t<\/div>\n\t\t\t\t\t<\/div>\n\t\t<\/div>\n\t\t\t\t\t<\/div>\n\t\t<\/section>\n\t\t\t\t<\/div>\n\t\t","protected":false},"excerpt":{"rendered":"<p>Upwell development consulting (www.upwell.dev\/www.tasteroots.bio) je blagovna znamka pod okriljem kooperative Taste Roots, ki se ukvarja z razvojem podjetij v primarnem sektorju (kmetijstvo, ribi\u0161tvo in ribogojstvo),&hellip;<\/p>\n","protected":false},"author":4,"featured_media":0,"parent":3407,"menu_order":0,"comment_status":"closed","ping_status":"closed","template":"","meta":{"footnotes":""},"class_list":["post-4063","page","type-page","status-publish","hentry"],"_links":{"self":[{"href":"https:\/\/awareproject.eu\/sl\/wp-json\/wp\/v2\/pages\/4063","targetHints":{"allow":["GET"]}}],"collection":[{"href":"https:\/\/awareproject.eu\/sl\/wp-json\/wp\/v2\/pages"}],"about":[{"href":"https:\/\/awareproject.eu\/sl\/wp-json\/wp\/v2\/types\/page"}],"author":[{"embeddable":true,"href":"https:\/\/awareproject.eu\/sl\/wp-json\/wp\/v2\/users\/4"}],"replies":[{"embeddable":true,"href":"https:\/\/awareproject.eu\/sl\/wp-json\/wp\/v2\/comments?post=4063"}],"version-history":[{"count":1,"href":"https:\/\/awareproject.eu\/sl\/wp-json\/wp\/v2\/pages\/4063\/revisions"}],"predecessor-version":[{"id":4064,"href":"https:\/\/awareproject.eu\/sl\/wp-json\/wp\/v2\/pages\/4063\/revisions\/4064"}],"up":[{"embeddable":true,"href":"https:\/\/awareproject.eu\/sl\/wp-json\/wp\/v2\/pages\/3407"}],"wp:attachment":[{"href":"https:\/\/awareproject.eu\/sl\/wp-json\/wp\/v2\/media?parent=4063"}],"curies":[{"name":"wp","href":"https:\/\/api.w.org\/{rel}","templated":true}]}}