{"id":4061,"date":"2022-06-28T08:34:42","date_gmt":"2022-06-28T08:34:42","guid":{"rendered":"https:\/\/awareproject.eu\/partners-sl\/ssrd\/"},"modified":"2022-06-28T08:34:42","modified_gmt":"2022-06-28T08:34:42","slug":"ssrd","status":"publish","type":"page","link":"https:\/\/awareproject.eu\/sl\/partners-sl\/ssrd\/","title":{"rendered":"SSRD"},"content":{"rendered":"\t\t<div data-elementor-type=\"wp-page\" data-elementor-id=\"4061\" class=\"elementor elementor-4061 elementor-1019\" data-elementor-post-type=\"page\">\n\t\t\t\t\t\t<section class=\"elementor-section elementor-top-section elementor-element elementor-element-2b98e41 elementor-section-boxed elementor-section-height-default elementor-section-height-default\" data-id=\"2b98e41\" data-element_type=\"section\">\n\t\t\t\t\t\t<div class=\"elementor-container elementor-column-gap-default\">\n\t\t\t\t\t<div class=\"elementor-column elementor-col-33 elementor-top-column elementor-element elementor-element-8afd97e\" data-id=\"8afd97e\" data-element_type=\"column\">\n\t\t\t<div class=\"elementor-widget-wrap\">\n\t\t\t\t\t\t\t<\/div>\n\t\t<\/div>\n\t\t\t\t<div class=\"elementor-column elementor-col-33 elementor-top-column elementor-element elementor-element-ac2f9ae\" data-id=\"ac2f9ae\" data-element_type=\"column\">\n\t\t\t<div class=\"elementor-widget-wrap elementor-element-populated\">\n\t\t\t\t\t\t<div class=\"elementor-element elementor-element-3d3de18 elementor-widget elementor-widget-tp-image-factory\" data-id=\"3d3de18\" data-element_type=\"widget\" data-widget_type=\"tp-image-factory.default\">\n\t\t\t\t<div class=\"elementor-widget-container\">\n\t\t\t<div id=\"plus69f0e27db03c6\" class=\"plus-adv-text-widget plus-widget-wrapper    image-pulse\"  ><div class=\"plus-widget-inner-wrap   \"  ><div id=\"plus69f0e27db07b8\" class=\"pt-plus-animated-image-wrapper      image-pulse\" ><div class=\"animated-image-parallax   \" ><div class=\"pt_plus_animated_image bg-image69f0e27db07b4 text-center  \"  > <figure class=\"     \"  ><div class=\"vc_single_image-wrapper   \"><img fetchpriority=\"high\" decoding=\"async\" width=\"500\" height=\"500\" src=\"https:\/\/awareproject.eu\/wp-content\/uploads\/2022\/03\/ssrd_logo.jpg\" class=\"attachment-full size-full wp-image-801\" alt=\"SSRD\" srcset=\"https:\/\/awareproject.eu\/wp-content\/uploads\/2022\/03\/ssrd_logo.jpg 500w, https:\/\/awareproject.eu\/wp-content\/uploads\/2022\/03\/ssrd_logo-300x300.jpg 300w, https:\/\/awareproject.eu\/wp-content\/uploads\/2022\/03\/ssrd_logo-150x150.jpg 150w\" sizes=\"(max-width: 500px) 100vw, 500px\" \/><\/div> <\/figure> <\/div><\/div><\/div><\/div><\/div>\t\t<\/div>\n\t\t\t\t<\/div>\n\t\t\t\t\t<\/div>\n\t\t<\/div>\n\t\t\t\t<div class=\"elementor-column elementor-col-33 elementor-top-column elementor-element elementor-element-d93d109\" data-id=\"d93d109\" data-element_type=\"column\">\n\t\t\t<div class=\"elementor-widget-wrap\">\n\t\t\t\t\t\t\t<\/div>\n\t\t<\/div>\n\t\t\t\t\t<\/div>\n\t\t<\/section>\n\t\t\t\t<section class=\"elementor-section elementor-top-section elementor-element elementor-element-6410c85 elementor-section-boxed elementor-section-height-default elementor-section-height-default\" data-id=\"6410c85\" data-element_type=\"section\">\n\t\t\t\t\t\t<div class=\"elementor-container elementor-column-gap-default\">\n\t\t\t\t\t<div class=\"elementor-column elementor-col-100 elementor-top-column elementor-element elementor-element-6eac50a\" data-id=\"6eac50a\" data-element_type=\"column\">\n\t\t\t<div class=\"elementor-widget-wrap elementor-element-populated\">\n\t\t\t\t\t\t<div class=\"elementor-element elementor-element-6b162ec elementor-drop-cap-yes elementor-drop-cap-view-default elementor-widget elementor-widget-text-editor\" data-id=\"6b162ec\" data-element_type=\"widget\" data-settings=\"{&quot;drop_cap&quot;:&quot;yes&quot;}\" data-widget_type=\"text-editor.default\">\n\t\t\t\t<div class=\"elementor-widget-container\">\n\t\t\t<style>\/*! elementor - v3.23.0 - 05-08-2024 *\/\n.elementor-widget-text-editor.elementor-drop-cap-view-stacked .elementor-drop-cap{background-color:#69727d;color:#fff}.elementor-widget-text-editor.elementor-drop-cap-view-framed .elementor-drop-cap{color:#69727d;border:3px solid;background-color:transparent}.elementor-widget-text-editor:not(.elementor-drop-cap-view-default) .elementor-drop-cap{margin-top:8px}.elementor-widget-text-editor:not(.elementor-drop-cap-view-default) .elementor-drop-cap-letter{width:1em;height:1em}.elementor-widget-text-editor .elementor-drop-cap{float:left;text-align:center;line-height:1;font-size:50px}.elementor-widget-text-editor .elementor-drop-cap-letter{display:inline-block}<\/style>\t\t\t\tSSRD je podjetje za razvoj programske opreme s sede\u017eem v Mariboru v Sloveniji. Na\u0161a izku\u0161ena ekipa skupaj z vami za\u010detne koncepte in ideje razvije v kon\u010dne produkte. Z upo\u0161tevanjem najvi\u0161jih standardov in usmeritev, smo dosegli proces razvoja programske opreme v kombinaciji z dizajnom na najvi\u0161jem nivoju.\r\n\r\nOd zgodnje faze na\u010drtovanja preko celotnega procesa razvoja kon\u010dnega produkta bomo skupaj z vami izpolnjevali potrebe va\u0161ega projekta ter tako zagotovili, da kon\u010dni rezultat ustreza va\u0161im pri\u010dakovanjem. Specializirani smo za varne blockchain re\u0161itve in te zapletene tehnologije lahko naredimo dostopnej\u0161e s kakovostno uporabni\u0161ko izku\u0161njo.\r\n\r\nZa nas so na\u0161e stranke na\u0161i partnerji in \u017eelimo jim zagotoviti elegantne in varne re\u0161itve ter graditi dolgoro\u010dne odnose z zaupanjem.\r\n\r\nTukaj smo za vas in veselimo se skupnega sodelovanja.\t\t\t\t\t\t<\/div>\n\t\t\t\t<\/div>\n\t\t\t\t\t<\/div>\n\t\t<\/div>\n\t\t\t\t\t<\/div>\n\t\t<\/section>\n\t\t\t\t<\/div>\n\t\t","protected":false},"excerpt":{"rendered":"<p>SSRD je podjetje za razvoj programske opreme s sede\u017eem v Mariboru v Sloveniji. Na\u0161a izku\u0161ena ekipa skupaj z vami za\u010detne koncepte in ideje razvije v&hellip;<\/p>\n","protected":false},"author":4,"featured_media":0,"parent":3407,"menu_order":0,"comment_status":"closed","ping_status":"closed","template":"","meta":{"footnotes":""},"class_list":["post-4061","page","type-page","status-publish","hentry"],"_links":{"self":[{"href":"https:\/\/awareproject.eu\/sl\/wp-json\/wp\/v2\/pages\/4061","targetHints":{"allow":["GET"]}}],"collection":[{"href":"https:\/\/awareproject.eu\/sl\/wp-json\/wp\/v2\/pages"}],"about":[{"href":"https:\/\/awareproject.eu\/sl\/wp-json\/wp\/v2\/types\/page"}],"author":[{"embeddable":true,"href":"https:\/\/awareproject.eu\/sl\/wp-json\/wp\/v2\/users\/4"}],"replies":[{"embeddable":true,"href":"https:\/\/awareproject.eu\/sl\/wp-json\/wp\/v2\/comments?post=4061"}],"version-history":[{"count":1,"href":"https:\/\/awareproject.eu\/sl\/wp-json\/wp\/v2\/pages\/4061\/revisions"}],"predecessor-version":[{"id":4062,"href":"https:\/\/awareproject.eu\/sl\/wp-json\/wp\/v2\/pages\/4061\/revisions\/4062"}],"up":[{"embeddable":true,"href":"https:\/\/awareproject.eu\/sl\/wp-json\/wp\/v2\/pages\/3407"}],"wp:attachment":[{"href":"https:\/\/awareproject.eu\/sl\/wp-json\/wp\/v2\/media?parent=4061"}],"curies":[{"name":"wp","href":"https:\/\/api.w.org\/{rel}","templated":true}]}}