{"id":4059,"date":"2022-06-28T08:34:08","date_gmt":"2022-06-28T08:34:08","guid":{"rendered":"https:\/\/awareproject.eu\/partners-sl\/sosit\/"},"modified":"2022-06-28T08:34:08","modified_gmt":"2022-06-28T08:34:08","slug":"sosit","status":"publish","type":"page","link":"https:\/\/awareproject.eu\/sl\/partners-sl\/sosit\/","title":{"rendered":"SO\u0160IT"},"content":{"rendered":"\t\t<div data-elementor-type=\"wp-page\" data-elementor-id=\"4059\" class=\"elementor elementor-4059 elementor-1160\" data-elementor-post-type=\"page\">\n\t\t\t\t\t\t<section class=\"elementor-section elementor-top-section elementor-element elementor-element-ceb5eae elementor-section-boxed elementor-section-height-default elementor-section-height-default\" data-id=\"ceb5eae\" data-element_type=\"section\">\n\t\t\t\t\t\t<div class=\"elementor-container elementor-column-gap-default\">\n\t\t\t\t\t<div class=\"elementor-column elementor-col-33 elementor-top-column elementor-element elementor-element-b83764e\" data-id=\"b83764e\" data-element_type=\"column\">\n\t\t\t<div class=\"elementor-widget-wrap\">\n\t\t\t\t\t\t\t<\/div>\n\t\t<\/div>\n\t\t\t\t<div class=\"elementor-column elementor-col-33 elementor-top-column elementor-element elementor-element-5c14105\" data-id=\"5c14105\" data-element_type=\"column\">\n\t\t\t<div class=\"elementor-widget-wrap elementor-element-populated\">\n\t\t\t\t\t\t<div class=\"elementor-element elementor-element-5f0c2b7 elementor-widget elementor-widget-tp-image-factory\" data-id=\"5f0c2b7\" data-element_type=\"widget\" data-widget_type=\"tp-image-factory.default\">\n\t\t\t\t<div class=\"elementor-widget-container\">\n\t\t\t<div id=\"plus69e26f1af19cb\" class=\"plus-adv-text-widget plus-widget-wrapper    image-pulse\"  ><div class=\"plus-widget-inner-wrap   \"  ><div id=\"plus69e26f1af1dc4\" class=\"pt-plus-animated-image-wrapper      image-pulse\" ><div class=\"animated-image-parallax   \" ><div class=\"pt_plus_animated_image bg-image69e26f1af1dc1 text-center  \"  > <figure class=\"     \"  ><div class=\"vc_single_image-wrapper   \"><img fetchpriority=\"high\" decoding=\"async\" width=\"500\" height=\"500\" src=\"https:\/\/awareproject.eu\/wp-content\/uploads\/2022\/03\/partners-logo-03.jpg\" class=\"attachment-full size-full wp-image-781\" alt=\"SO\u0160IT\" srcset=\"https:\/\/awareproject.eu\/wp-content\/uploads\/2022\/03\/partners-logo-03.jpg 500w, https:\/\/awareproject.eu\/wp-content\/uploads\/2022\/03\/partners-logo-03-300x300.jpg 300w, https:\/\/awareproject.eu\/wp-content\/uploads\/2022\/03\/partners-logo-03-150x150.jpg 150w\" sizes=\"(max-width: 500px) 100vw, 500px\" \/><\/div> <\/figure> <\/div><\/div><\/div><\/div><\/div>\t\t<\/div>\n\t\t\t\t<\/div>\n\t\t\t\t\t<\/div>\n\t\t<\/div>\n\t\t\t\t<div class=\"elementor-column elementor-col-33 elementor-top-column elementor-element elementor-element-87a9190\" data-id=\"87a9190\" data-element_type=\"column\">\n\t\t\t<div class=\"elementor-widget-wrap\">\n\t\t\t\t\t\t\t<\/div>\n\t\t<\/div>\n\t\t\t\t\t<\/div>\n\t\t<\/section>\n\t\t\t\t<section class=\"elementor-section elementor-top-section elementor-element elementor-element-fb12830 elementor-section-boxed elementor-section-height-default elementor-section-height-default\" data-id=\"fb12830\" data-element_type=\"section\">\n\t\t\t\t\t\t<div class=\"elementor-container elementor-column-gap-default\">\n\t\t\t\t\t<div class=\"elementor-column elementor-col-100 elementor-top-column elementor-element elementor-element-1700682\" data-id=\"1700682\" data-element_type=\"column\">\n\t\t\t<div class=\"elementor-widget-wrap elementor-element-populated\">\n\t\t\t\t\t\t<div class=\"elementor-element elementor-element-f9a1d42 elementor-drop-cap-yes elementor-drop-cap-view-default elementor-widget elementor-widget-text-editor\" data-id=\"f9a1d42\" data-element_type=\"widget\" data-settings=\"{&quot;drop_cap&quot;:&quot;yes&quot;}\" data-widget_type=\"text-editor.default\">\n\t\t\t\t<div class=\"elementor-widget-container\">\n\t\t\t<style>\/*! elementor - v3.23.0 - 05-08-2024 *\/\n.elementor-widget-text-editor.elementor-drop-cap-view-stacked .elementor-drop-cap{background-color:#69727d;color:#fff}.elementor-widget-text-editor.elementor-drop-cap-view-framed .elementor-drop-cap{color:#69727d;border:3px solid;background-color:transparent}.elementor-widget-text-editor:not(.elementor-drop-cap-view-default) .elementor-drop-cap{margin-top:8px}.elementor-widget-text-editor:not(.elementor-drop-cap-view-default) .elementor-drop-cap-letter{width:1em;height:1em}.elementor-widget-text-editor .elementor-drop-cap{float:left;text-align:center;line-height:1;font-size:50px}.elementor-widget-text-editor .elementor-drop-cap-letter{display:inline-block}<\/style>\t\t\t\tNa\u0161a \u0161ola izobra\u017euje mlade predvsem na podro\u010djih informacijske tehnologije, ra\u010dunalni\u0161kih omre\u017eij, programiranja, ra\u010dunalni\u0161ke grafike in informacijske varnosti.\r\n\r\nTrenutno izobra\u017eujemo 672 dijakov na \u0161estih \u0161tudijskih podro\u010djih informacijske tehnologije in s tem znotraj regije zagotavljamo najve\u010d srednje\u0161olskih diplomantov, ki lahko najdejo zaposlitev na podro\u010dju IT.\r\n\r\nVsako leto okoli 150 na\u0161ih dijakov pridobi mednarodne certifikate s podro\u010dij ra\u010dunalni\u0161kih omre\u017eij, programiranja, operacijskih sistemov in tudi kibernetske varnosti.\r\n\r\nHkrati se z uvajanjem novih \u0161tudijskih podro\u010dij na na\u0161i \u0161oli odzivamo na potekajo\u010do digitalno preobrazbo industrije, znano tudi kot industrija 4.0.\r\n\r\nNa\u0161a prednostna naloga je, da dijake \u0161e naprej pripravljamo na delovna mesta s podro\u010dja IT, vendar brez podpore zdru\u017eenj delodajalcev to preprosto ne bo mogo\u010de. Pri tem izobra\u017eevanju je klju\u010dni element strokovna praksa, ki pa mora potekati na delovnih mestih posameznih podjetij. Vsekakor bi pozdravili mo\u017enost sodelovanja v sistemu dualnega izobra\u017eevanja pri usposabljanju teh strokovnjakov z regionalnimi podjetji, ki se ukvarjajo s kibernetsko varnostjo.\r\n\r\nNa podlagi zahtev in v sodelovanju s podjetji bomo \u0161e naprej oblikovali in prilagajali vsebine izobra\u017eevanj glede na aktualne trende na podro\u010dju kibernetske varnosti.\t\t\t\t\t\t<\/div>\n\t\t\t\t<\/div>\n\t\t\t\t\t<\/div>\n\t\t<\/div>\n\t\t\t\t\t<\/div>\n\t\t<\/section>\n\t\t\t\t<\/div>\n\t\t","protected":false},"excerpt":{"rendered":"<p>Na\u0161a \u0161ola izobra\u017euje mlade predvsem na podro\u010djih informacijske tehnologije, ra\u010dunalni\u0161kih omre\u017eij, programiranja, ra\u010dunalni\u0161ke grafike in informacijske varnosti. Trenutno izobra\u017eujemo 672 dijakov na \u0161estih \u0161tudijskih podro\u010djih&hellip;<\/p>\n","protected":false},"author":4,"featured_media":0,"parent":3407,"menu_order":0,"comment_status":"closed","ping_status":"closed","template":"","meta":{"footnotes":""},"class_list":["post-4059","page","type-page","status-publish","hentry"],"_links":{"self":[{"href":"https:\/\/awareproject.eu\/sl\/wp-json\/wp\/v2\/pages\/4059","targetHints":{"allow":["GET"]}}],"collection":[{"href":"https:\/\/awareproject.eu\/sl\/wp-json\/wp\/v2\/pages"}],"about":[{"href":"https:\/\/awareproject.eu\/sl\/wp-json\/wp\/v2\/types\/page"}],"author":[{"embeddable":true,"href":"https:\/\/awareproject.eu\/sl\/wp-json\/wp\/v2\/users\/4"}],"replies":[{"embeddable":true,"href":"https:\/\/awareproject.eu\/sl\/wp-json\/wp\/v2\/comments?post=4059"}],"version-history":[{"count":1,"href":"https:\/\/awareproject.eu\/sl\/wp-json\/wp\/v2\/pages\/4059\/revisions"}],"predecessor-version":[{"id":4060,"href":"https:\/\/awareproject.eu\/sl\/wp-json\/wp\/v2\/pages\/4059\/revisions\/4060"}],"up":[{"embeddable":true,"href":"https:\/\/awareproject.eu\/sl\/wp-json\/wp\/v2\/pages\/3407"}],"wp:attachment":[{"href":"https:\/\/awareproject.eu\/sl\/wp-json\/wp\/v2\/media?parent=4059"}],"curies":[{"name":"wp","href":"https:\/\/api.w.org\/{rel}","templated":true}]}}