{"id":4057,"date":"2022-06-28T08:33:43","date_gmt":"2022-06-28T08:33:43","guid":{"rendered":"https:\/\/awareproject.eu\/partners-sl\/p-consulting\/"},"modified":"2022-06-28T08:33:44","modified_gmt":"2022-06-28T08:33:44","slug":"p-consulting","status":"publish","type":"page","link":"https:\/\/awareproject.eu\/sl\/partners-sl\/p-consulting\/","title":{"rendered":"p-consulting"},"content":{"rendered":"\t\t<div data-elementor-type=\"wp-page\" data-elementor-id=\"4057\" class=\"elementor elementor-4057 elementor-1104\" data-elementor-post-type=\"page\">\n\t\t\t\t\t\t<section class=\"elementor-section elementor-top-section elementor-element elementor-element-01efefe elementor-section-boxed elementor-section-height-default elementor-section-height-default\" data-id=\"01efefe\" data-element_type=\"section\">\n\t\t\t\t\t\t<div class=\"elementor-container elementor-column-gap-default\">\n\t\t\t\t\t<div class=\"elementor-column elementor-col-33 elementor-top-column elementor-element elementor-element-59a8701\" data-id=\"59a8701\" data-element_type=\"column\">\n\t\t\t<div class=\"elementor-widget-wrap\">\n\t\t\t\t\t\t\t<\/div>\n\t\t<\/div>\n\t\t\t\t<div class=\"elementor-column elementor-col-33 elementor-top-column elementor-element elementor-element-281e56e\" data-id=\"281e56e\" data-element_type=\"column\">\n\t\t\t<div class=\"elementor-widget-wrap elementor-element-populated\">\n\t\t\t\t\t\t<div class=\"elementor-element elementor-element-6a96a43 elementor-widget elementor-widget-tp-image-factory\" data-id=\"6a96a43\" data-element_type=\"widget\" data-widget_type=\"tp-image-factory.default\">\n\t\t\t\t<div class=\"elementor-widget-container\">\n\t\t\t<div id=\"plus69f3909719a35\" class=\"plus-adv-text-widget plus-widget-wrapper    image-pulse\"  ><div class=\"plus-widget-inner-wrap   \"  ><div id=\"plus69f3909719d00\" class=\"pt-plus-animated-image-wrapper      image-pulse\" ><div class=\"animated-image-parallax   \" ><div class=\"pt_plus_animated_image bg-image69f3909719cfe text-center  \"  > <figure class=\"     \"  ><div class=\"vc_single_image-wrapper   \"><img fetchpriority=\"high\" decoding=\"async\" width=\"500\" height=\"500\" src=\"https:\/\/awareproject.eu\/wp-content\/uploads\/2022\/03\/partners-logo-07.jpg\" class=\"attachment-full size-full wp-image-1100\" alt=\"p-consulting\" srcset=\"https:\/\/awareproject.eu\/wp-content\/uploads\/2022\/03\/partners-logo-07.jpg 500w, https:\/\/awareproject.eu\/wp-content\/uploads\/2022\/03\/partners-logo-07-300x300.jpg 300w, https:\/\/awareproject.eu\/wp-content\/uploads\/2022\/03\/partners-logo-07-150x150.jpg 150w\" sizes=\"(max-width: 500px) 100vw, 500px\" \/><\/div> <\/figure> <\/div><\/div><\/div><\/div><\/div>\t\t<\/div>\n\t\t\t\t<\/div>\n\t\t\t\t\t<\/div>\n\t\t<\/div>\n\t\t\t\t<div class=\"elementor-column elementor-col-33 elementor-top-column elementor-element elementor-element-5d093a3\" data-id=\"5d093a3\" data-element_type=\"column\">\n\t\t\t<div class=\"elementor-widget-wrap\">\n\t\t\t\t\t\t\t<\/div>\n\t\t<\/div>\n\t\t\t\t\t<\/div>\n\t\t<\/section>\n\t\t\t\t<section class=\"elementor-section elementor-top-section elementor-element elementor-element-9408854 elementor-section-boxed elementor-section-height-default elementor-section-height-default\" data-id=\"9408854\" data-element_type=\"section\">\n\t\t\t\t\t\t<div class=\"elementor-container elementor-column-gap-default\">\n\t\t\t\t\t<div class=\"elementor-column elementor-col-100 elementor-top-column elementor-element elementor-element-f129e07\" data-id=\"f129e07\" data-element_type=\"column\">\n\t\t\t<div class=\"elementor-widget-wrap elementor-element-populated\">\n\t\t\t\t\t\t<div class=\"elementor-element elementor-element-c2bbf72 elementor-drop-cap-yes elementor-drop-cap-view-default elementor-widget elementor-widget-text-editor\" data-id=\"c2bbf72\" data-element_type=\"widget\" data-settings=\"{&quot;drop_cap&quot;:&quot;yes&quot;}\" data-widget_type=\"text-editor.default\">\n\t\t\t\t<div class=\"elementor-widget-container\">\n\t\t\t<style>\/*! elementor - v3.23.0 - 05-08-2024 *\/\n.elementor-widget-text-editor.elementor-drop-cap-view-stacked .elementor-drop-cap{background-color:#69727d;color:#fff}.elementor-widget-text-editor.elementor-drop-cap-view-framed .elementor-drop-cap{color:#69727d;border:3px solid;background-color:transparent}.elementor-widget-text-editor:not(.elementor-drop-cap-view-default) .elementor-drop-cap{margin-top:8px}.elementor-widget-text-editor:not(.elementor-drop-cap-view-default) .elementor-drop-cap-letter{width:1em;height:1em}.elementor-widget-text-editor .elementor-drop-cap{float:left;text-align:center;line-height:1;font-size:50px}.elementor-widget-text-editor .elementor-drop-cap-letter{display:inline-block}<\/style>\t\t\t\tp-consulting.gr je svetovalna agencija za IT in usposabljanje, ki se osredoto\u010da na spletni razvoj, digitalno preobrazbo in poslovno svetovanje. Podjetje sodeluje s \u0161olami, ustanovami za poklicno izobra\u017eevanje in usposabljanje, organizacijami za usposabljanje, zbornicami in drugimi organizacijami v Gr\u010diji in EU.\r\n\r\nNjihov glavni cilj je digitalna preobrazba podjetij in organizacij preko inovativne uporabe obstoje\u010dih orodij, kar zagotavlja hiter, trajnosten in u\u010dinkovit proces. p-consulting.gr zdru\u017euje storitve usposabljanja in IT preko osredoto\u010danja na digitalno interaktivno usposabljanje z razvojem in ustvarjanjem spletnih te\u010dajev, izobra\u017eevalnih iger, orodij za igrifikacijo, spletnih in mobilnih aplikacij z uporabo novih in inovativnih tehnologij ob popolnem upo\u0161tevanju WCAG2.0 (protokoli dostopnosti). Zasnova vseh orodij temelji na nagrajenem orodju za interaktivno uporabni\u0161ko izku\u0161njo (OS) Univerze v Patrasu.\r\n\r\nAgencija je bila ustanovljena leta 2012 v Patrasu v Gr\u010diji. Do danes so izpeljali petindvajset evropskih projektov, ve\u010d sto nacionalnih projektov ter imajo ve\u010d kot 250 strank na podro\u010dju IT in poslovne podpore. Podjetje je prejelo \u0161tiri nagrade EU za najbolj\u0161e prakse, tri nagrade v Gr\u010diji in eno v Litvi.\t\t\t\t\t\t<\/div>\n\t\t\t\t<\/div>\n\t\t\t\t\t<\/div>\n\t\t<\/div>\n\t\t\t\t\t<\/div>\n\t\t<\/section>\n\t\t\t\t<\/div>\n\t\t","protected":false},"excerpt":{"rendered":"<p>p-consulting.gr je svetovalna agencija za IT in usposabljanje, ki se osredoto\u010da na spletni razvoj, digitalno preobrazbo in poslovno svetovanje. Podjetje sodeluje s \u0161olami, ustanovami za&hellip;<\/p>\n","protected":false},"author":4,"featured_media":0,"parent":3407,"menu_order":0,"comment_status":"closed","ping_status":"closed","template":"","meta":{"footnotes":""},"class_list":["post-4057","page","type-page","status-publish","hentry"],"_links":{"self":[{"href":"https:\/\/awareproject.eu\/sl\/wp-json\/wp\/v2\/pages\/4057","targetHints":{"allow":["GET"]}}],"collection":[{"href":"https:\/\/awareproject.eu\/sl\/wp-json\/wp\/v2\/pages"}],"about":[{"href":"https:\/\/awareproject.eu\/sl\/wp-json\/wp\/v2\/types\/page"}],"author":[{"embeddable":true,"href":"https:\/\/awareproject.eu\/sl\/wp-json\/wp\/v2\/users\/4"}],"replies":[{"embeddable":true,"href":"https:\/\/awareproject.eu\/sl\/wp-json\/wp\/v2\/comments?post=4057"}],"version-history":[{"count":1,"href":"https:\/\/awareproject.eu\/sl\/wp-json\/wp\/v2\/pages\/4057\/revisions"}],"predecessor-version":[{"id":4058,"href":"https:\/\/awareproject.eu\/sl\/wp-json\/wp\/v2\/pages\/4057\/revisions\/4058"}],"up":[{"embeddable":true,"href":"https:\/\/awareproject.eu\/sl\/wp-json\/wp\/v2\/pages\/3407"}],"wp:attachment":[{"href":"https:\/\/awareproject.eu\/sl\/wp-json\/wp\/v2\/media?parent=4057"}],"curies":[{"name":"wp","href":"https:\/\/api.w.org\/{rel}","templated":true}]}}