{"id":4055,"date":"2022-06-28T08:33:05","date_gmt":"2022-06-28T08:33:05","guid":{"rendered":"https:\/\/awareproject.eu\/partners-sl\/nefinia\/"},"modified":"2022-06-28T08:33:06","modified_gmt":"2022-06-28T08:33:06","slug":"nefinia","status":"publish","type":"page","link":"https:\/\/awareproject.eu\/sl\/partners-sl\/nefinia\/","title":{"rendered":"Nefinia"},"content":{"rendered":"\t\t<div data-elementor-type=\"wp-page\" data-elementor-id=\"4055\" class=\"elementor elementor-4055 elementor-1439\" data-elementor-post-type=\"page\">\n\t\t\t\t\t\t<section class=\"elementor-section elementor-top-section elementor-element elementor-element-5fa09b7 elementor-section-boxed elementor-section-height-default elementor-section-height-default\" data-id=\"5fa09b7\" data-element_type=\"section\">\n\t\t\t\t\t\t<div class=\"elementor-container elementor-column-gap-default\">\n\t\t\t\t\t<div class=\"elementor-column elementor-col-33 elementor-top-column elementor-element elementor-element-ea8e584\" data-id=\"ea8e584\" data-element_type=\"column\">\n\t\t\t<div class=\"elementor-widget-wrap\">\n\t\t\t\t\t\t\t<\/div>\n\t\t<\/div>\n\t\t\t\t<div class=\"elementor-column elementor-col-33 elementor-top-column elementor-element elementor-element-96acbe4\" data-id=\"96acbe4\" data-element_type=\"column\">\n\t\t\t<div class=\"elementor-widget-wrap elementor-element-populated\">\n\t\t\t\t\t\t<div class=\"elementor-element elementor-element-479e667 elementor-widget elementor-widget-tp-image-factory\" data-id=\"479e667\" data-element_type=\"widget\" data-widget_type=\"tp-image-factory.default\">\n\t\t\t\t<div class=\"elementor-widget-container\">\n\t\t\t<div id=\"plus69e4da38c5a7f\" class=\"plus-adv-text-widget plus-widget-wrapper    image-pulse\"  ><div class=\"plus-widget-inner-wrap   \"  ><div id=\"plus69e4da38c5dde\" class=\"pt-plus-animated-image-wrapper      image-pulse\" ><div class=\"animated-image-parallax   \" ><div class=\"pt_plus_animated_image bg-image69e4da38c5ddb text-center  \"  > <figure class=\"     \"  ><div class=\"vc_single_image-wrapper   \"><img fetchpriority=\"high\" decoding=\"async\" width=\"500\" height=\"500\" src=\"https:\/\/awareproject.eu\/wp-content\/uploads\/2022\/04\/nefinia_500x500.jpg\" class=\"attachment-full size-full wp-image-1432\" alt=\"Nefinia\" srcset=\"https:\/\/awareproject.eu\/wp-content\/uploads\/2022\/04\/nefinia_500x500.jpg 500w, https:\/\/awareproject.eu\/wp-content\/uploads\/2022\/04\/nefinia_500x500-300x300.jpg 300w, https:\/\/awareproject.eu\/wp-content\/uploads\/2022\/04\/nefinia_500x500-150x150.jpg 150w\" sizes=\"(max-width: 500px) 100vw, 500px\" \/><\/div> <\/figure> <\/div><\/div><\/div><\/div><\/div>\t\t<\/div>\n\t\t\t\t<\/div>\n\t\t\t\t\t<\/div>\n\t\t<\/div>\n\t\t\t\t<div class=\"elementor-column elementor-col-33 elementor-top-column elementor-element elementor-element-3e1bcbd\" data-id=\"3e1bcbd\" data-element_type=\"column\">\n\t\t\t<div class=\"elementor-widget-wrap\">\n\t\t\t\t\t\t\t<\/div>\n\t\t<\/div>\n\t\t\t\t\t<\/div>\n\t\t<\/section>\n\t\t\t\t<section class=\"elementor-section elementor-top-section elementor-element elementor-element-73d105e elementor-section-boxed elementor-section-height-default elementor-section-height-default\" data-id=\"73d105e\" data-element_type=\"section\">\n\t\t\t\t\t\t<div class=\"elementor-container elementor-column-gap-default\">\n\t\t\t\t\t<div class=\"elementor-column elementor-col-100 elementor-top-column elementor-element elementor-element-2e68294\" data-id=\"2e68294\" data-element_type=\"column\">\n\t\t\t<div class=\"elementor-widget-wrap elementor-element-populated\">\n\t\t\t\t\t\t<div class=\"elementor-element elementor-element-32d30b7 elementor-drop-cap-yes elementor-drop-cap-view-default elementor-widget elementor-widget-text-editor\" data-id=\"32d30b7\" data-element_type=\"widget\" data-settings=\"{&quot;drop_cap&quot;:&quot;yes&quot;}\" data-widget_type=\"text-editor.default\">\n\t\t\t\t<div class=\"elementor-widget-container\">\n\t\t\t<style>\/*! elementor - v3.23.0 - 05-08-2024 *\/\n.elementor-widget-text-editor.elementor-drop-cap-view-stacked .elementor-drop-cap{background-color:#69727d;color:#fff}.elementor-widget-text-editor.elementor-drop-cap-view-framed .elementor-drop-cap{color:#69727d;border:3px solid;background-color:transparent}.elementor-widget-text-editor:not(.elementor-drop-cap-view-default) .elementor-drop-cap{margin-top:8px}.elementor-widget-text-editor:not(.elementor-drop-cap-view-default) .elementor-drop-cap-letter{width:1em;height:1em}.elementor-widget-text-editor .elementor-drop-cap{float:left;text-align:center;line-height:1;font-size:50px}.elementor-widget-text-editor .elementor-drop-cap-letter{display:inline-block}<\/style>\t\t\t\tNEFINIA je nizozemsko inovativno svetovalno podjetje, ustanovljeno leta 2007, ki nenehno ponuja vse ve\u010djo paleto izdelkov z dodano vrednostjo, storitev, re\u0161itev, najbolj\u0161ih praks, razvoja komercialnega poslovanja, spodbujanja podjetni\u0161tva za vse. Cilj podjetja je slu\u017eiti kot najbolj\u0161i primer gradnje institucije od spodaj navzgor (bottom up) za povezovanje in integracijo v EU in za regionalno konkuren\u010dnost, pri \u010demer ima klju\u010dno vlogo pri izvajanju uredb in direktiv EU preko sodelovanja z mre\u017eami in projekti, ki jih financira EU na medregionalni ravni. Glavni cilj predstavlja vklju\u010devanje priporo\u010dil iz projektov EU v nacionalne in regionalne politike.\t\t\t\t\t\t<\/div>\n\t\t\t\t<\/div>\n\t\t\t\t\t<\/div>\n\t\t<\/div>\n\t\t\t\t\t<\/div>\n\t\t<\/section>\n\t\t\t\t<\/div>\n\t\t","protected":false},"excerpt":{"rendered":"<p>NEFINIA je nizozemsko inovativno svetovalno podjetje, ustanovljeno leta 2007, ki nenehno ponuja vse ve\u010djo paleto izdelkov z dodano vrednostjo, storitev, re\u0161itev, najbolj\u0161ih praks, razvoja komercialnega&hellip;<\/p>\n","protected":false},"author":4,"featured_media":0,"parent":3407,"menu_order":0,"comment_status":"closed","ping_status":"closed","template":"","meta":{"footnotes":""},"class_list":["post-4055","page","type-page","status-publish","hentry"],"_links":{"self":[{"href":"https:\/\/awareproject.eu\/sl\/wp-json\/wp\/v2\/pages\/4055","targetHints":{"allow":["GET"]}}],"collection":[{"href":"https:\/\/awareproject.eu\/sl\/wp-json\/wp\/v2\/pages"}],"about":[{"href":"https:\/\/awareproject.eu\/sl\/wp-json\/wp\/v2\/types\/page"}],"author":[{"embeddable":true,"href":"https:\/\/awareproject.eu\/sl\/wp-json\/wp\/v2\/users\/4"}],"replies":[{"embeddable":true,"href":"https:\/\/awareproject.eu\/sl\/wp-json\/wp\/v2\/comments?post=4055"}],"version-history":[{"count":1,"href":"https:\/\/awareproject.eu\/sl\/wp-json\/wp\/v2\/pages\/4055\/revisions"}],"predecessor-version":[{"id":4056,"href":"https:\/\/awareproject.eu\/sl\/wp-json\/wp\/v2\/pages\/4055\/revisions\/4056"}],"up":[{"embeddable":true,"href":"https:\/\/awareproject.eu\/sl\/wp-json\/wp\/v2\/pages\/3407"}],"wp:attachment":[{"href":"https:\/\/awareproject.eu\/sl\/wp-json\/wp\/v2\/media?parent=4055"}],"curies":[{"name":"wp","href":"https:\/\/api.w.org\/{rel}","templated":true}]}}