{"id":3971,"date":"2022-06-28T07:58:40","date_gmt":"2022-06-28T07:58:40","guid":{"rendered":"https:\/\/awareproject.eu\/partners-sl\/eurosuccess\/"},"modified":"2022-06-28T07:58:41","modified_gmt":"2022-06-28T07:58:41","slug":"eurosuccess","status":"publish","type":"page","link":"https:\/\/awareproject.eu\/sl\/partners-sl\/eurosuccess\/","title":{"rendered":"Eurosuccess"},"content":{"rendered":"\t\t<div data-elementor-type=\"wp-page\" data-elementor-id=\"3971\" class=\"elementor elementor-3971 elementor-1311\" data-elementor-post-type=\"page\">\n\t\t\t\t\t\t<section class=\"elementor-section elementor-top-section elementor-element elementor-element-09125cc elementor-section-boxed elementor-section-height-default elementor-section-height-default\" data-id=\"09125cc\" data-element_type=\"section\">\n\t\t\t\t\t\t<div class=\"elementor-container elementor-column-gap-default\">\n\t\t\t\t\t<div class=\"elementor-column elementor-col-33 elementor-top-column elementor-element elementor-element-da82436\" data-id=\"da82436\" data-element_type=\"column\">\n\t\t\t<div class=\"elementor-widget-wrap\">\n\t\t\t\t\t\t\t<\/div>\n\t\t<\/div>\n\t\t\t\t<div class=\"elementor-column elementor-col-33 elementor-top-column elementor-element elementor-element-7f21bf5\" data-id=\"7f21bf5\" data-element_type=\"column\">\n\t\t\t<div class=\"elementor-widget-wrap elementor-element-populated\">\n\t\t\t\t\t\t<div class=\"elementor-element elementor-element-faf08cb elementor-widget elementor-widget-tp-image-factory\" data-id=\"faf08cb\" data-element_type=\"widget\" data-widget_type=\"tp-image-factory.default\">\n\t\t\t\t<div class=\"elementor-widget-container\">\n\t\t\t<div id=\"plus69e7460534fd5\" class=\"plus-adv-text-widget plus-widget-wrapper    image-pulse\"  ><div class=\"plus-widget-inner-wrap   \"  ><div id=\"plus69e74605354b6\" class=\"pt-plus-animated-image-wrapper      image-pulse\" ><div class=\"animated-image-parallax   \" ><div class=\"pt_plus_animated_image bg-image69e74605354b2 text-center  \"  > <figure class=\"     \"  ><div class=\"vc_single_image-wrapper   \"><img fetchpriority=\"high\" decoding=\"async\" width=\"500\" height=\"500\" src=\"https:\/\/awareproject.eu\/wp-content\/uploads\/2022\/03\/partners-logo-05.jpg\" class=\"attachment-full size-full wp-image-783\" alt=\"Print\" srcset=\"https:\/\/awareproject.eu\/wp-content\/uploads\/2022\/03\/partners-logo-05.jpg 500w, https:\/\/awareproject.eu\/wp-content\/uploads\/2022\/03\/partners-logo-05-300x300.jpg 300w, https:\/\/awareproject.eu\/wp-content\/uploads\/2022\/03\/partners-logo-05-150x150.jpg 150w\" sizes=\"(max-width: 500px) 100vw, 500px\" \/><\/div> <\/figure> <\/div><\/div><\/div><\/div><\/div>\t\t<\/div>\n\t\t\t\t<\/div>\n\t\t\t\t\t<\/div>\n\t\t<\/div>\n\t\t\t\t<div class=\"elementor-column elementor-col-33 elementor-top-column elementor-element elementor-element-4ba1079\" data-id=\"4ba1079\" data-element_type=\"column\">\n\t\t\t<div class=\"elementor-widget-wrap\">\n\t\t\t\t\t\t\t<\/div>\n\t\t<\/div>\n\t\t\t\t\t<\/div>\n\t\t<\/section>\n\t\t\t\t<section class=\"elementor-section elementor-top-section elementor-element elementor-element-b372650 elementor-section-boxed elementor-section-height-default elementor-section-height-default\" data-id=\"b372650\" data-element_type=\"section\">\n\t\t\t\t\t\t<div class=\"elementor-container elementor-column-gap-default\">\n\t\t\t\t\t<div class=\"elementor-column elementor-col-100 elementor-top-column elementor-element elementor-element-96e96ab\" data-id=\"96e96ab\" data-element_type=\"column\">\n\t\t\t<div class=\"elementor-widget-wrap elementor-element-populated\">\n\t\t\t\t\t\t<div class=\"elementor-element elementor-element-cdd1f5d elementor-drop-cap-yes elementor-drop-cap-view-default elementor-widget elementor-widget-text-editor\" data-id=\"cdd1f5d\" data-element_type=\"widget\" data-settings=\"{&quot;drop_cap&quot;:&quot;yes&quot;}\" data-widget_type=\"text-editor.default\">\n\t\t\t\t<div class=\"elementor-widget-container\">\n\t\t\t<style>\/*! elementor - v3.23.0 - 05-08-2024 *\/\n.elementor-widget-text-editor.elementor-drop-cap-view-stacked .elementor-drop-cap{background-color:#69727d;color:#fff}.elementor-widget-text-editor.elementor-drop-cap-view-framed .elementor-drop-cap{color:#69727d;border:3px solid;background-color:transparent}.elementor-widget-text-editor:not(.elementor-drop-cap-view-default) .elementor-drop-cap{margin-top:8px}.elementor-widget-text-editor:not(.elementor-drop-cap-view-default) .elementor-drop-cap-letter{width:1em;height:1em}.elementor-widget-text-editor .elementor-drop-cap{float:left;text-align:center;line-height:1;font-size:50px}.elementor-widget-text-editor .elementor-drop-cap-letter{display:inline-block}<\/style>\t\t\t\tPodjetje Eurosuccess Consulting je bilo ustanovljeno leta 2009. Glavni cilj podjetja Eurosuccess Consulting je obve\u0161\u010danje in podpora predvsem posameznikom in podjetjem pri \u010drpanju sredstev iz evropskih in nacionalnih skladov. Z uporabo razli\u010dnih mo\u017enosti financiranja uspe\u0161no oblikujejo, razvijajo in uresni\u010dujejo svoje strate\u0161ke cilje ter tako izpolnjujejo svoje operativne potrebe.\r\n\r\nPoleg tega na\u0161a organizacija kot koordinator in partner sodeluje v ve\u010d projektih v okviru razli\u010dnih evropskih programov in pobud, kot so vse\u017eivljenjsko u\u010denje, ERASMUS + in Pravosodje. Hkrati je eden od organov za ocenjevanje predlogov, vlo\u017eenih v okviru razli\u010dnih programov EU.\r\n\r\nNa podro\u010dju vodenja projektov ima Eurosuccess Consulting bogate izku\u0161nje z razvojem gradiv, orodij in metodologij za razli\u010dne spretnosti\/kompetence (vklju\u010dno z orodji IKT za ocenjevanje in usposabljanje ter okolji za e-u\u010denje) za razli\u010dne skupine, kot so otroci, mladi, odrasli, podjetniki, direktorji podjetij in zaposleni, ranljive dru\u017ebene skupine, kot so ljudje iz skupine NEET, zaporniki in biv\u0161i zaporniki ter drugi.\r\n\r\nPoleg tega je Eurosuccess Consulting \u010dlan Evropskega foruma tehni\u0161kega in poklicnega izobra\u017eevanja in usposabljanja (EfVET), Mednarodnega trgovinskega sveta, Evropskega zdru\u017eenja za izobra\u017eevanje v zaporih (EPEA), Evropske mre\u017ee politik za klju\u010dne kompetence v \u0161olskem izobra\u017eevanju (KeyCoNet Network), Evropske mre\u017ee inovacij za vklju\u010devanje, Evropske zveze za vajeni\u0161tvo, Evropske delovne skupine svetovalcev za inovacije, Ciprske trgovinske in industrijske zbornice (CCCI), Ciprske zveze delodajalcev in industrialcev (OEB) ter Trgovinske in industrijske zbornice Nikozije (NCCI).\r\n\r\nNa podlagi zgoraj navedenih izku\u0161enj, znanja in zmo\u017enosti ter vzpostavljene mre\u017ee s partnerskimi organizacijami in strokovnjaki na Cipru in v tujini, lahko podjetje Eurosuccess Consulting podpre vsa prizadevanja, ki so potrebna za razvoj uspe\u0161nih predlogov in s tem dejavnosti za izvajanje projektov.\r\n\r\nPoleg tega je Eurosuccess Consulting poobla\u0161\u010deni center za poklicno izobra\u017eevanje in usposabljanje pri ciprskem organu za razvoj \u010dlove\u0161kih virov (Human Resource Development Authority of Cyprus), ki je ustrezen javni organ na podro\u010dju usposabljanja in izobra\u017eevanja. Izpolnjuje tudi\u00a0 standard kakovosti ISO 9001:2015.\t\t\t\t\t\t<\/div>\n\t\t\t\t<\/div>\n\t\t\t\t\t<\/div>\n\t\t<\/div>\n\t\t\t\t\t<\/div>\n\t\t<\/section>\n\t\t\t\t<\/div>\n\t\t","protected":false},"excerpt":{"rendered":"<p>Podjetje Eurosuccess Consulting je bilo ustanovljeno leta 2009. Glavni cilj podjetja Eurosuccess Consulting je obve\u0161\u010danje in podpora predvsem posameznikom in podjetjem pri \u010drpanju sredstev iz&hellip;<\/p>\n","protected":false},"author":4,"featured_media":0,"parent":3407,"menu_order":0,"comment_status":"closed","ping_status":"closed","template":"","meta":{"footnotes":""},"class_list":["post-3971","page","type-page","status-publish","hentry"],"_links":{"self":[{"href":"https:\/\/awareproject.eu\/sl\/wp-json\/wp\/v2\/pages\/3971","targetHints":{"allow":["GET"]}}],"collection":[{"href":"https:\/\/awareproject.eu\/sl\/wp-json\/wp\/v2\/pages"}],"about":[{"href":"https:\/\/awareproject.eu\/sl\/wp-json\/wp\/v2\/types\/page"}],"author":[{"embeddable":true,"href":"https:\/\/awareproject.eu\/sl\/wp-json\/wp\/v2\/users\/4"}],"replies":[{"embeddable":true,"href":"https:\/\/awareproject.eu\/sl\/wp-json\/wp\/v2\/comments?post=3971"}],"version-history":[{"count":1,"href":"https:\/\/awareproject.eu\/sl\/wp-json\/wp\/v2\/pages\/3971\/revisions"}],"predecessor-version":[{"id":3980,"href":"https:\/\/awareproject.eu\/sl\/wp-json\/wp\/v2\/pages\/3971\/revisions\/3980"}],"up":[{"embeddable":true,"href":"https:\/\/awareproject.eu\/sl\/wp-json\/wp\/v2\/pages\/3407"}],"wp:attachment":[{"href":"https:\/\/awareproject.eu\/sl\/wp-json\/wp\/v2\/media?parent=3971"}],"curies":[{"name":"wp","href":"https:\/\/api.w.org\/{rel}","templated":true}]}}