{"id":3339,"date":"2022-06-27T09:07:50","date_gmt":"2022-06-27T09:07:50","guid":{"rendered":"https:\/\/awareproject.eu\/o-projektu\/"},"modified":"2022-06-27T09:07:51","modified_gmt":"2022-06-27T09:07:51","slug":"o-projektu","status":"publish","type":"page","link":"https:\/\/awareproject.eu\/sl\/o-projektu\/","title":{"rendered":"O projektu"},"content":{"rendered":"\t\t<div data-elementor-type=\"wp-page\" data-elementor-id=\"3339\" class=\"elementor elementor-3339 elementor-673\" data-elementor-post-type=\"page\">\n\t\t\t\t\t\t<section class=\"elementor-section elementor-top-section elementor-element elementor-element-f24e38b elementor-section-boxed elementor-section-height-default elementor-section-height-default\" data-id=\"f24e38b\" data-element_type=\"section\">\n\t\t\t\t\t\t<div class=\"elementor-container elementor-column-gap-default\">\n\t\t\t\t\t<div class=\"elementor-column elementor-col-100 elementor-top-column elementor-element elementor-element-e3dd03a\" data-id=\"e3dd03a\" data-element_type=\"column\">\n\t\t\t<div class=\"elementor-widget-wrap elementor-element-populated\">\n\t\t\t\t\t\t<div class=\"elementor-element elementor-element-01f88ef elementor-widget elementor-widget-heading\" data-id=\"01f88ef\" data-element_type=\"widget\" data-widget_type=\"heading.default\">\n\t\t\t\t<div class=\"elementor-widget-container\">\n\t\t\t<style>\/*! elementor - v3.23.0 - 05-08-2024 *\/\n.elementor-heading-title{padding:0;margin:0;line-height:1}.elementor-widget-heading .elementor-heading-title[class*=elementor-size-]>a{color:inherit;font-size:inherit;line-height:inherit}.elementor-widget-heading .elementor-heading-title.elementor-size-small{font-size:15px}.elementor-widget-heading .elementor-heading-title.elementor-size-medium{font-size:19px}.elementor-widget-heading .elementor-heading-title.elementor-size-large{font-size:29px}.elementor-widget-heading .elementor-heading-title.elementor-size-xl{font-size:39px}.elementor-widget-heading .elementor-heading-title.elementor-size-xxl{font-size:59px}<\/style><h1 class=\"elementor-heading-title elementor-size-default\">Projekt AWARE<\/h1>\t\t<\/div>\n\t\t\t\t<\/div>\n\t\t\t\t<div class=\"elementor-element elementor-element-0efe447 elementor-widget elementor-widget-heading\" data-id=\"0efe447\" data-element_type=\"widget\" data-widget_type=\"heading.default\">\n\t\t\t\t<div class=\"elementor-widget-container\">\n\t\t\t<h2 class=\"elementor-heading-title elementor-size-default\">zavedanje (AWAREness) o kibernetski varnosti v sektorju poklicnega izobra\u017eevanja in usposabljanja<\/h2>\t\t<\/div>\n\t\t\t\t<\/div>\n\t\t\t\t<div class=\"elementor-element elementor-element-599ec6f elementor-widget elementor-widget-image\" data-id=\"599ec6f\" data-element_type=\"widget\" data-widget_type=\"image.default\">\n\t\t\t\t<div class=\"elementor-widget-container\">\n\t\t\t<style>\/*! elementor - v3.23.0 - 05-08-2024 *\/\n.elementor-widget-image{text-align:center}.elementor-widget-image a{display:inline-block}.elementor-widget-image a img[src$=\".svg\"]{width:48px}.elementor-widget-image img{vertical-align:middle;display:inline-block}<\/style>\t\t\t\t\t\t\t\t\t\t<img fetchpriority=\"high\" decoding=\"async\" width=\"800\" height=\"527\" src=\"https:\/\/awareproject.eu\/wp-content\/uploads\/2022\/03\/cyber-security-banner@2.png\" class=\"attachment-full size-full wp-image-2498\" alt=\"Aware project\" srcset=\"https:\/\/awareproject.eu\/wp-content\/uploads\/2022\/03\/cyber-security-banner@2.png 800w, https:\/\/awareproject.eu\/wp-content\/uploads\/2022\/03\/cyber-security-banner@2-300x198.png 300w, https:\/\/awareproject.eu\/wp-content\/uploads\/2022\/03\/cyber-security-banner@2-768x506.png 768w, https:\/\/awareproject.eu\/wp-content\/uploads\/2022\/03\/cyber-security-banner@2-624x411.png 624w\" sizes=\"(max-width: 800px) 100vw, 800px\" \/>\t\t\t\t\t\t\t\t\t\t\t\t\t<\/div>\n\t\t\t\t<\/div>\n\t\t\t\t<div class=\"elementor-element elementor-element-b20efff elementor-widget elementor-widget-text-editor\" data-id=\"b20efff\" data-element_type=\"widget\" data-widget_type=\"text-editor.default\">\n\t\t\t\t<div class=\"elementor-widget-container\">\n\t\t\t<style>\/*! elementor - v3.23.0 - 05-08-2024 *\/\n.elementor-widget-text-editor.elementor-drop-cap-view-stacked .elementor-drop-cap{background-color:#69727d;color:#fff}.elementor-widget-text-editor.elementor-drop-cap-view-framed .elementor-drop-cap{color:#69727d;border:3px solid;background-color:transparent}.elementor-widget-text-editor:not(.elementor-drop-cap-view-default) .elementor-drop-cap{margin-top:8px}.elementor-widget-text-editor:not(.elementor-drop-cap-view-default) .elementor-drop-cap-letter{width:1em;height:1em}.elementor-widget-text-editor .elementor-drop-cap{float:left;text-align:center;line-height:1;font-size:50px}.elementor-widget-text-editor .elementor-drop-cap-letter{display:inline-block}<\/style>\t\t\t\tKibernetski napadi na mikro, mala in srednje velika podjetja (MSP) so v porastu, saj ta predstavljajo lahko tar\u010do. Ker MSP-ji predstavljajo 99.8% vseh podjetij v EU, so in bodo tudi v prihodnosti zaposlovale dana\u0161nje \u0161tudente poklicnega izobra\u017eevanja in usposabljanja.\r\nPoleg navedenega, veliko podjetij meni, da mladi, ki so do\u0161tudirali, niso pripravljeni na delo v podjetjih. Zaradi globalnega pomanjkanja strokovnega kadra so podjetja in organizacije izpostavljene tveganju, ki pa se zaradi pomanjkanja zavedanja problematike med prebivalstvom, prena\u0161a tudi na vsakega od nas.\r\nZaradi navedenih razlogov je nujno nasloviti tovrstno problematiko.\t\t\t\t\t\t<\/div>\n\t\t\t\t<\/div>\n\t\t\t\t<section class=\"elementor-section elementor-inner-section elementor-element elementor-element-f329677 elementor-section-boxed elementor-section-height-default elementor-section-height-default\" data-id=\"f329677\" data-element_type=\"section\">\n\t\t\t\t\t\t<div class=\"elementor-container elementor-column-gap-default\">\n\t\t\t\t\t<div class=\"elementor-column elementor-col-50 elementor-inner-column elementor-element elementor-element-94504df\" data-id=\"94504df\" data-element_type=\"column\">\n\t\t\t<div class=\"elementor-widget-wrap elementor-element-populated\">\n\t\t\t\t\t\t<div class=\"elementor-element elementor-element-217b892 elementor-widget elementor-widget-text-editor\" data-id=\"217b892\" data-element_type=\"widget\" data-widget_type=\"text-editor.default\">\n\t\t\t\t<div class=\"elementor-widget-container\">\n\t\t\t\t\t\t\t<h2>NAMEN<\/h2>\r\nNamen projekta AWARE je razviti didakti\u010dne pristope in metodologije ter u\u010dne na\u010drte za razvoj zavedanja o kibernetski varnosti in za razvoj tovrstnih kompetenc, prioritetno za sektor poklicnega izobra\u017eevanja in usposabljanja.\t\t\t\t\t\t<\/div>\n\t\t\t\t<\/div>\n\t\t\t\t\t<\/div>\n\t\t<\/div>\n\t\t\t\t<div class=\"elementor-column elementor-col-50 elementor-inner-column elementor-element elementor-element-41db909\" data-id=\"41db909\" data-element_type=\"column\">\n\t\t\t<div class=\"elementor-widget-wrap elementor-element-populated\">\n\t\t\t\t\t\t<div class=\"elementor-element elementor-element-2c6c783 elementor-widget elementor-widget-image\" data-id=\"2c6c783\" data-element_type=\"widget\" data-widget_type=\"image.default\">\n\t\t\t\t<div class=\"elementor-widget-container\">\n\t\t\t\t\t\t\t\t\t\t\t\t\t<img decoding=\"async\" width=\"1107\" height=\"800\" src=\"https:\/\/awareproject.eu\/wp-content\/uploads\/2022\/03\/aims-banner@2.png\" class=\"attachment-full size-full wp-image-2504\" alt=\"project aware - aims\" srcset=\"https:\/\/awareproject.eu\/wp-content\/uploads\/2022\/03\/aims-banner@2.png 1107w, https:\/\/awareproject.eu\/wp-content\/uploads\/2022\/03\/aims-banner@2-300x217.png 300w, https:\/\/awareproject.eu\/wp-content\/uploads\/2022\/03\/aims-banner@2-1024x740.png 1024w, https:\/\/awareproject.eu\/wp-content\/uploads\/2022\/03\/aims-banner@2-768x555.png 768w, https:\/\/awareproject.eu\/wp-content\/uploads\/2022\/03\/aims-banner@2-624x451.png 624w\" sizes=\"(max-width: 1107px) 100vw, 1107px\" \/>\t\t\t\t\t\t\t\t\t\t\t\t\t<\/div>\n\t\t\t\t<\/div>\n\t\t\t\t\t<\/div>\n\t\t<\/div>\n\t\t\t\t\t<\/div>\n\t\t<\/section>\n\t\t\t\t<div class=\"elementor-element elementor-element-c75e855 elementor-widget elementor-widget-text-editor\" data-id=\"c75e855\" data-element_type=\"widget\" data-widget_type=\"text-editor.default\">\n\t\t\t\t<div class=\"elementor-widget-container\">\n\t\t\t\t\t\t\t<h2>CILJI<\/h2>\r\n<ul>\r\n \t<li>naslavljanje digitalne transformacije skozi digitalno zrelost, odpornost in zmo\u017enost<\/li>\r\n \t<li>dvig zavesti, opolnomo\u010denje in zagotavljanje osnovnega znanja sodelujo\u010dim organizacijam na podro\u010dju kibernetske varnosti<\/li>\r\n \t<li>dvig zavesti in izobra\u017eevanje o te\u017eavah na podro\u010dju kibernetske varnosti za u\u010dence in u\u010ditelje v poklicnem izobra\u017eevanju in usposabljanju, ki so povezane z digitalno transformacijo industrije in organizacij<\/li>\r\n \t<li>ozave\u0161\u010danje in izobra\u017eevanje o vpra\u0161anjih kibernetske varnosti med u\u010denci in u\u010ditelji poklicnega izobra\u017eevanja in usposabljanja na individualni ravni, v vsakdanjem \u017eivljenju<\/li>\r\n \t<li>razvoj AWARE baze znanja, mojstrskih te\u010dajev in kompletov za samoocenjevanje s ciljem predstaviti u\u010diteljem in u\u010dencem poklicnega izobra\u017eevanja in usposabljanja te\u017eave na podro\u010dju kibernetske varnosti<\/li>\r\n \t<li>prikazati potencial in potrebo po sodelovanju s podjetji iz podro\u010dja poklicnega izobra\u017eevanja in usposabljanja za krepitev kompetenc o kibernetski varnosti med u\u010ditelji in u\u010denci iz tega segmenta<\/li>\r\n \t<li>spodbujanje prehodnosti poklicnih izobra\u017eevanj in usposabljanj preko spodbujanja u\u010dencev pri iskanju izobra\u017eevalnih in kariernih prilo\u017enosti na podro\u010dju kibernetske varnosti<\/li>\r\n \t<li>vzpostavitev stika z oblikovalci politike za krepitev ume\u0161\u010danja kibernetske varnosti v sektor poklicnega izobra\u017eevanja in usposabljanja<\/li>\r\n<\/ul>\t\t\t\t\t\t<\/div>\n\t\t\t\t<\/div>\n\t\t\t\t<div class=\"elementor-element elementor-element-2115f77 elementor-widget elementor-widget-image\" data-id=\"2115f77\" data-element_type=\"widget\" data-widget_type=\"image.default\">\n\t\t\t\t<div class=\"elementor-widget-container\">\n\t\t\t\t\t\t\t\t\t\t\t\t\t<img decoding=\"async\" width=\"1223\" height=\"800\" src=\"https:\/\/awareproject.eu\/wp-content\/uploads\/2022\/03\/Miscalenous-07@2.png\" class=\"attachment-full size-full wp-image-1869\" alt=\"\" srcset=\"https:\/\/awareproject.eu\/wp-content\/uploads\/2022\/03\/Miscalenous-07@2.png 1223w, https:\/\/awareproject.eu\/wp-content\/uploads\/2022\/03\/Miscalenous-07@2-300x196.png 300w, https:\/\/awareproject.eu\/wp-content\/uploads\/2022\/03\/Miscalenous-07@2-1024x670.png 1024w, https:\/\/awareproject.eu\/wp-content\/uploads\/2022\/03\/Miscalenous-07@2-768x502.png 768w, https:\/\/awareproject.eu\/wp-content\/uploads\/2022\/03\/Miscalenous-07@2-624x408.png 624w\" sizes=\"(max-width: 1223px) 100vw, 1223px\" \/>\t\t\t\t\t\t\t\t\t\t\t\t\t<\/div>\n\t\t\t\t<\/div>\n\t\t\t\t<div class=\"elementor-element elementor-element-c9f9617 elementor-widget elementor-widget-spacer\" data-id=\"c9f9617\" data-element_type=\"widget\" data-widget_type=\"spacer.default\">\n\t\t\t\t<div class=\"elementor-widget-container\">\n\t\t\t<style>\/*! elementor - v3.23.0 - 05-08-2024 *\/\n.elementor-column .elementor-spacer-inner{height:var(--spacer-size)}.e-con{--container-widget-width:100%}.e-con-inner>.elementor-widget-spacer,.e-con>.elementor-widget-spacer{width:var(--container-widget-width,var(--spacer-size));--align-self:var(--container-widget-align-self,initial);--flex-shrink:0}.e-con-inner>.elementor-widget-spacer>.elementor-widget-container,.e-con>.elementor-widget-spacer>.elementor-widget-container{height:100%;width:100%}.e-con-inner>.elementor-widget-spacer>.elementor-widget-container>.elementor-spacer,.e-con>.elementor-widget-spacer>.elementor-widget-container>.elementor-spacer{height:100%}.e-con-inner>.elementor-widget-spacer>.elementor-widget-container>.elementor-spacer>.elementor-spacer-inner,.e-con>.elementor-widget-spacer>.elementor-widget-container>.elementor-spacer>.elementor-spacer-inner{height:var(--container-widget-height,var(--spacer-size))}.e-con-inner>.elementor-widget-spacer.elementor-widget-empty,.e-con>.elementor-widget-spacer.elementor-widget-empty{position:relative;min-height:22px;min-width:22px}.e-con-inner>.elementor-widget-spacer.elementor-widget-empty .elementor-widget-empty-icon,.e-con>.elementor-widget-spacer.elementor-widget-empty .elementor-widget-empty-icon{position:absolute;top:0;bottom:0;left:0;right:0;margin:auto;padding:0;width:22px;height:22px}<\/style>\t\t<div class=\"elementor-spacer\">\n\t\t\t<div class=\"elementor-spacer-inner\"><\/div>\n\t\t<\/div>\n\t\t\t\t<\/div>\n\t\t\t\t<\/div>\n\t\t\t\t\t<\/div>\n\t\t<\/div>\n\t\t\t\t\t<\/div>\n\t\t<\/section>\n\t\t\t\t<\/div>\n\t\t","protected":false},"excerpt":{"rendered":"<p>Projekt AWARE zavedanje (AWAREness) o kibernetski varnosti v sektorju poklicnega izobra\u017eevanja in usposabljanja Kibernetski napadi na mikro, mala in srednje velika podjetja (MSP) so v&hellip;<\/p>\n","protected":false},"author":1,"featured_media":2522,"parent":0,"menu_order":0,"comment_status":"closed","ping_status":"closed","template":"elementor_header_footer","meta":{"footnotes":""},"class_list":["post-3339","page","type-page","status-publish","has-post-thumbnail","hentry"],"_links":{"self":[{"href":"https:\/\/awareproject.eu\/sl\/wp-json\/wp\/v2\/pages\/3339","targetHints":{"allow":["GET"]}}],"collection":[{"href":"https:\/\/awareproject.eu\/sl\/wp-json\/wp\/v2\/pages"}],"about":[{"href":"https:\/\/awareproject.eu\/sl\/wp-json\/wp\/v2\/types\/page"}],"author":[{"embeddable":true,"href":"https:\/\/awareproject.eu\/sl\/wp-json\/wp\/v2\/users\/1"}],"replies":[{"embeddable":true,"href":"https:\/\/awareproject.eu\/sl\/wp-json\/wp\/v2\/comments?post=3339"}],"version-history":[{"count":1,"href":"https:\/\/awareproject.eu\/sl\/wp-json\/wp\/v2\/pages\/3339\/revisions"}],"predecessor-version":[{"id":3340,"href":"https:\/\/awareproject.eu\/sl\/wp-json\/wp\/v2\/pages\/3339\/revisions\/3340"}],"wp:featuredmedia":[{"embeddable":true,"href":"https:\/\/awareproject.eu\/sl\/wp-json\/wp\/v2\/media\/2522"}],"wp:attachment":[{"href":"https:\/\/awareproject.eu\/sl\/wp-json\/wp\/v2\/media?parent=3339"}],"curies":[{"name":"wp","href":"https:\/\/api.w.org\/{rel}","templated":true}]}}