{"id":4053,"date":"2022-06-28T08:31:46","date_gmt":"2022-06-28T08:31:46","guid":{"rendered":"https:\/\/awareproject.eu\/partneri\/wisamar\/"},"modified":"2022-06-28T08:31:47","modified_gmt":"2022-06-28T08:31:47","slug":"wisamar","status":"publish","type":"page","link":"https:\/\/awareproject.eu\/sk\/partneri\/wisamar\/","title":{"rendered":"Wisamar"},"content":{"rendered":"\t\t<div data-elementor-type=\"wp-page\" data-elementor-id=\"4053\" class=\"elementor elementor-4053 elementor-1290\" data-elementor-post-type=\"page\">\n\t\t\t\t\t\t<section class=\"elementor-section elementor-top-section elementor-element elementor-element-da7a2bd elementor-section-boxed elementor-section-height-default elementor-section-height-default\" data-id=\"da7a2bd\" data-element_type=\"section\">\n\t\t\t\t\t\t<div class=\"elementor-container elementor-column-gap-default\">\n\t\t\t\t\t<div class=\"elementor-column elementor-col-33 elementor-top-column elementor-element elementor-element-521d356\" data-id=\"521d356\" data-element_type=\"column\">\n\t\t\t<div class=\"elementor-widget-wrap\">\n\t\t\t\t\t\t\t<\/div>\n\t\t<\/div>\n\t\t\t\t<div class=\"elementor-column elementor-col-33 elementor-top-column elementor-element elementor-element-f5112af\" data-id=\"f5112af\" data-element_type=\"column\">\n\t\t\t<div class=\"elementor-widget-wrap elementor-element-populated\">\n\t\t\t\t\t\t<div class=\"elementor-element elementor-element-61ac1f8 elementor-widget elementor-widget-tp-image-factory\" data-id=\"61ac1f8\" data-element_type=\"widget\" data-widget_type=\"tp-image-factory.default\">\n\t\t\t\t<div class=\"elementor-widget-container\">\n\t\t\t<div id=\"plus69e73b2d5e7ae\" class=\"plus-adv-text-widget plus-widget-wrapper    image-pulse\"  ><div class=\"plus-widget-inner-wrap   \"  ><div id=\"plus69e73b2d5eca4\" class=\"pt-plus-animated-image-wrapper      image-pulse\" ><div class=\"animated-image-parallax   \" ><div class=\"pt_plus_animated_image bg-image69e73b2d5eca0 text-center  \"  > <figure class=\"     \"  ><div class=\"vc_single_image-wrapper   \"><img fetchpriority=\"high\" decoding=\"async\" width=\"500\" height=\"500\" src=\"https:\/\/awareproject.eu\/wp-content\/uploads\/2022\/03\/partners-logo-02.jpg\" class=\"attachment-full size-full wp-image-780\" alt=\"Wisamar\" srcset=\"https:\/\/awareproject.eu\/wp-content\/uploads\/2022\/03\/partners-logo-02.jpg 500w, https:\/\/awareproject.eu\/wp-content\/uploads\/2022\/03\/partners-logo-02-300x300.jpg 300w, https:\/\/awareproject.eu\/wp-content\/uploads\/2022\/03\/partners-logo-02-150x150.jpg 150w\" sizes=\"(max-width: 500px) 100vw, 500px\" \/><\/div> <\/figure> <\/div><\/div><\/div><\/div><\/div>\t\t<\/div>\n\t\t\t\t<\/div>\n\t\t\t\t\t<\/div>\n\t\t<\/div>\n\t\t\t\t<div class=\"elementor-column elementor-col-33 elementor-top-column elementor-element elementor-element-3c5d535\" data-id=\"3c5d535\" data-element_type=\"column\">\n\t\t\t<div class=\"elementor-widget-wrap\">\n\t\t\t\t\t\t\t<\/div>\n\t\t<\/div>\n\t\t\t\t\t<\/div>\n\t\t<\/section>\n\t\t\t\t<section class=\"elementor-section elementor-top-section elementor-element elementor-element-341dbfe elementor-section-boxed elementor-section-height-default elementor-section-height-default\" data-id=\"341dbfe\" data-element_type=\"section\">\n\t\t\t\t\t\t<div class=\"elementor-container elementor-column-gap-default\">\n\t\t\t\t\t<div class=\"elementor-column elementor-col-100 elementor-top-column elementor-element elementor-element-d5e1183\" data-id=\"d5e1183\" data-element_type=\"column\">\n\t\t\t<div class=\"elementor-widget-wrap elementor-element-populated\">\n\t\t\t\t\t\t<div class=\"elementor-element elementor-element-59577d7 elementor-widget elementor-widget-text-editor\" data-id=\"59577d7\" data-element_type=\"widget\" data-widget_type=\"text-editor.default\">\n\t\t\t\t<div class=\"elementor-widget-container\">\n\t\t\t<style>\/*! elementor - v3.23.0 - 05-08-2024 *\/\n.elementor-widget-text-editor.elementor-drop-cap-view-stacked .elementor-drop-cap{background-color:#69727d;color:#fff}.elementor-widget-text-editor.elementor-drop-cap-view-framed .elementor-drop-cap{color:#69727d;border:3px solid;background-color:transparent}.elementor-widget-text-editor:not(.elementor-drop-cap-view-default) .elementor-drop-cap{margin-top:8px}.elementor-widget-text-editor:not(.elementor-drop-cap-view-default) .elementor-drop-cap-letter{width:1em;height:1em}.elementor-widget-text-editor .elementor-drop-cap{float:left;text-align:center;line-height:1;font-size:50px}.elementor-widget-text-editor .elementor-drop-cap-letter{display:inline-block}<\/style>\t\t\t\tWisamar je neziskov\u00fd vzdel\u00e1vac\u00ed in\u0161tit\u00fat v Lipsku, Nemecku, ktor\u00fd p\u00f4sob\u00ed v oblasti odborn\u00e9ho a kult\u00farneho vzdel\u00e1vania a vzdel\u00e1vania dospel\u00fdch. Wisamar je akreditovan\u00fd ako poskytovate\u013e vzdel\u00e1vania pod\u013ea ofici\u00e1lnych usmernen\u00ed od n\u00e1rodn\u00e9ho org\u00e1nu (\u010dinnosti v oblasti zamestnanosti pre Spolkov\u00fd \u00farad pr\u00e1ce) a od \u00daradu pre migr\u00e1ciu a ute\u010dencov ako poskytovate\u013e integra\u010dn\u00fdch kurzov. Wisamar pracuje v\u00a0nasleduj\u00facich oblastiach: trh pr\u00e1ce a\u00a0soci\u00e1lna integr\u00e1cia, \u010eal\u0161ie vzdel\u00e1vanie, poradenstvo v\u00a0oblasti mobility a\u00a0mobility E\u00da a\u00a0ako projektov\u00e1 kancel\u00e1ria pre r\u00f4zne projekty financovan\u00e9 E\u00da.\t\t\t\t\t\t<\/div>\n\t\t\t\t<\/div>\n\t\t\t\t\t<\/div>\n\t\t<\/div>\n\t\t\t\t\t<\/div>\n\t\t<\/section>\n\t\t\t\t<\/div>\n\t\t","protected":false},"excerpt":{"rendered":"<p>Wisamar je neziskov\u00fd vzdel\u00e1vac\u00ed in\u0161tit\u00fat v Lipsku, Nemecku, ktor\u00fd p\u00f4sob\u00ed v oblasti odborn\u00e9ho a kult\u00farneho vzdel\u00e1vania a vzdel\u00e1vania dospel\u00fdch. Wisamar je akreditovan\u00fd ako poskytovate\u013e vzdel\u00e1vania&hellip;<\/p>\n","protected":false},"author":4,"featured_media":0,"parent":3106,"menu_order":0,"comment_status":"closed","ping_status":"closed","template":"","meta":{"footnotes":""},"class_list":["post-4053","page","type-page","status-publish","hentry"],"_links":{"self":[{"href":"https:\/\/awareproject.eu\/sk\/wp-json\/wp\/v2\/pages\/4053","targetHints":{"allow":["GET"]}}],"collection":[{"href":"https:\/\/awareproject.eu\/sk\/wp-json\/wp\/v2\/pages"}],"about":[{"href":"https:\/\/awareproject.eu\/sk\/wp-json\/wp\/v2\/types\/page"}],"author":[{"embeddable":true,"href":"https:\/\/awareproject.eu\/sk\/wp-json\/wp\/v2\/users\/4"}],"replies":[{"embeddable":true,"href":"https:\/\/awareproject.eu\/sk\/wp-json\/wp\/v2\/comments?post=4053"}],"version-history":[{"count":1,"href":"https:\/\/awareproject.eu\/sk\/wp-json\/wp\/v2\/pages\/4053\/revisions"}],"predecessor-version":[{"id":4054,"href":"https:\/\/awareproject.eu\/sk\/wp-json\/wp\/v2\/pages\/4053\/revisions\/4054"}],"up":[{"embeddable":true,"href":"https:\/\/awareproject.eu\/sk\/wp-json\/wp\/v2\/pages\/3106"}],"wp:attachment":[{"href":"https:\/\/awareproject.eu\/sk\/wp-json\/wp\/v2\/media?parent=4053"}],"curies":[{"name":"wp","href":"https:\/\/api.w.org\/{rel}","templated":true}]}}