{"id":4051,"date":"2022-06-28T08:31:12","date_gmt":"2022-06-28T08:31:12","guid":{"rendered":"https:\/\/awareproject.eu\/partneri\/universidade-de-aveiro\/"},"modified":"2022-06-28T08:31:13","modified_gmt":"2022-06-28T08:31:13","slug":"universidade-de-aveiro","status":"publish","type":"page","link":"https:\/\/awareproject.eu\/sk\/partneri\/universidade-de-aveiro\/","title":{"rendered":"Universidade De Aveiro"},"content":{"rendered":"\t\t<div data-elementor-type=\"wp-page\" data-elementor-id=\"4051\" class=\"elementor elementor-4051 elementor-1077\" data-elementor-post-type=\"page\">\n\t\t\t\t\t\t<section class=\"elementor-section elementor-top-section elementor-element elementor-element-289727a elementor-section-boxed elementor-section-height-default elementor-section-height-default\" data-id=\"289727a\" data-element_type=\"section\">\n\t\t\t\t\t\t<div class=\"elementor-container elementor-column-gap-default\">\n\t\t\t\t\t<div class=\"elementor-column elementor-col-33 elementor-top-column elementor-element elementor-element-50a0563\" data-id=\"50a0563\" data-element_type=\"column\">\n\t\t\t<div class=\"elementor-widget-wrap\">\n\t\t\t\t\t\t\t<\/div>\n\t\t<\/div>\n\t\t\t\t<div class=\"elementor-column elementor-col-33 elementor-top-column elementor-element elementor-element-a68a594\" data-id=\"a68a594\" data-element_type=\"column\">\n\t\t\t<div class=\"elementor-widget-wrap elementor-element-populated\">\n\t\t\t\t\t\t<div class=\"elementor-element elementor-element-8fc1c4f elementor-widget elementor-widget-tp-image-factory\" data-id=\"8fc1c4f\" data-element_type=\"widget\" data-widget_type=\"tp-image-factory.default\">\n\t\t\t\t<div class=\"elementor-widget-container\">\n\t\t\t<div id=\"plus69d7a88c0174e\" class=\"plus-adv-text-widget plus-widget-wrapper    image-pulse\"  ><div class=\"plus-widget-inner-wrap   \"  ><div id=\"plus69d7a88c01aae\" class=\"pt-plus-animated-image-wrapper      image-pulse\" ><div class=\"animated-image-parallax   \" ><div class=\"pt_plus_animated_image bg-image69d7a88c01aab text-center  \"  > <figure class=\"     \"  ><div class=\"vc_single_image-wrapper   \"><img fetchpriority=\"high\" decoding=\"async\" width=\"500\" height=\"500\" src=\"https:\/\/awareproject.eu\/wp-content\/uploads\/2022\/03\/partners-logo-06.jpg\" class=\"attachment-full size-full wp-image-784\" alt=\"Universidade De Aveiro\" srcset=\"https:\/\/awareproject.eu\/wp-content\/uploads\/2022\/03\/partners-logo-06.jpg 500w, https:\/\/awareproject.eu\/wp-content\/uploads\/2022\/03\/partners-logo-06-300x300.jpg 300w, https:\/\/awareproject.eu\/wp-content\/uploads\/2022\/03\/partners-logo-06-150x150.jpg 150w\" sizes=\"(max-width: 500px) 100vw, 500px\" \/><\/div> <\/figure> <\/div><\/div><\/div><\/div><\/div>\t\t<\/div>\n\t\t\t\t<\/div>\n\t\t\t\t\t<\/div>\n\t\t<\/div>\n\t\t\t\t<div class=\"elementor-column elementor-col-33 elementor-top-column elementor-element elementor-element-15a6167\" data-id=\"15a6167\" data-element_type=\"column\">\n\t\t\t<div class=\"elementor-widget-wrap\">\n\t\t\t\t\t\t\t<\/div>\n\t\t<\/div>\n\t\t\t\t\t<\/div>\n\t\t<\/section>\n\t\t\t\t<section class=\"elementor-section elementor-top-section elementor-element elementor-element-aa9b271 elementor-section-boxed elementor-section-height-default elementor-section-height-default\" data-id=\"aa9b271\" data-element_type=\"section\">\n\t\t\t\t\t\t<div class=\"elementor-container elementor-column-gap-default\">\n\t\t\t\t\t<div class=\"elementor-column elementor-col-100 elementor-top-column elementor-element elementor-element-379bfb8\" data-id=\"379bfb8\" data-element_type=\"column\">\n\t\t\t<div class=\"elementor-widget-wrap elementor-element-populated\">\n\t\t\t\t\t\t<div class=\"elementor-element elementor-element-e1c50af elementor-drop-cap-yes elementor-drop-cap-view-default elementor-widget elementor-widget-text-editor\" data-id=\"e1c50af\" data-element_type=\"widget\" data-settings=\"{&quot;drop_cap&quot;:&quot;yes&quot;}\" data-widget_type=\"text-editor.default\">\n\t\t\t\t<div class=\"elementor-widget-container\">\n\t\t\t<style>\/*! elementor - v3.23.0 - 05-08-2024 *\/\n.elementor-widget-text-editor.elementor-drop-cap-view-stacked .elementor-drop-cap{background-color:#69727d;color:#fff}.elementor-widget-text-editor.elementor-drop-cap-view-framed .elementor-drop-cap{color:#69727d;border:3px solid;background-color:transparent}.elementor-widget-text-editor:not(.elementor-drop-cap-view-default) .elementor-drop-cap{margin-top:8px}.elementor-widget-text-editor:not(.elementor-drop-cap-view-default) .elementor-drop-cap-letter{width:1em;height:1em}.elementor-widget-text-editor .elementor-drop-cap{float:left;text-align:center;line-height:1;font-size:50px}.elementor-widget-text-editor .elementor-drop-cap-letter{display:inline-block}<\/style>\t\t\t\tUniverzita Aveiro (UA) je mlad\u00e1 Portugalsk\u00e1 univerzita, zalo\u017een\u00e1 v roku 1973, s viac ako 15\u00a0000 denn\u00fdch \u0161tudentov (absolventi a postgradu\u00e1l) zah\u0155\u0148aj\u00facich pribli\u017ene 15% medzin\u00e1rodn\u00fdch \u0161tudentov ka\u017ed\u00fd rok. Univerzita m\u00e1 siln\u00fd v\u00fdskumn\u00fd profil a sol\u00eddne sk\u00fasenosti so spolupr\u00e1cou a projektami s miestnymi podnikate\u013esk\u00fdmi partnermi.\r\n\r\nUniverzita m\u00e1 jedine\u010dn\u00fd model riadenia, kt. integruje 16 katedier pokr\u00fdvaj\u00facich akademick\u00e9 oblasti od in\u017einierstva a umenia a humanitn\u00fdch vied, plus 4 polytechnick\u00e9 \u0161koly a r\u00f4zne v\u00fdcvikov\u00e9 centr\u00e1 zaoberaj\u00face sa vzdel\u00e1van\u00edm dospel\u00fdch. UA p\u00f4sob\u00ed ako region\u00e1lna sie\u0165 pre vzdel\u00e1vanie a\u00a0odborn\u00fa pr\u00edpravu, poskytuj\u00faca siln\u00e9 v\u00e4zby s\u00a0okolitou komunitou a\u00a0je uzn\u00e1van\u00e1 ako priekopn\u00edcka univerzita v\u00a0rozvoji titulov v\u00a0nov\u00fdch predmetn\u00fdch oblastiach.\t\t\t\t\t\t<\/div>\n\t\t\t\t<\/div>\n\t\t\t\t\t<\/div>\n\t\t<\/div>\n\t\t\t\t\t<\/div>\n\t\t<\/section>\n\t\t\t\t<\/div>\n\t\t","protected":false},"excerpt":{"rendered":"<p>Univerzita Aveiro (UA) je mlad\u00e1 Portugalsk\u00e1 univerzita, zalo\u017een\u00e1 v roku 1973, s viac ako 15\u00a0000 denn\u00fdch \u0161tudentov (absolventi a postgradu\u00e1l) zah\u0155\u0148aj\u00facich pribli\u017ene 15% medzin\u00e1rodn\u00fdch \u0161tudentov&hellip;<\/p>\n","protected":false},"author":4,"featured_media":0,"parent":3106,"menu_order":0,"comment_status":"closed","ping_status":"closed","template":"","meta":{"footnotes":""},"class_list":["post-4051","page","type-page","status-publish","hentry"],"_links":{"self":[{"href":"https:\/\/awareproject.eu\/sk\/wp-json\/wp\/v2\/pages\/4051","targetHints":{"allow":["GET"]}}],"collection":[{"href":"https:\/\/awareproject.eu\/sk\/wp-json\/wp\/v2\/pages"}],"about":[{"href":"https:\/\/awareproject.eu\/sk\/wp-json\/wp\/v2\/types\/page"}],"author":[{"embeddable":true,"href":"https:\/\/awareproject.eu\/sk\/wp-json\/wp\/v2\/users\/4"}],"replies":[{"embeddable":true,"href":"https:\/\/awareproject.eu\/sk\/wp-json\/wp\/v2\/comments?post=4051"}],"version-history":[{"count":1,"href":"https:\/\/awareproject.eu\/sk\/wp-json\/wp\/v2\/pages\/4051\/revisions"}],"predecessor-version":[{"id":4052,"href":"https:\/\/awareproject.eu\/sk\/wp-json\/wp\/v2\/pages\/4051\/revisions\/4052"}],"up":[{"embeddable":true,"href":"https:\/\/awareproject.eu\/sk\/wp-json\/wp\/v2\/pages\/3106"}],"wp:attachment":[{"href":"https:\/\/awareproject.eu\/sk\/wp-json\/wp\/v2\/media?parent=4051"}],"curies":[{"name":"wp","href":"https:\/\/api.w.org\/{rel}","templated":true}]}}