{"id":4047,"date":"2022-06-28T08:29:52","date_gmt":"2022-06-28T08:29:52","guid":{"rendered":"https:\/\/awareproject.eu\/partneri\/ssrd\/"},"modified":"2022-06-28T08:29:52","modified_gmt":"2022-06-28T08:29:52","slug":"ssrd","status":"publish","type":"page","link":"https:\/\/awareproject.eu\/sk\/partneri\/ssrd\/","title":{"rendered":"SSRD"},"content":{"rendered":"\t\t<div data-elementor-type=\"wp-page\" data-elementor-id=\"4047\" class=\"elementor elementor-4047 elementor-1019\" data-elementor-post-type=\"page\">\n\t\t\t\t\t\t<section class=\"elementor-section elementor-top-section elementor-element elementor-element-2b98e41 elementor-section-boxed elementor-section-height-default elementor-section-height-default\" data-id=\"2b98e41\" data-element_type=\"section\">\n\t\t\t\t\t\t<div class=\"elementor-container elementor-column-gap-default\">\n\t\t\t\t\t<div class=\"elementor-column elementor-col-33 elementor-top-column elementor-element elementor-element-8afd97e\" data-id=\"8afd97e\" data-element_type=\"column\">\n\t\t\t<div class=\"elementor-widget-wrap\">\n\t\t\t\t\t\t\t<\/div>\n\t\t<\/div>\n\t\t\t\t<div class=\"elementor-column elementor-col-33 elementor-top-column elementor-element elementor-element-ac2f9ae\" data-id=\"ac2f9ae\" data-element_type=\"column\">\n\t\t\t<div class=\"elementor-widget-wrap elementor-element-populated\">\n\t\t\t\t\t\t<div class=\"elementor-element elementor-element-3d3de18 elementor-widget elementor-widget-tp-image-factory\" data-id=\"3d3de18\" data-element_type=\"widget\" data-widget_type=\"tp-image-factory.default\">\n\t\t\t\t<div class=\"elementor-widget-container\">\n\t\t\t<div id=\"plus69f0e406c21c8\" class=\"plus-adv-text-widget plus-widget-wrapper    image-pulse\"  ><div class=\"plus-widget-inner-wrap   \"  ><div id=\"plus69f0e406c24c4\" class=\"pt-plus-animated-image-wrapper      image-pulse\" ><div class=\"animated-image-parallax   \" ><div class=\"pt_plus_animated_image bg-image69f0e406c24c1 text-center  \"  > <figure class=\"     \"  ><div class=\"vc_single_image-wrapper   \"><img fetchpriority=\"high\" decoding=\"async\" width=\"500\" height=\"500\" src=\"https:\/\/awareproject.eu\/wp-content\/uploads\/2022\/03\/ssrd_logo.jpg\" class=\"attachment-full size-full wp-image-801\" alt=\"SSRD\" srcset=\"https:\/\/awareproject.eu\/wp-content\/uploads\/2022\/03\/ssrd_logo.jpg 500w, https:\/\/awareproject.eu\/wp-content\/uploads\/2022\/03\/ssrd_logo-300x300.jpg 300w, https:\/\/awareproject.eu\/wp-content\/uploads\/2022\/03\/ssrd_logo-150x150.jpg 150w\" sizes=\"(max-width: 500px) 100vw, 500px\" \/><\/div> <\/figure> <\/div><\/div><\/div><\/div><\/div>\t\t<\/div>\n\t\t\t\t<\/div>\n\t\t\t\t\t<\/div>\n\t\t<\/div>\n\t\t\t\t<div class=\"elementor-column elementor-col-33 elementor-top-column elementor-element elementor-element-d93d109\" data-id=\"d93d109\" data-element_type=\"column\">\n\t\t\t<div class=\"elementor-widget-wrap\">\n\t\t\t\t\t\t\t<\/div>\n\t\t<\/div>\n\t\t\t\t\t<\/div>\n\t\t<\/section>\n\t\t\t\t<section class=\"elementor-section elementor-top-section elementor-element elementor-element-6410c85 elementor-section-boxed elementor-section-height-default elementor-section-height-default\" data-id=\"6410c85\" data-element_type=\"section\">\n\t\t\t\t\t\t<div class=\"elementor-container elementor-column-gap-default\">\n\t\t\t\t\t<div class=\"elementor-column elementor-col-100 elementor-top-column elementor-element elementor-element-6eac50a\" data-id=\"6eac50a\" data-element_type=\"column\">\n\t\t\t<div class=\"elementor-widget-wrap elementor-element-populated\">\n\t\t\t\t\t\t<div class=\"elementor-element elementor-element-6b162ec elementor-drop-cap-yes elementor-drop-cap-view-default elementor-widget elementor-widget-text-editor\" data-id=\"6b162ec\" data-element_type=\"widget\" data-settings=\"{&quot;drop_cap&quot;:&quot;yes&quot;}\" data-widget_type=\"text-editor.default\">\n\t\t\t\t<div class=\"elementor-widget-container\">\n\t\t\t<style>\/*! elementor - v3.23.0 - 05-08-2024 *\/\n.elementor-widget-text-editor.elementor-drop-cap-view-stacked .elementor-drop-cap{background-color:#69727d;color:#fff}.elementor-widget-text-editor.elementor-drop-cap-view-framed .elementor-drop-cap{color:#69727d;border:3px solid;background-color:transparent}.elementor-widget-text-editor:not(.elementor-drop-cap-view-default) .elementor-drop-cap{margin-top:8px}.elementor-widget-text-editor:not(.elementor-drop-cap-view-default) .elementor-drop-cap-letter{width:1em;height:1em}.elementor-widget-text-editor .elementor-drop-cap{float:left;text-align:center;line-height:1;font-size:50px}.elementor-widget-text-editor .elementor-drop-cap-letter{display:inline-block}<\/style>\t\t\t\tSSRD je spolo\u010dnos\u0165 zaoberaj\u00faca sa v\u00fdvojom softv\u00e9ru a so s\u00eddlom v Maribore, Slovinsko. N\u00e1\u0161 sk\u00fasen\u00fd t\u00edm vie pracova\u0165 na prebrat\u00ed po\u010diato\u010dn\u00fdch konceptov a na ich roz\u0161\u00edren\u00ed na fin\u00e1lne produkty. Nasledovan\u00edm najlep\u0161\u00edch \u0161tandardov a pokynov sme dosiahli proces v\u00fdvoja softv\u00e9ru v kombin\u00e1cii s dizajnom najvy\u0161\u0161ej kvality.\r\n\r\nOd po\u010diato\u010dnej f\u00e1zy n\u00e1vrhu, cez v\u00fdvoj a\u017e po dodanie, napln\u00edme potreby v\u00e1\u0161ho projektu, aby sme zabezpe\u010dili, \u017ee v\u00fdsledok bude sp\u013a\u0148a\u0165 va\u0161e o\u010dak\u00e1vania. \u0160pecializujeme\u00a0 sa na blockchainov\u00e9 rie\u0161enia, v\u010faka ktor\u00fdm s\u00fa tieto komplikovan\u00e9 technol\u00f3gie dostupnej\u0161ie s\u00a0kvalitnou u\u017e\u00edvate\u013eskou sk\u00fasenos\u0165ou.\r\n\r\nNa\u0161i klienti s\u00fa na\u0161imi partnermi a\u00a0radi im poskytneme elegantn\u00e9 a bezpe\u010dn\u00e9 rie\u0161enia na budovanie dlhodob\u00fdch d\u00f4veryhodn\u00fdch vz\u0165ahov.\r\n\r\nN\u00e1\u0161 t\u00edm je tu pre v\u00e1s. Budeme radi, ak s\u00a0vami budeme spolupracova\u0165.\t\t\t\t\t\t<\/div>\n\t\t\t\t<\/div>\n\t\t\t\t\t<\/div>\n\t\t<\/div>\n\t\t\t\t\t<\/div>\n\t\t<\/section>\n\t\t\t\t<\/div>\n\t\t","protected":false},"excerpt":{"rendered":"<p>SSRD je spolo\u010dnos\u0165 zaoberaj\u00faca sa v\u00fdvojom softv\u00e9ru a so s\u00eddlom v Maribore, Slovinsko. N\u00e1\u0161 sk\u00fasen\u00fd t\u00edm vie pracova\u0165 na prebrat\u00ed po\u010diato\u010dn\u00fdch konceptov a na ich&hellip;<\/p>\n","protected":false},"author":4,"featured_media":0,"parent":3106,"menu_order":0,"comment_status":"closed","ping_status":"closed","template":"","meta":{"footnotes":""},"class_list":["post-4047","page","type-page","status-publish","hentry"],"_links":{"self":[{"href":"https:\/\/awareproject.eu\/sk\/wp-json\/wp\/v2\/pages\/4047","targetHints":{"allow":["GET"]}}],"collection":[{"href":"https:\/\/awareproject.eu\/sk\/wp-json\/wp\/v2\/pages"}],"about":[{"href":"https:\/\/awareproject.eu\/sk\/wp-json\/wp\/v2\/types\/page"}],"author":[{"embeddable":true,"href":"https:\/\/awareproject.eu\/sk\/wp-json\/wp\/v2\/users\/4"}],"replies":[{"embeddable":true,"href":"https:\/\/awareproject.eu\/sk\/wp-json\/wp\/v2\/comments?post=4047"}],"version-history":[{"count":1,"href":"https:\/\/awareproject.eu\/sk\/wp-json\/wp\/v2\/pages\/4047\/revisions"}],"predecessor-version":[{"id":4048,"href":"https:\/\/awareproject.eu\/sk\/wp-json\/wp\/v2\/pages\/4047\/revisions\/4048"}],"up":[{"embeddable":true,"href":"https:\/\/awareproject.eu\/sk\/wp-json\/wp\/v2\/pages\/3106"}],"wp:attachment":[{"href":"https:\/\/awareproject.eu\/sk\/wp-json\/wp\/v2\/media?parent=4047"}],"curies":[{"name":"wp","href":"https:\/\/api.w.org\/{rel}","templated":true}]}}