{"id":4045,"date":"2022-06-28T08:29:06","date_gmt":"2022-06-28T08:29:06","guid":{"rendered":"https:\/\/awareproject.eu\/partneri\/sosit\/"},"modified":"2022-06-28T08:29:07","modified_gmt":"2022-06-28T08:29:07","slug":"sosit","status":"publish","type":"page","link":"https:\/\/awareproject.eu\/sk\/partneri\/sosit\/","title":{"rendered":"SO\u0160IT"},"content":{"rendered":"\t\t<div data-elementor-type=\"wp-page\" data-elementor-id=\"4045\" class=\"elementor elementor-4045 elementor-1160\" data-elementor-post-type=\"page\">\n\t\t\t\t\t\t<section class=\"elementor-section elementor-top-section elementor-element elementor-element-ceb5eae elementor-section-boxed elementor-section-height-default elementor-section-height-default\" data-id=\"ceb5eae\" data-element_type=\"section\">\n\t\t\t\t\t\t<div class=\"elementor-container elementor-column-gap-default\">\n\t\t\t\t\t<div class=\"elementor-column elementor-col-33 elementor-top-column elementor-element elementor-element-b83764e\" data-id=\"b83764e\" data-element_type=\"column\">\n\t\t\t<div class=\"elementor-widget-wrap\">\n\t\t\t\t\t\t\t<\/div>\n\t\t<\/div>\n\t\t\t\t<div class=\"elementor-column elementor-col-33 elementor-top-column elementor-element elementor-element-5c14105\" data-id=\"5c14105\" data-element_type=\"column\">\n\t\t\t<div class=\"elementor-widget-wrap elementor-element-populated\">\n\t\t\t\t\t\t<div class=\"elementor-element elementor-element-5f0c2b7 elementor-widget elementor-widget-tp-image-factory\" data-id=\"5f0c2b7\" data-element_type=\"widget\" data-widget_type=\"tp-image-factory.default\">\n\t\t\t\t<div class=\"elementor-widget-container\">\n\t\t\t<div id=\"plus69e7360b8ae78\" class=\"plus-adv-text-widget plus-widget-wrapper    image-pulse\"  ><div class=\"plus-widget-inner-wrap   \"  ><div id=\"plus69e7360b8b63c\" class=\"pt-plus-animated-image-wrapper      image-pulse\" ><div class=\"animated-image-parallax   \" ><div class=\"pt_plus_animated_image bg-image69e7360b8b636 text-center  \"  > <figure class=\"     \"  ><div class=\"vc_single_image-wrapper   \"><img fetchpriority=\"high\" decoding=\"async\" width=\"500\" height=\"500\" src=\"https:\/\/awareproject.eu\/wp-content\/uploads\/2022\/03\/partners-logo-03.jpg\" class=\"attachment-full size-full wp-image-781\" alt=\"SO\u0160IT\" srcset=\"https:\/\/awareproject.eu\/wp-content\/uploads\/2022\/03\/partners-logo-03.jpg 500w, https:\/\/awareproject.eu\/wp-content\/uploads\/2022\/03\/partners-logo-03-300x300.jpg 300w, https:\/\/awareproject.eu\/wp-content\/uploads\/2022\/03\/partners-logo-03-150x150.jpg 150w\" sizes=\"(max-width: 500px) 100vw, 500px\" \/><\/div> <\/figure> <\/div><\/div><\/div><\/div><\/div>\t\t<\/div>\n\t\t\t\t<\/div>\n\t\t\t\t\t<\/div>\n\t\t<\/div>\n\t\t\t\t<div class=\"elementor-column elementor-col-33 elementor-top-column elementor-element elementor-element-87a9190\" data-id=\"87a9190\" data-element_type=\"column\">\n\t\t\t<div class=\"elementor-widget-wrap\">\n\t\t\t\t\t\t\t<\/div>\n\t\t<\/div>\n\t\t\t\t\t<\/div>\n\t\t<\/section>\n\t\t\t\t<section class=\"elementor-section elementor-top-section elementor-element elementor-element-fb12830 elementor-section-boxed elementor-section-height-default elementor-section-height-default\" data-id=\"fb12830\" data-element_type=\"section\">\n\t\t\t\t\t\t<div class=\"elementor-container elementor-column-gap-default\">\n\t\t\t\t\t<div class=\"elementor-column elementor-col-100 elementor-top-column elementor-element elementor-element-1700682\" data-id=\"1700682\" data-element_type=\"column\">\n\t\t\t<div class=\"elementor-widget-wrap elementor-element-populated\">\n\t\t\t\t\t\t<div class=\"elementor-element elementor-element-f9a1d42 elementor-drop-cap-yes elementor-drop-cap-view-default elementor-widget elementor-widget-text-editor\" data-id=\"f9a1d42\" data-element_type=\"widget\" data-settings=\"{&quot;drop_cap&quot;:&quot;yes&quot;}\" data-widget_type=\"text-editor.default\">\n\t\t\t\t<div class=\"elementor-widget-container\">\n\t\t\t<style>\/*! elementor - v3.23.0 - 05-08-2024 *\/\n.elementor-widget-text-editor.elementor-drop-cap-view-stacked .elementor-drop-cap{background-color:#69727d;color:#fff}.elementor-widget-text-editor.elementor-drop-cap-view-framed .elementor-drop-cap{color:#69727d;border:3px solid;background-color:transparent}.elementor-widget-text-editor:not(.elementor-drop-cap-view-default) .elementor-drop-cap{margin-top:8px}.elementor-widget-text-editor:not(.elementor-drop-cap-view-default) .elementor-drop-cap-letter{width:1em;height:1em}.elementor-widget-text-editor .elementor-drop-cap{float:left;text-align:center;line-height:1;font-size:50px}.elementor-widget-text-editor .elementor-drop-cap-letter{display:inline-block}<\/style>\t\t\t\tNa\u0161a \u0161kola pon\u00faka vzdel\u00e1vanie pre mlad\u00fdch \u013eud\u00ed hlavne v oblastiach zameran\u00fdch na IT, po\u010d\u00edta\u010dov\u00e9 siete, programovanie, grafick\u00fd dizajn a informa\u010dn\u00fa bezpe\u010dnos\u0165. V s\u00fa\u010dasnej dobe vzdel\u00e1vame 672 \u017eiakov v \u0161iestich IT \u0161tudijn\u00fdch odboroch. V r\u00e1mci regi\u00f3nu poskytujeme najviac absolventov stredn\u00fdch \u0161k\u00f4l, kt. sa m\u00f4\u017eu uplatni\u0165 v IT.\r\n\r\nKa\u017ed\u00fd rok pribli\u017ene 150 na\u0161ich \u017eiakov z\u00edska medzin\u00e1rodn\u00e9 certifik\u00e1ty v oblastiach po\u010d\u00edta\u010dov\u00fdch siet\u00ed, programovan\u00ed, opera\u010dn\u00fdch syst\u00e9mov, ale aj v kybernetickej bezpe\u010dnosti.\r\n\r\nZ\u00e1rove\u0148 reagujeme na prebiehaj\u00facu digit\u00e1lnu transform\u00e1ciu priemyslu, zn\u00e1mu ako Industry 4.0, zaveden\u00edm nov\u00fdch \u0161tudijn\u00fdch odborov na na\u0161ej \u0161kole.\r\n\r\nNa\u0161ou prioritou je pokra\u010dova\u0165 v pr\u00edprave \u017eiakov na IT zamestnania, ale bez podpory zdru\u017een\u00ed zamestn\u00e1vate\u013eov to jednoducho nebude mo\u017en\u00e9. V tomto vzdel\u00e1van\u00edm je k\u013e\u00fa\u010dov\u00fdm prvkom odborn\u00e1 prax, ktor\u00e1 mus\u00ed prebieha\u0165 na pracovisk\u00e1ch jednotliv\u00fdch spolo\u010dnost\u00ed. Ur\u010dite by sme priv\u00edtali mo\u017enos\u0165 zapoji\u0165 sa do du\u00e1lneho syst\u00e9mu vzdel\u00e1vania do pr\u00edpravy t\u00fdchto \u0161pecialistov s niektor\u00fdmi z region\u00e1lnych spolo\u010dnost\u00ed zaoberaj\u00facich sa kybernetickou bezpe\u010dnos\u0165ou.\r\n\r\nNa z\u00e1klade po\u017eiadaviek a v spolupr\u00e1ci s firmami, na\u010falej vytv\u00e1rame a adaptujeme obsah vzdel\u00e1vania aktu\u00e1lnym trendom v kybernetickej bezpe\u010dnosti.\t\t\t\t\t\t<\/div>\n\t\t\t\t<\/div>\n\t\t\t\t\t<\/div>\n\t\t<\/div>\n\t\t\t\t\t<\/div>\n\t\t<\/section>\n\t\t\t\t<\/div>\n\t\t","protected":false},"excerpt":{"rendered":"<p>Na\u0161a \u0161kola pon\u00faka vzdel\u00e1vanie pre mlad\u00fdch \u013eud\u00ed hlavne v oblastiach zameran\u00fdch na IT, po\u010d\u00edta\u010dov\u00e9 siete, programovanie, grafick\u00fd dizajn a informa\u010dn\u00fa bezpe\u010dnos\u0165. V s\u00fa\u010dasnej dobe vzdel\u00e1vame&hellip;<\/p>\n","protected":false},"author":4,"featured_media":0,"parent":3106,"menu_order":0,"comment_status":"closed","ping_status":"closed","template":"","meta":{"footnotes":""},"class_list":["post-4045","page","type-page","status-publish","hentry"],"_links":{"self":[{"href":"https:\/\/awareproject.eu\/sk\/wp-json\/wp\/v2\/pages\/4045","targetHints":{"allow":["GET"]}}],"collection":[{"href":"https:\/\/awareproject.eu\/sk\/wp-json\/wp\/v2\/pages"}],"about":[{"href":"https:\/\/awareproject.eu\/sk\/wp-json\/wp\/v2\/types\/page"}],"author":[{"embeddable":true,"href":"https:\/\/awareproject.eu\/sk\/wp-json\/wp\/v2\/users\/4"}],"replies":[{"embeddable":true,"href":"https:\/\/awareproject.eu\/sk\/wp-json\/wp\/v2\/comments?post=4045"}],"version-history":[{"count":1,"href":"https:\/\/awareproject.eu\/sk\/wp-json\/wp\/v2\/pages\/4045\/revisions"}],"predecessor-version":[{"id":4046,"href":"https:\/\/awareproject.eu\/sk\/wp-json\/wp\/v2\/pages\/4045\/revisions\/4046"}],"up":[{"embeddable":true,"href":"https:\/\/awareproject.eu\/sk\/wp-json\/wp\/v2\/pages\/3106"}],"wp:attachment":[{"href":"https:\/\/awareproject.eu\/sk\/wp-json\/wp\/v2\/media?parent=4045"}],"curies":[{"name":"wp","href":"https:\/\/api.w.org\/{rel}","templated":true}]}}