{"id":4043,"date":"2022-06-28T08:28:30","date_gmt":"2022-06-28T08:28:30","guid":{"rendered":"https:\/\/awareproject.eu\/partneri\/p-consulting\/"},"modified":"2022-06-28T08:28:31","modified_gmt":"2022-06-28T08:28:31","slug":"p-consulting","status":"publish","type":"page","link":"https:\/\/awareproject.eu\/sk\/partneri\/p-consulting\/","title":{"rendered":"p-consulting"},"content":{"rendered":"\t\t<div data-elementor-type=\"wp-page\" data-elementor-id=\"4043\" class=\"elementor elementor-4043 elementor-1104\" data-elementor-post-type=\"page\">\n\t\t\t\t\t\t<section class=\"elementor-section elementor-top-section elementor-element elementor-element-01efefe elementor-section-boxed elementor-section-height-default elementor-section-height-default\" data-id=\"01efefe\" data-element_type=\"section\">\n\t\t\t\t\t\t<div class=\"elementor-container elementor-column-gap-default\">\n\t\t\t\t\t<div class=\"elementor-column elementor-col-33 elementor-top-column elementor-element elementor-element-59a8701\" data-id=\"59a8701\" data-element_type=\"column\">\n\t\t\t<div class=\"elementor-widget-wrap\">\n\t\t\t\t\t\t\t<\/div>\n\t\t<\/div>\n\t\t\t\t<div class=\"elementor-column elementor-col-33 elementor-top-column elementor-element elementor-element-281e56e\" data-id=\"281e56e\" data-element_type=\"column\">\n\t\t\t<div class=\"elementor-widget-wrap elementor-element-populated\">\n\t\t\t\t\t\t<div class=\"elementor-element elementor-element-6a96a43 elementor-widget elementor-widget-tp-image-factory\" data-id=\"6a96a43\" data-element_type=\"widget\" data-widget_type=\"tp-image-factory.default\">\n\t\t\t\t<div class=\"elementor-widget-container\">\n\t\t\t<div id=\"plus69f0de0bc862b\" class=\"plus-adv-text-widget plus-widget-wrapper    image-pulse\"  ><div class=\"plus-widget-inner-wrap   \"  ><div id=\"plus69f0de0bc8925\" class=\"pt-plus-animated-image-wrapper      image-pulse\" ><div class=\"animated-image-parallax   \" ><div class=\"pt_plus_animated_image bg-image69f0de0bc8921 text-center  \"  > <figure class=\"     \"  ><div class=\"vc_single_image-wrapper   \"><img fetchpriority=\"high\" decoding=\"async\" width=\"500\" height=\"500\" src=\"https:\/\/awareproject.eu\/wp-content\/uploads\/2022\/03\/partners-logo-07.jpg\" class=\"attachment-full size-full wp-image-1100\" alt=\"p-consulting\" srcset=\"https:\/\/awareproject.eu\/wp-content\/uploads\/2022\/03\/partners-logo-07.jpg 500w, https:\/\/awareproject.eu\/wp-content\/uploads\/2022\/03\/partners-logo-07-300x300.jpg 300w, https:\/\/awareproject.eu\/wp-content\/uploads\/2022\/03\/partners-logo-07-150x150.jpg 150w\" sizes=\"(max-width: 500px) 100vw, 500px\" \/><\/div> <\/figure> <\/div><\/div><\/div><\/div><\/div>\t\t<\/div>\n\t\t\t\t<\/div>\n\t\t\t\t\t<\/div>\n\t\t<\/div>\n\t\t\t\t<div class=\"elementor-column elementor-col-33 elementor-top-column elementor-element elementor-element-5d093a3\" data-id=\"5d093a3\" data-element_type=\"column\">\n\t\t\t<div class=\"elementor-widget-wrap\">\n\t\t\t\t\t\t\t<\/div>\n\t\t<\/div>\n\t\t\t\t\t<\/div>\n\t\t<\/section>\n\t\t\t\t<section class=\"elementor-section elementor-top-section elementor-element elementor-element-9408854 elementor-section-boxed elementor-section-height-default elementor-section-height-default\" data-id=\"9408854\" data-element_type=\"section\">\n\t\t\t\t\t\t<div class=\"elementor-container elementor-column-gap-default\">\n\t\t\t\t\t<div class=\"elementor-column elementor-col-100 elementor-top-column elementor-element elementor-element-f129e07\" data-id=\"f129e07\" data-element_type=\"column\">\n\t\t\t<div class=\"elementor-widget-wrap elementor-element-populated\">\n\t\t\t\t\t\t<div class=\"elementor-element elementor-element-c2bbf72 elementor-drop-cap-yes elementor-drop-cap-view-default elementor-widget elementor-widget-text-editor\" data-id=\"c2bbf72\" data-element_type=\"widget\" data-settings=\"{&quot;drop_cap&quot;:&quot;yes&quot;}\" data-widget_type=\"text-editor.default\">\n\t\t\t\t<div class=\"elementor-widget-container\">\n\t\t\t<style>\/*! elementor - v3.23.0 - 05-08-2024 *\/\n.elementor-widget-text-editor.elementor-drop-cap-view-stacked .elementor-drop-cap{background-color:#69727d;color:#fff}.elementor-widget-text-editor.elementor-drop-cap-view-framed .elementor-drop-cap{color:#69727d;border:3px solid;background-color:transparent}.elementor-widget-text-editor:not(.elementor-drop-cap-view-default) .elementor-drop-cap{margin-top:8px}.elementor-widget-text-editor:not(.elementor-drop-cap-view-default) .elementor-drop-cap-letter{width:1em;height:1em}.elementor-widget-text-editor .elementor-drop-cap{float:left;text-align:center;line-height:1;font-size:50px}.elementor-widget-text-editor .elementor-drop-cap-letter{display:inline-block}<\/style>\t\t\t\tp-consulting.gr je IT a \u0161koliace poradenstvo zameran\u00e9 na v\u00fdvoj webov\u00fdch aplik\u00e1ci\u00ed, digit\u00e1lnu transform\u00e1ciu a obchodn\u00e9 poradenstvo. Spolo\u010dnos\u0165 spolupracuje so \u0161kola, in\u0161tit\u00faciami SO\u0160, \u0161koliacimi organiz\u00e1ciami, komorami, a \u010fal\u0161\u00edmi organiz\u00e1ciami v Gr\u00e9cku a EU.\r\n\r\nJeho hlavn\u00fdm cie\u013eom je digit\u00e1lna transform\u00e1cia podnikov a organiz\u00e1ci\u00ed prostredn\u00edctvom inovat\u00edvneho vyu\u017e\u00edvania existuj\u00facich n\u00e1strojov zaru\u010duj\u00facich r\u00fdchly, udr\u017eate\u013en\u00fd a efekt\u00edvny proces. p-consulting.gr sp\u00e1ja \u0161kolenia a IT slu\u017eby so zameran\u00edm na digit\u00e1lne interakt\u00edvne \u0161kolenia prostredn\u00edctvom v\u00fdvoja a vytv\u00e1rania online \u0161koliacich kurzov, vzdel\u00e1vac\u00edch hier, gamifika\u010dn\u00fdch n\u00e1strojov, webov\u00fdch a mobiln\u00fdch aplik\u00e1ci\u00ed za pou\u017eitia nov\u00fdch a inovat\u00edvnych technol\u00f3gi\u00ed plne re\u0161pektuj\u00facich WCAG2.2 (protokoly pr\u00edstupnosti). Dizajn v\u0161etk\u00fdch jeho n\u00e1strojov je zalo\u017een\u00fd na n\u00e1stroji interakt\u00edvnej pou\u017e\u00edvate\u013eskej sk\u00fasenosti (OS) ocenen\u00e9ho Univerzitou v\u00a0Patrase.\r\n\r\nZalo\u017een\u00e1 v roku 2012 v Patrase, Gr\u00e9cko doteraz realizovalo 25 Eur\u00f3pskych projektov, stovky n\u00e1rodn\u00fdch projektov a m\u00e1 viac ako 250 klientov v odbore IT a podpory podnikania. Spolo\u010dnos\u0165 je dr\u017eite\u013eom \u0161tyroch EU ocenen\u00ed za najlep\u0161ie postupy, troch ocenen\u00ed v\u00a0Gr\u00e9cku a\u00a0jedn\u00e9ho v\u00a0Litve.\t\t\t\t\t\t<\/div>\n\t\t\t\t<\/div>\n\t\t\t\t\t<\/div>\n\t\t<\/div>\n\t\t\t\t\t<\/div>\n\t\t<\/section>\n\t\t\t\t<\/div>\n\t\t","protected":false},"excerpt":{"rendered":"<p>p-consulting.gr je IT a \u0161koliace poradenstvo zameran\u00e9 na v\u00fdvoj webov\u00fdch aplik\u00e1ci\u00ed, digit\u00e1lnu transform\u00e1ciu a obchodn\u00e9 poradenstvo. Spolo\u010dnos\u0165 spolupracuje so \u0161kola, in\u0161tit\u00faciami SO\u0160, \u0161koliacimi organiz\u00e1ciami, komorami,&hellip;<\/p>\n","protected":false},"author":4,"featured_media":0,"parent":3106,"menu_order":0,"comment_status":"closed","ping_status":"closed","template":"","meta":{"footnotes":""},"class_list":["post-4043","page","type-page","status-publish","hentry"],"_links":{"self":[{"href":"https:\/\/awareproject.eu\/sk\/wp-json\/wp\/v2\/pages\/4043","targetHints":{"allow":["GET"]}}],"collection":[{"href":"https:\/\/awareproject.eu\/sk\/wp-json\/wp\/v2\/pages"}],"about":[{"href":"https:\/\/awareproject.eu\/sk\/wp-json\/wp\/v2\/types\/page"}],"author":[{"embeddable":true,"href":"https:\/\/awareproject.eu\/sk\/wp-json\/wp\/v2\/users\/4"}],"replies":[{"embeddable":true,"href":"https:\/\/awareproject.eu\/sk\/wp-json\/wp\/v2\/comments?post=4043"}],"version-history":[{"count":1,"href":"https:\/\/awareproject.eu\/sk\/wp-json\/wp\/v2\/pages\/4043\/revisions"}],"predecessor-version":[{"id":4044,"href":"https:\/\/awareproject.eu\/sk\/wp-json\/wp\/v2\/pages\/4043\/revisions\/4044"}],"up":[{"embeddable":true,"href":"https:\/\/awareproject.eu\/sk\/wp-json\/wp\/v2\/pages\/3106"}],"wp:attachment":[{"href":"https:\/\/awareproject.eu\/sk\/wp-json\/wp\/v2\/media?parent=4043"}],"curies":[{"name":"wp","href":"https:\/\/api.w.org\/{rel}","templated":true}]}}