{"id":4005,"date":"2022-06-28T08:06:19","date_gmt":"2022-06-28T08:06:19","guid":{"rendered":"https:\/\/awareproject.eu\/partneri\/gospodarska-zbornica-slovenije\/"},"modified":"2022-06-28T08:06:20","modified_gmt":"2022-06-28T08:06:20","slug":"gospodarska-zbornica-slovenije","status":"publish","type":"page","link":"https:\/\/awareproject.eu\/sk\/partneri\/gospodarska-zbornica-slovenije\/","title":{"rendered":"GOSPODARSKA ZBORNICA SLOVENIJE"},"content":{"rendered":"\t\t<div data-elementor-type=\"wp-page\" data-elementor-id=\"4005\" class=\"elementor elementor-4005 elementor-953\" data-elementor-post-type=\"page\">\n\t\t\t\t\t\t<section class=\"elementor-section elementor-top-section elementor-element elementor-element-bcbd239 elementor-section-boxed elementor-section-height-default elementor-section-height-default\" data-id=\"bcbd239\" data-element_type=\"section\">\n\t\t\t\t\t\t<div class=\"elementor-container elementor-column-gap-default\">\n\t\t\t\t\t<div class=\"elementor-column elementor-col-33 elementor-top-column elementor-element elementor-element-9cc271b\" data-id=\"9cc271b\" data-element_type=\"column\">\n\t\t\t<div class=\"elementor-widget-wrap\">\n\t\t\t\t\t\t\t<\/div>\n\t\t<\/div>\n\t\t\t\t<div class=\"elementor-column elementor-col-33 elementor-top-column elementor-element elementor-element-82e990a\" data-id=\"82e990a\" data-element_type=\"column\">\n\t\t\t<div class=\"elementor-widget-wrap elementor-element-populated\">\n\t\t\t\t\t\t<div class=\"elementor-element elementor-element-0e07edb elementor-widget elementor-widget-tp-image-factory\" data-id=\"0e07edb\" data-element_type=\"widget\" data-widget_type=\"tp-image-factory.default\">\n\t\t\t\t<div class=\"elementor-widget-container\">\n\t\t\t<div id=\"plus69e4d9c100ff5\" class=\"plus-adv-text-widget plus-widget-wrapper    image-pulse\"  ><div class=\"plus-widget-inner-wrap   \"  ><div id=\"plus69e4d9c101463\" class=\"pt-plus-animated-image-wrapper      image-pulse\" ><div class=\"animated-image-parallax   \" ><div class=\"pt_plus_animated_image bg-image69e4d9c101460 text-center  \"  > <figure class=\"     \"  ><div class=\"vc_single_image-wrapper   \"><img fetchpriority=\"high\" decoding=\"async\" width=\"500\" height=\"500\" src=\"https:\/\/awareproject.eu\/wp-content\/uploads\/2022\/03\/partners-logo-01.jpg\" class=\"attachment-full size-full wp-image-774\" alt=\"GOSPODARSKA ZBORNICA SLOVENIJE\" srcset=\"https:\/\/awareproject.eu\/wp-content\/uploads\/2022\/03\/partners-logo-01.jpg 500w, https:\/\/awareproject.eu\/wp-content\/uploads\/2022\/03\/partners-logo-01-300x300.jpg 300w, https:\/\/awareproject.eu\/wp-content\/uploads\/2022\/03\/partners-logo-01-150x150.jpg 150w\" sizes=\"(max-width: 500px) 100vw, 500px\" \/><\/div> <\/figure> <\/div><\/div><\/div><\/div><\/div>\t\t<\/div>\n\t\t\t\t<\/div>\n\t\t\t\t\t<\/div>\n\t\t<\/div>\n\t\t\t\t<div class=\"elementor-column elementor-col-33 elementor-top-column elementor-element elementor-element-cecb854\" data-id=\"cecb854\" data-element_type=\"column\">\n\t\t\t<div class=\"elementor-widget-wrap\">\n\t\t\t\t\t\t\t<\/div>\n\t\t<\/div>\n\t\t\t\t\t<\/div>\n\t\t<\/section>\n\t\t\t\t<section class=\"elementor-section elementor-top-section elementor-element elementor-element-42469a6 elementor-section-boxed elementor-section-height-default elementor-section-height-default\" data-id=\"42469a6\" data-element_type=\"section\">\n\t\t\t\t\t\t<div class=\"elementor-container elementor-column-gap-default\">\n\t\t\t\t\t<div class=\"elementor-column elementor-col-100 elementor-top-column elementor-element elementor-element-a51ee66\" data-id=\"a51ee66\" data-element_type=\"column\">\n\t\t\t<div class=\"elementor-widget-wrap elementor-element-populated\">\n\t\t\t\t\t\t<div class=\"elementor-element elementor-element-e0a1db9 elementor-drop-cap-yes elementor-drop-cap-view-default elementor-widget elementor-widget-text-editor\" data-id=\"e0a1db9\" data-element_type=\"widget\" data-settings=\"{&quot;drop_cap&quot;:&quot;yes&quot;}\" data-widget_type=\"text-editor.default\">\n\t\t\t\t<div class=\"elementor-widget-container\">\n\t\t\t<style>\/*! elementor - v3.23.0 - 05-08-2024 *\/\n.elementor-widget-text-editor.elementor-drop-cap-view-stacked .elementor-drop-cap{background-color:#69727d;color:#fff}.elementor-widget-text-editor.elementor-drop-cap-view-framed .elementor-drop-cap{color:#69727d;border:3px solid;background-color:transparent}.elementor-widget-text-editor:not(.elementor-drop-cap-view-default) .elementor-drop-cap{margin-top:8px}.elementor-widget-text-editor:not(.elementor-drop-cap-view-default) .elementor-drop-cap-letter{width:1em;height:1em}.elementor-widget-text-editor .elementor-drop-cap{float:left;text-align:center;line-height:1;font-size:50px}.elementor-widget-text-editor .elementor-drop-cap-letter{display:inline-block}<\/style>\t\t\t\tObchodn\u00e1 a priemyseln\u00e1 komora Slovinska je najv\u00e4\u010d\u0161ou dobrovo\u013en\u00edckou organiz\u00e1ciou, kt. zastupuje v\u0161etky obchodn\u00e9 sektory v Slovinsku, zdru\u017euje v\u0161etk\u00fdch 24 odvetvov\u00fdch zdru\u017een\u00ed a prev\u00e1dzkuje sie\u0165 13 region\u00e1lnych kom\u00f4r. CCIS poskytuje \u0161irok\u00e9 spektrum odborn\u00fdch znalost\u00ed v oblasti podpory podnikania a to prostredn\u00edctvom jeho pr\u00e1vneho oddelenia, oddelenia TT a inov\u00e1ci\u00ed, oddelenia \u017eivotn\u00e9ho prostredia, centra internacionaliz\u00e1cie a kancel\u00e1rie EEN . CCIS m\u00e1 \u0161tat\u00fat reprezentat\u00edvnej obchodnej komory a preto je partnerom v oblasti legislat\u00edvy a politiky vl\u00e1dy, ako aj organiz\u00e1ciou soci\u00e1lnych partnerov. CCIS je s\u00fa\u010das\u0165ou rozsiahlej medzin\u00e1rodnej siete, najm\u00e4 prostredn\u00edctvom \u010dlenstva v\u00a0r\u00f4znych zastre\u0161uj\u00facich organiz\u00e1ci\u00e1ch zapojen\u00fdch aj do mnoh\u00fdch n\u00e1rodn\u00fdch a\u00a0nadn\u00e1rodn\u00fdch projektov s\u00favisiacich s\u00a0v\u00fdskumom a\u00a0v\u00fdvojom, digitaliz\u00e1ciou, \u017eivotn\u00fdm prostred\u00edm, obchodom a\u00a0podnikan\u00edm, internacionaliz\u00e1ciou, soci\u00e1lnymi z\u00e1le\u017eitos\u0165ami, rovnako ako aj v\u00fdchovou a\u00a0vzdel\u00e1van\u00edm.\t\t\t\t\t\t<\/div>\n\t\t\t\t<\/div>\n\t\t\t\t\t<\/div>\n\t\t<\/div>\n\t\t\t\t\t<\/div>\n\t\t<\/section>\n\t\t\t\t<\/div>\n\t\t","protected":false},"excerpt":{"rendered":"<p>Obchodn\u00e1 a priemyseln\u00e1 komora Slovinska je najv\u00e4\u010d\u0161ou dobrovo\u013en\u00edckou organiz\u00e1ciou, kt. zastupuje v\u0161etky obchodn\u00e9 sektory v Slovinsku, zdru\u017euje v\u0161etk\u00fdch 24 odvetvov\u00fdch zdru\u017een\u00ed a prev\u00e1dzkuje sie\u0165 13&hellip;<\/p>\n","protected":false},"author":4,"featured_media":0,"parent":3106,"menu_order":0,"comment_status":"closed","ping_status":"closed","template":"","meta":{"footnotes":""},"class_list":["post-4005","page","type-page","status-publish","hentry"],"_links":{"self":[{"href":"https:\/\/awareproject.eu\/sk\/wp-json\/wp\/v2\/pages\/4005","targetHints":{"allow":["GET"]}}],"collection":[{"href":"https:\/\/awareproject.eu\/sk\/wp-json\/wp\/v2\/pages"}],"about":[{"href":"https:\/\/awareproject.eu\/sk\/wp-json\/wp\/v2\/types\/page"}],"author":[{"embeddable":true,"href":"https:\/\/awareproject.eu\/sk\/wp-json\/wp\/v2\/users\/4"}],"replies":[{"embeddable":true,"href":"https:\/\/awareproject.eu\/sk\/wp-json\/wp\/v2\/comments?post=4005"}],"version-history":[{"count":1,"href":"https:\/\/awareproject.eu\/sk\/wp-json\/wp\/v2\/pages\/4005\/revisions"}],"predecessor-version":[{"id":4006,"href":"https:\/\/awareproject.eu\/sk\/wp-json\/wp\/v2\/pages\/4005\/revisions\/4006"}],"up":[{"embeddable":true,"href":"https:\/\/awareproject.eu\/sk\/wp-json\/wp\/v2\/pages\/3106"}],"wp:attachment":[{"href":"https:\/\/awareproject.eu\/sk\/wp-json\/wp\/v2\/media?parent=4005"}],"curies":[{"name":"wp","href":"https:\/\/api.w.org\/{rel}","templated":true}]}}