{"id":3961,"date":"2022-06-28T07:57:07","date_gmt":"2022-06-28T07:57:07","guid":{"rendered":"https:\/\/awareproject.eu\/partneri\/eurosuccess\/"},"modified":"2022-06-28T07:57:08","modified_gmt":"2022-06-28T07:57:08","slug":"eurosuccess","status":"publish","type":"page","link":"https:\/\/awareproject.eu\/sk\/partneri\/eurosuccess\/","title":{"rendered":"Eurosuccess"},"content":{"rendered":"\t\t<div data-elementor-type=\"wp-page\" data-elementor-id=\"3961\" class=\"elementor elementor-3961 elementor-1311\" data-elementor-post-type=\"page\">\n\t\t\t\t\t\t<section class=\"elementor-section elementor-top-section elementor-element elementor-element-09125cc elementor-section-boxed elementor-section-height-default elementor-section-height-default\" data-id=\"09125cc\" data-element_type=\"section\">\n\t\t\t\t\t\t<div class=\"elementor-container elementor-column-gap-default\">\n\t\t\t\t\t<div class=\"elementor-column elementor-col-33 elementor-top-column elementor-element elementor-element-da82436\" data-id=\"da82436\" data-element_type=\"column\">\n\t\t\t<div class=\"elementor-widget-wrap\">\n\t\t\t\t\t\t\t<\/div>\n\t\t<\/div>\n\t\t\t\t<div class=\"elementor-column elementor-col-33 elementor-top-column elementor-element elementor-element-7f21bf5\" data-id=\"7f21bf5\" data-element_type=\"column\">\n\t\t\t<div class=\"elementor-widget-wrap elementor-element-populated\">\n\t\t\t\t\t\t<div class=\"elementor-element elementor-element-faf08cb elementor-widget elementor-widget-tp-image-factory\" data-id=\"faf08cb\" data-element_type=\"widget\" data-widget_type=\"tp-image-factory.default\">\n\t\t\t\t<div class=\"elementor-widget-container\">\n\t\t\t<div id=\"plus69e2709660d1b\" class=\"plus-adv-text-widget plus-widget-wrapper    image-pulse\"  ><div class=\"plus-widget-inner-wrap   \"  ><div id=\"plus69e27096611a2\" class=\"pt-plus-animated-image-wrapper      image-pulse\" ><div class=\"animated-image-parallax   \" ><div class=\"pt_plus_animated_image bg-image69e270966119d text-center  \"  > <figure class=\"     \"  ><div class=\"vc_single_image-wrapper   \"><img fetchpriority=\"high\" decoding=\"async\" width=\"500\" height=\"500\" src=\"https:\/\/awareproject.eu\/wp-content\/uploads\/2022\/03\/partners-logo-05.jpg\" class=\"attachment-full size-full wp-image-783\" alt=\"Print\" srcset=\"https:\/\/awareproject.eu\/wp-content\/uploads\/2022\/03\/partners-logo-05.jpg 500w, https:\/\/awareproject.eu\/wp-content\/uploads\/2022\/03\/partners-logo-05-300x300.jpg 300w, https:\/\/awareproject.eu\/wp-content\/uploads\/2022\/03\/partners-logo-05-150x150.jpg 150w\" sizes=\"(max-width: 500px) 100vw, 500px\" \/><\/div> <\/figure> <\/div><\/div><\/div><\/div><\/div>\t\t<\/div>\n\t\t\t\t<\/div>\n\t\t\t\t\t<\/div>\n\t\t<\/div>\n\t\t\t\t<div class=\"elementor-column elementor-col-33 elementor-top-column elementor-element elementor-element-4ba1079\" data-id=\"4ba1079\" data-element_type=\"column\">\n\t\t\t<div class=\"elementor-widget-wrap\">\n\t\t\t\t\t\t\t<\/div>\n\t\t<\/div>\n\t\t\t\t\t<\/div>\n\t\t<\/section>\n\t\t\t\t<section class=\"elementor-section elementor-top-section elementor-element elementor-element-b372650 elementor-section-boxed elementor-section-height-default elementor-section-height-default\" data-id=\"b372650\" data-element_type=\"section\">\n\t\t\t\t\t\t<div class=\"elementor-container elementor-column-gap-default\">\n\t\t\t\t\t<div class=\"elementor-column elementor-col-100 elementor-top-column elementor-element elementor-element-96e96ab\" data-id=\"96e96ab\" data-element_type=\"column\">\n\t\t\t<div class=\"elementor-widget-wrap elementor-element-populated\">\n\t\t\t\t\t\t<div class=\"elementor-element elementor-element-cdd1f5d elementor-drop-cap-yes elementor-drop-cap-view-default elementor-widget elementor-widget-text-editor\" data-id=\"cdd1f5d\" data-element_type=\"widget\" data-settings=\"{&quot;drop_cap&quot;:&quot;yes&quot;}\" data-widget_type=\"text-editor.default\">\n\t\t\t\t<div class=\"elementor-widget-container\">\n\t\t\t<style>\/*! elementor - v3.23.0 - 05-08-2024 *\/\n.elementor-widget-text-editor.elementor-drop-cap-view-stacked .elementor-drop-cap{background-color:#69727d;color:#fff}.elementor-widget-text-editor.elementor-drop-cap-view-framed .elementor-drop-cap{color:#69727d;border:3px solid;background-color:transparent}.elementor-widget-text-editor:not(.elementor-drop-cap-view-default) .elementor-drop-cap{margin-top:8px}.elementor-widget-text-editor:not(.elementor-drop-cap-view-default) .elementor-drop-cap-letter{width:1em;height:1em}.elementor-widget-text-editor .elementor-drop-cap{float:left;text-align:center;line-height:1;font-size:50px}.elementor-widget-text-editor .elementor-drop-cap-letter{display:inline-block}<\/style>\t\t\t\tEurosuccess Consulting bola zalo\u017een\u00e1 v roku 2009. Hlavn\u00fdm cie\u013eom Eurosuccess Consulting je informova\u0165 a podporova\u0165 hlavne jednotlivcov a podniky v s\u00favislosti s vyu\u017e\u00edvan\u00edm Eur\u00f3pskych a N\u00e1rodn\u00fdch fondov. Vyu\u017eit\u00edm mo\u017enost\u00ed financovania sa im dar\u00ed navrhova\u0165, rozv\u00edja\u0165 a implementova\u0165 svoje strategick\u00e9 ciele, \u010d\u00edm uspokojuj\u00fa svoje prev\u00e1dzkov\u00e9 potreby.\r\n\r\nOkrem toho sa na\u0161a organiz\u00e1cia z\u00fa\u010dast\u0148uje, aj ako koordin\u00e1tor a\u00a0partner, na niektor\u00fdch projektoch v\u00a0r\u00e1mci r\u00f4znych Eur\u00f3pskych programov a\u00a0iniciat\u00edv, ako je celo\u017eivotn\u00e9 vzdel\u00e1vanie, ERASMUS+ a\u00a0Spravodlivos\u0165, rovnako ako je jedn\u00fdm z\u00a0hodnotiacich org\u00e1nov pre n\u00e1vrhy predkladan\u00e9 v\u00a0r\u00e1mci r\u00f4znych programov E\u00da.\r\n\r\nPokia\u013e ide o\u00a0sektor projektov\u00e9ho mana\u017ementu, Eurosuccess Consulting m\u00e1 bohat\u00e9 sk\u00fasenosti s\u00a0v\u00fdvojom materi\u00e1lov, n\u00e1strojov a\u00a0metod\u00edk t\u00fdkaj\u00facich sa r\u00f4znych zru\u010dnost\u00ed\/kompetenci\u00ed ( vr\u00e1tane n\u00e1strojov IKT na \u00fa\u010del hodnotenia a\u00a0\u0161kolenia, ako aj prostredn\u00edctvom e-learningu) pre r\u00f4zne skupiny, ako napr\u00edklad deti, ml\u00e1de\u017e, dospel\u00ed, podnikatelia, obchodn\u00ed mana\u017e\u00e9ri a\u00a0zamestnanci, zranite\u013en\u00e9 skupiny spolo\u010dnosti ako napr. \u013eudia prich\u00e1dzaj\u00faci zo skupiny NEET, v\u00e4zni, b\u00fdval\u00ed v\u00e4zni a\u00a0in\u00ed.\r\n\r\nOkrem toho je Eurosuccess Consulting \u010dlenom: Eur\u00f3pskeho f\u00f3ra odborn\u00e9ho vzdel\u00e1vania a\u00a0\u0161kolenia ( EfVET), Medzin\u00e1rodnej obchodnej rady, Eur\u00f3pskej asoci\u00e1cie v\u00e4zensk\u00e9ho vzdel\u00e1vania (EPEA), Eur\u00f3pskej politiky siete k\u013e\u00fa\u010dov\u00fdch kompetenci\u00ed v \u0161kolskom vzdel\u00e1van\u00ed (Sie\u0165 KeyCoNet), Eur\u00f3pskej siete inovat\u00edvnych konzultantov, Eur\u00f3pska aliancia pre u\u010d\u0148ovsk\u00fa pr\u00edpravu, Eur\u00f3pska pracovn\u00e1 skupina poradcov pre inov\u00e1cie, Cypersk\u00e1 obchodn\u00e1 a\u00a0priemyseln\u00e1 komora( CCCI),\u00a0 cypersk\u00e1 feder\u00e1cia zamestn\u00e1vate\u013eov a\u00a0priemyseln\u00edkov ( OEB) a\u00a0Nik\u00f3zska obchodn\u00e1 a\u00a0priemyseln\u00e1 komora (NCCI).\r\n\r\nNa z\u00e1klade vy\u0161\u0161ie uveden\u00fdch sk\u00fasenost\u00ed, znalost\u00ed a\u00a0schopnost\u00ed, rovnako ako aj vybudovanej siete s\u00a0partnersk\u00fdmi organiz\u00e1ciami a\u00a0odborn\u00edkmi na Cypre a\u00a0v\u00a0zahrani\u010d\u00ed, Eurosiccess Consulting je v\u00a0poz\u00edcii podporova\u0165 ka\u017ed\u00e9 \u00fasilie potrebn\u00e9 na vypracovanie \u00faspe\u0161n\u00fdch n\u00e1vrhov, teda implementa\u010dn\u00fdch aktiv\u00edt projektu.\r\n\r\nNavy\u0161e, Eurosuccess Consulting je akreditovan\u00e9 ako centrum odborn\u00e9ho vzdel\u00e1vania a\u00a0pr\u00edpravy od Cypersk\u00e9ho \u00faradu pre rozvoj \u013eudsk\u00fdch zdrojov, kt. je pr\u00edslu\u0161n\u00fdm verejn\u00fdm org\u00e1nom pre sektor odbornej pr\u00edpravy a\u00a0vzdel\u00e1vania, ako aj pod\u013ea medzin\u00e1rodn\u00e9ho syst\u00e9mu kvality ISO 9001:2015.\t\t\t\t\t\t<\/div>\n\t\t\t\t<\/div>\n\t\t\t\t\t<\/div>\n\t\t<\/div>\n\t\t\t\t\t<\/div>\n\t\t<\/section>\n\t\t\t\t<\/div>\n\t\t","protected":false},"excerpt":{"rendered":"<p>Eurosuccess Consulting bola zalo\u017een\u00e1 v roku 2009. Hlavn\u00fdm cie\u013eom Eurosuccess Consulting je informova\u0165 a podporova\u0165 hlavne jednotlivcov a podniky v s\u00favislosti s vyu\u017e\u00edvan\u00edm Eur\u00f3pskych a&hellip;<\/p>\n","protected":false},"author":4,"featured_media":0,"parent":3106,"menu_order":0,"comment_status":"closed","ping_status":"closed","template":"","meta":{"footnotes":""},"class_list":["post-3961","page","type-page","status-publish","hentry"],"_links":{"self":[{"href":"https:\/\/awareproject.eu\/sk\/wp-json\/wp\/v2\/pages\/3961","targetHints":{"allow":["GET"]}}],"collection":[{"href":"https:\/\/awareproject.eu\/sk\/wp-json\/wp\/v2\/pages"}],"about":[{"href":"https:\/\/awareproject.eu\/sk\/wp-json\/wp\/v2\/types\/page"}],"author":[{"embeddable":true,"href":"https:\/\/awareproject.eu\/sk\/wp-json\/wp\/v2\/users\/4"}],"replies":[{"embeddable":true,"href":"https:\/\/awareproject.eu\/sk\/wp-json\/wp\/v2\/comments?post=3961"}],"version-history":[{"count":1,"href":"https:\/\/awareproject.eu\/sk\/wp-json\/wp\/v2\/pages\/3961\/revisions"}],"predecessor-version":[{"id":3970,"href":"https:\/\/awareproject.eu\/sk\/wp-json\/wp\/v2\/pages\/3961\/revisions\/3970"}],"up":[{"embeddable":true,"href":"https:\/\/awareproject.eu\/sk\/wp-json\/wp\/v2\/pages\/3106"}],"wp:attachment":[{"href":"https:\/\/awareproject.eu\/sk\/wp-json\/wp\/v2\/media?parent=3961"}],"curies":[{"name":"wp","href":"https:\/\/api.w.org\/{rel}","templated":true}]}}