{"id":3146,"date":"2022-06-27T08:35:57","date_gmt":"2022-06-27T08:35:57","guid":{"rendered":"https:\/\/awareproject.eu\/novinky\/"},"modified":"2023-06-14T14:00:47","modified_gmt":"2023-06-14T14:00:47","slug":"novinky","status":"publish","type":"page","link":"https:\/\/awareproject.eu\/sk\/novinky\/","title":{"rendered":"Novinky"},"content":{"rendered":"\t\t<div data-elementor-type=\"wp-page\" data-elementor-id=\"3146\" class=\"elementor elementor-3146 elementor-1564\" data-elementor-post-type=\"page\">\n\t\t\t\t\t\t<section class=\"elementor-section elementor-top-section elementor-element elementor-element-0e66ed4 elementor-section-boxed elementor-section-height-default elementor-section-height-default\" data-id=\"0e66ed4\" data-element_type=\"section\">\n\t\t\t\t\t\t<div class=\"elementor-container elementor-column-gap-default\">\n\t\t\t\t\t<div class=\"elementor-column elementor-col-50 elementor-top-column elementor-element elementor-element-705ab00\" data-id=\"705ab00\" data-element_type=\"column\">\n\t\t\t<div class=\"elementor-widget-wrap elementor-element-populated\">\n\t\t\t\t\t\t<div class=\"elementor-element elementor-element-8eab918 elementor-widget elementor-widget-image\" data-id=\"8eab918\" data-element_type=\"widget\" data-widget_type=\"image.default\">\n\t\t\t\t<div class=\"elementor-widget-container\">\n\t\t\t<style>\/*! elementor - v3.23.0 - 05-08-2024 *\/\n.elementor-widget-image{text-align:center}.elementor-widget-image a{display:inline-block}.elementor-widget-image a img[src$=\".svg\"]{width:48px}.elementor-widget-image img{vertical-align:middle;display:inline-block}<\/style>\t\t\t\t\t\t\t\t\t\t<img fetchpriority=\"high\" decoding=\"async\" width=\"640\" height=\"419\" src=\"https:\/\/awareproject.eu\/wp-content\/uploads\/2022\/03\/Miscalenous-07@2-1024x670.png\" class=\"attachment-large size-large wp-image-1868\" alt=\"\" srcset=\"https:\/\/awareproject.eu\/wp-content\/uploads\/2022\/03\/Miscalenous-07@2-1024x670.png 1024w, https:\/\/awareproject.eu\/wp-content\/uploads\/2022\/03\/Miscalenous-07@2-300x196.png 300w, https:\/\/awareproject.eu\/wp-content\/uploads\/2022\/03\/Miscalenous-07@2-768x502.png 768w, https:\/\/awareproject.eu\/wp-content\/uploads\/2022\/03\/Miscalenous-07@2-624x408.png 624w, https:\/\/awareproject.eu\/wp-content\/uploads\/2022\/03\/Miscalenous-07@2.png 1223w\" sizes=\"(max-width: 640px) 100vw, 640px\" \/>\t\t\t\t\t\t\t\t\t\t\t\t\t<\/div>\n\t\t\t\t<\/div>\n\t\t\t\t\t<\/div>\n\t\t<\/div>\n\t\t\t\t<div class=\"elementor-column elementor-col-50 elementor-top-column elementor-element elementor-element-1654523\" data-id=\"1654523\" data-element_type=\"column\">\n\t\t\t<div class=\"elementor-widget-wrap elementor-element-populated\">\n\t\t\t\t\t\t<div class=\"elementor-element elementor-element-761534d elementor-widget elementor-widget-heading\" data-id=\"761534d\" data-element_type=\"widget\" data-widget_type=\"heading.default\">\n\t\t\t\t<div class=\"elementor-widget-container\">\n\t\t\t<style>\/*! elementor - v3.23.0 - 05-08-2024 *\/\n.elementor-heading-title{padding:0;margin:0;line-height:1}.elementor-widget-heading .elementor-heading-title[class*=elementor-size-]>a{color:inherit;font-size:inherit;line-height:inherit}.elementor-widget-heading .elementor-heading-title.elementor-size-small{font-size:15px}.elementor-widget-heading .elementor-heading-title.elementor-size-medium{font-size:19px}.elementor-widget-heading .elementor-heading-title.elementor-size-large{font-size:29px}.elementor-widget-heading .elementor-heading-title.elementor-size-xl{font-size:39px}.elementor-widget-heading .elementor-heading-title.elementor-size-xxl{font-size:59px}<\/style><h1 class=\"elementor-heading-title elementor-size-default\">Na\u0161e novinky<\/h1>\t\t<\/div>\n\t\t\t\t<\/div>\n\t\t\t\t<div class=\"elementor-element elementor-element-ac02f21 elementor-widget elementor-widget-text-editor\" data-id=\"ac02f21\" data-element_type=\"widget\" data-widget_type=\"text-editor.default\">\n\t\t\t\t<div class=\"elementor-widget-container\">\n\t\t\t<style>\/*! elementor - v3.23.0 - 05-08-2024 *\/\n.elementor-widget-text-editor.elementor-drop-cap-view-stacked .elementor-drop-cap{background-color:#69727d;color:#fff}.elementor-widget-text-editor.elementor-drop-cap-view-framed .elementor-drop-cap{color:#69727d;border:3px solid;background-color:transparent}.elementor-widget-text-editor:not(.elementor-drop-cap-view-default) .elementor-drop-cap{margin-top:8px}.elementor-widget-text-editor:not(.elementor-drop-cap-view-default) .elementor-drop-cap-letter{width:1em;height:1em}.elementor-widget-text-editor .elementor-drop-cap{float:left;text-align:center;line-height:1;font-size:50px}.elementor-widget-text-editor .elementor-drop-cap-letter{display:inline-block}<\/style>\t\t\t\tNi\u017e\u0161ie n\u00e1jdete na\u0161e novinky a posledn\u00e9 aktualiz\u00e1cie projektu! Pre\u010d\u00edtajte si, kde sme a \u010do sme doteraz urobili!\t\t\t\t\t\t<\/div>\n\t\t\t\t<\/div>\n\t\t\t\t\t<\/div>\n\t\t<\/div>\n\t\t\t\t\t<\/div>\n\t\t<\/section>\n\t\t\t\t<section class=\"elementor-section elementor-top-section elementor-element elementor-element-01b9dec elementor-section-boxed elementor-section-height-default elementor-section-height-default\" data-id=\"01b9dec\" data-element_type=\"section\">\n\t\t\t\t\t\t<div class=\"elementor-container elementor-column-gap-default\">\n\t\t\t\t\t<div class=\"elementor-column elementor-col-100 elementor-top-column elementor-element elementor-element-8c176b5\" data-id=\"8c176b5\" data-element_type=\"column\">\n\t\t\t<div class=\"elementor-widget-wrap elementor-element-populated\">\n\t\t\t\t\t\t<div class=\"elementor-element elementor-element-f8368de elementor-grid-3 elementor-grid-tablet-2 elementor-grid-mobile-1 elementor-posts--thumbnail-top elementor-card-shadow-yes elementor-posts__hover-gradient elementor-widget elementor-widget-posts\" data-id=\"f8368de\" data-element_type=\"widget\" data-settings=\"{&quot;cards_columns&quot;:&quot;3&quot;,&quot;cards_columns_tablet&quot;:&quot;2&quot;,&quot;cards_columns_mobile&quot;:&quot;1&quot;,&quot;cards_row_gap&quot;:{&quot;unit&quot;:&quot;px&quot;,&quot;size&quot;:35,&quot;sizes&quot;:[]},&quot;cards_row_gap_tablet&quot;:{&quot;unit&quot;:&quot;px&quot;,&quot;size&quot;:&quot;&quot;,&quot;sizes&quot;:[]},&quot;cards_row_gap_mobile&quot;:{&quot;unit&quot;:&quot;px&quot;,&quot;size&quot;:&quot;&quot;,&quot;sizes&quot;:[]}}\" data-widget_type=\"posts.cards\">\n\t\t\t\t<div class=\"elementor-widget-container\">\n\t\t\t<link rel=\"stylesheet\" href=\"https:\/\/awareproject.eu\/wp-content\/plugins\/elementor-pro\/assets\/css\/widget-posts.min.css?ver=1724415523\">\t\t<div class=\"elementor-posts-container elementor-posts elementor-posts--skin-cards elementor-grid\">\n\t\t\t\t<article class=\"elementor-post elementor-grid-item post-6595 post type-post status-publish format-standard has-post-thumbnail hentry category-uncategorized-sk\">\n\t\t\t<div class=\"elementor-post__card\">\n\t\t\t\t<a class=\"elementor-post__thumbnail__link\" href=\"https:\/\/awareproject.eu\/sk\/understanding-captcha-enhancing-security-and-user-experience\/\" tabindex=\"-1\"><div class=\"elementor-post__thumbnail\"><img decoding=\"async\" width=\"1200\" height=\"630\" src=\"https:\/\/awareproject.eu\/wp-content\/uploads\/2023\/06\/Captcha.jpg\" class=\"attachment-full size-full wp-image-6572\" alt=\"\" srcset=\"https:\/\/awareproject.eu\/wp-content\/uploads\/2023\/06\/Captcha.jpg 1200w, https:\/\/awareproject.eu\/wp-content\/uploads\/2023\/06\/Captcha-300x158.jpg 300w, https:\/\/awareproject.eu\/wp-content\/uploads\/2023\/06\/Captcha-1024x538.jpg 1024w, https:\/\/awareproject.eu\/wp-content\/uploads\/2023\/06\/Captcha-768x403.jpg 768w, https:\/\/awareproject.eu\/wp-content\/uploads\/2023\/06\/Captcha-624x328.jpg 624w\" sizes=\"(max-width: 1200px) 100vw, 1200px\" \/><\/div><\/a>\n\t\t\t\t<div class=\"elementor-post__text\">\n\t\t\t\t<h3 class=\"elementor-post__title\">\n\t\t\t<a href=\"https:\/\/awareproject.eu\/sk\/understanding-captcha-enhancing-security-and-user-experience\/\">\n\t\t\t\tUnderstanding CAPTCHA: Enhancing Security and User Experience\t\t\t<\/a>\n\t\t<\/h3>\n\t\t\t\t<div class=\"elementor-post__excerpt\">\n\t\t\t<p>In the digital age, where online threats and malicious activities have become more widespread, it has become essential for websites to implement robust security measures<\/p>\n\t\t<\/div>\n\t\t\n\t\t<a class=\"elementor-post__read-more\" href=\"https:\/\/awareproject.eu\/sk\/understanding-captcha-enhancing-security-and-user-experience\/\" aria-label=\"Read more about Understanding CAPTCHA: Enhancing Security and User Experience\" tabindex=\"-1\">\n\t\t\tPre\u010d\u00edta\u0165 viac \u00bb\t\t<\/a>\n\n\t\t\t\t<\/div>\n\t\t\t\t<div class=\"elementor-post__meta-data\">\n\t\t\t\t\t<span class=\"elementor-post-date\">\n\t\t\t14\/06\/2023\t\t<\/span>\n\t\t\t\t<\/div>\n\t\t\t\t\t<\/div>\n\t\t<\/article>\n\t\t\t\t<article class=\"elementor-post elementor-grid-item post-6588 post type-post status-publish format-standard has-post-thumbnail hentry category-uncategorized-sk\">\n\t\t\t<div class=\"elementor-post__card\">\n\t\t\t\t<a class=\"elementor-post__thumbnail__link\" href=\"https:\/\/awareproject.eu\/sk\/awares-project-knowledge-base\/\" tabindex=\"-1\"><div class=\"elementor-post__thumbnail\"><img decoding=\"async\" width=\"1200\" height=\"630\" src=\"https:\/\/awareproject.eu\/wp-content\/uploads\/2023\/04\/AWAREs_Knowledge_Base_featured.jpg\" class=\"attachment-full size-full wp-image-6043\" alt=\"AWARE&#039;s project Knowledge Base Featured\" srcset=\"https:\/\/awareproject.eu\/wp-content\/uploads\/2023\/04\/AWAREs_Knowledge_Base_featured.jpg 1200w, https:\/\/awareproject.eu\/wp-content\/uploads\/2023\/04\/AWAREs_Knowledge_Base_featured-300x158.jpg 300w, https:\/\/awareproject.eu\/wp-content\/uploads\/2023\/04\/AWAREs_Knowledge_Base_featured-1024x538.jpg 1024w, https:\/\/awareproject.eu\/wp-content\/uploads\/2023\/04\/AWAREs_Knowledge_Base_featured-768x403.jpg 768w, https:\/\/awareproject.eu\/wp-content\/uploads\/2023\/04\/AWAREs_Knowledge_Base_featured-624x328.jpg 624w\" sizes=\"(max-width: 1200px) 100vw, 1200px\" \/><\/div><\/a>\n\t\t\t\t<div class=\"elementor-post__text\">\n\t\t\t\t<h3 class=\"elementor-post__title\">\n\t\t\t<a href=\"https:\/\/awareproject.eu\/sk\/awares-project-knowledge-base\/\">\n\t\t\t\tAWARE&#8217;s project Knowledge Base\t\t\t<\/a>\n\t\t<\/h3>\n\t\t\t\t<div class=\"elementor-post__excerpt\">\n\t\t\t<p>The AWARE project focuses on the development of didactic approaches, methodologies, and curriculum content to develop cybersecurity awareness and competencies, as a priority for the<\/p>\n\t\t<\/div>\n\t\t\n\t\t<a class=\"elementor-post__read-more\" href=\"https:\/\/awareproject.eu\/sk\/awares-project-knowledge-base\/\" aria-label=\"Read more about AWARE&#8217;s project Knowledge Base\" tabindex=\"-1\">\n\t\t\tPre\u010d\u00edta\u0165 viac \u00bb\t\t<\/a>\n\n\t\t\t\t<\/div>\n\t\t\t\t<div class=\"elementor-post__meta-data\">\n\t\t\t\t\t<span class=\"elementor-post-date\">\n\t\t\t31\/03\/2023\t\t<\/span>\n\t\t\t\t<\/div>\n\t\t\t\t\t<\/div>\n\t\t<\/article>\n\t\t\t\t<article class=\"elementor-post elementor-grid-item post-6581 post type-post status-publish format-standard has-post-thumbnail hentry category-uncategorized-sk\">\n\t\t\t<div class=\"elementor-post__card\">\n\t\t\t\t<a class=\"elementor-post__thumbnail__link\" href=\"https:\/\/awareproject.eu\/sk\/the-vital-connection-between-ai-cybersecurity-vocational-training-and-smes\/\" tabindex=\"-1\"><div class=\"elementor-post__thumbnail\"><img loading=\"lazy\" decoding=\"async\" width=\"1200\" height=\"630\" src=\"https:\/\/awareproject.eu\/wp-content\/uploads\/2023\/02\/Pic1_Post01_23_AI-1.png\" class=\"attachment-full size-full wp-image-4981\" alt=\"\" srcset=\"https:\/\/awareproject.eu\/wp-content\/uploads\/2023\/02\/Pic1_Post01_23_AI-1.png 1200w, https:\/\/awareproject.eu\/wp-content\/uploads\/2023\/02\/Pic1_Post01_23_AI-1-300x158.png 300w, https:\/\/awareproject.eu\/wp-content\/uploads\/2023\/02\/Pic1_Post01_23_AI-1-1024x538.png 1024w, https:\/\/awareproject.eu\/wp-content\/uploads\/2023\/02\/Pic1_Post01_23_AI-1-768x403.png 768w, https:\/\/awareproject.eu\/wp-content\/uploads\/2023\/02\/Pic1_Post01_23_AI-1-624x328.png 624w\" sizes=\"(max-width: 1200px) 100vw, 1200px\" \/><\/div><\/a>\n\t\t\t\t<div class=\"elementor-post__text\">\n\t\t\t\t<h3 class=\"elementor-post__title\">\n\t\t\t<a href=\"https:\/\/awareproject.eu\/sk\/the-vital-connection-between-ai-cybersecurity-vocational-training-and-smes\/\">\n\t\t\t\tThe Vital Connection between AI, Cybersecurity, Vocational Training, and SMEs\t\t\t<\/a>\n\t\t<\/h3>\n\t\t\t\t<div class=\"elementor-post__excerpt\">\n\t\t\t<p>Artificial Intelligence (AI) has rapidly become one of the most transformative technologies of our time. With its ability to automate routine tasks and make sense<\/p>\n\t\t<\/div>\n\t\t\n\t\t<a class=\"elementor-post__read-more\" href=\"https:\/\/awareproject.eu\/sk\/the-vital-connection-between-ai-cybersecurity-vocational-training-and-smes\/\" aria-label=\"Read more about The Vital Connection between AI, Cybersecurity, Vocational Training, and SMEs\" tabindex=\"-1\">\n\t\t\tPre\u010d\u00edta\u0165 viac \u00bb\t\t<\/a>\n\n\t\t\t\t<\/div>\n\t\t\t\t<div class=\"elementor-post__meta-data\">\n\t\t\t\t\t<span class=\"elementor-post-date\">\n\t\t\t30\/01\/2023\t\t<\/span>\n\t\t\t\t<\/div>\n\t\t\t\t\t<\/div>\n\t\t<\/article>\n\t\t\t\t<article class=\"elementor-post elementor-grid-item post-4954 post type-post status-publish format-standard has-post-thumbnail hentry category-uncategorized-sk\">\n\t\t\t<div class=\"elementor-post__card\">\n\t\t\t\t<a class=\"elementor-post__thumbnail__link\" href=\"https:\/\/awareproject.eu\/sk\/how-to-become-a-cyber-security-specialist-with-netaacad\/\" tabindex=\"-1\"><div class=\"elementor-post__thumbnail\"><img loading=\"lazy\" decoding=\"async\" width=\"1200\" height=\"630\" src=\"https:\/\/awareproject.eu\/wp-content\/uploads\/2022\/11\/Aware_21-11_featured.jpg\" class=\"attachment-full size-full wp-image-4932\" alt=\"\" srcset=\"https:\/\/awareproject.eu\/wp-content\/uploads\/2022\/11\/Aware_21-11_featured.jpg 1200w, https:\/\/awareproject.eu\/wp-content\/uploads\/2022\/11\/Aware_21-11_featured-300x158.jpg 300w, https:\/\/awareproject.eu\/wp-content\/uploads\/2022\/11\/Aware_21-11_featured-1024x538.jpg 1024w, https:\/\/awareproject.eu\/wp-content\/uploads\/2022\/11\/Aware_21-11_featured-768x403.jpg 768w, https:\/\/awareproject.eu\/wp-content\/uploads\/2022\/11\/Aware_21-11_featured-624x328.jpg 624w\" sizes=\"(max-width: 1200px) 100vw, 1200px\" \/><\/div><\/a>\n\t\t\t\t<div class=\"elementor-post__text\">\n\t\t\t\t<h3 class=\"elementor-post__title\">\n\t\t\t<a href=\"https:\/\/awareproject.eu\/sk\/how-to-become-a-cyber-security-specialist-with-netaacad\/\">\n\t\t\t\tHow to become a Cyber Security specialist with NetaAcad\t\t\t<\/a>\n\t\t<\/h3>\n\t\t\t\t<div class=\"elementor-post__excerpt\">\n\t\t\t<p>You&#8217;ve probably heard one of the hundreds of news stories about a data breach at a large corporation or even the government. Was your credit<\/p>\n\t\t<\/div>\n\t\t\n\t\t<a class=\"elementor-post__read-more\" href=\"https:\/\/awareproject.eu\/sk\/how-to-become-a-cyber-security-specialist-with-netaacad\/\" aria-label=\"Read more about How to become a Cyber Security specialist with NetaAcad\" tabindex=\"-1\">\n\t\t\tPre\u010d\u00edta\u0165 viac \u00bb\t\t<\/a>\n\n\t\t\t\t<\/div>\n\t\t\t\t<div class=\"elementor-post__meta-data\">\n\t\t\t\t\t<span class=\"elementor-post-date\">\n\t\t\t21\/11\/2022\t\t<\/span>\n\t\t\t\t<\/div>\n\t\t\t\t\t<\/div>\n\t\t<\/article>\n\t\t\t\t<article class=\"elementor-post elementor-grid-item post-4723 post type-post status-publish format-standard has-post-thumbnail hentry category-uncategorized-sk\">\n\t\t\t<div class=\"elementor-post__card\">\n\t\t\t\t<a class=\"elementor-post__thumbnail__link\" href=\"https:\/\/awareproject.eu\/sk\/cyber-night-2022\/\" tabindex=\"-1\"><div class=\"elementor-post__thumbnail\"><img loading=\"lazy\" decoding=\"async\" width=\"1200\" height=\"630\" src=\"https:\/\/awareproject.eu\/wp-content\/uploads\/2022\/10\/featured-article_31-10.png\" class=\"attachment-full size-full wp-image-4628\" alt=\"\" srcset=\"https:\/\/awareproject.eu\/wp-content\/uploads\/2022\/10\/featured-article_31-10.png 1200w, https:\/\/awareproject.eu\/wp-content\/uploads\/2022\/10\/featured-article_31-10-300x158.png 300w, https:\/\/awareproject.eu\/wp-content\/uploads\/2022\/10\/featured-article_31-10-1024x538.png 1024w, https:\/\/awareproject.eu\/wp-content\/uploads\/2022\/10\/featured-article_31-10-768x403.png 768w, https:\/\/awareproject.eu\/wp-content\/uploads\/2022\/10\/featured-article_31-10-624x328.png 624w\" sizes=\"(max-width: 1200px) 100vw, 1200px\" \/><\/div><\/a>\n\t\t\t\t<div class=\"elementor-post__text\">\n\t\t\t\t<h3 class=\"elementor-post__title\">\n\t\t\t<a href=\"https:\/\/awareproject.eu\/sk\/cyber-night-2022\/\">\n\t\t\t\tCYBER Night 2022\t\t\t<\/a>\n\t\t<\/h3>\n\t\t\t\t<div class=\"elementor-post__excerpt\">\n\t\t\t<p>4th annual Capture the Flag competition for students at the facilities of the Chamber of Commerce and Industry of Slovenia took place on the 7th<\/p>\n\t\t<\/div>\n\t\t\n\t\t<a class=\"elementor-post__read-more\" href=\"https:\/\/awareproject.eu\/sk\/cyber-night-2022\/\" aria-label=\"Read more about CYBER Night 2022\" tabindex=\"-1\">\n\t\t\tPre\u010d\u00edta\u0165 viac \u00bb\t\t<\/a>\n\n\t\t\t\t<\/div>\n\t\t\t\t<div class=\"elementor-post__meta-data\">\n\t\t\t\t\t<span class=\"elementor-post-date\">\n\t\t\t31\/10\/2022\t\t<\/span>\n\t\t\t\t<\/div>\n\t\t\t\t\t<\/div>\n\t\t<\/article>\n\t\t\t\t<article class=\"elementor-post elementor-grid-item post-4813 post type-post status-publish format-standard has-post-thumbnail hentry category-uncategorized-sk\">\n\t\t\t<div class=\"elementor-post__card\">\n\t\t\t\t<a class=\"elementor-post__thumbnail__link\" href=\"https:\/\/awareproject.eu\/sk\/bootcamp\/\" tabindex=\"-1\"><div class=\"elementor-post__thumbnail\"><img loading=\"lazy\" decoding=\"async\" width=\"1200\" height=\"630\" src=\"https:\/\/awareproject.eu\/wp-content\/uploads\/2022\/11\/08.11.2022.jpg\" class=\"attachment-full size-full wp-image-4751\" alt=\"\" srcset=\"https:\/\/awareproject.eu\/wp-content\/uploads\/2022\/11\/08.11.2022.jpg 1200w, https:\/\/awareproject.eu\/wp-content\/uploads\/2022\/11\/08.11.2022-300x158.jpg 300w, https:\/\/awareproject.eu\/wp-content\/uploads\/2022\/11\/08.11.2022-1024x538.jpg 1024w, https:\/\/awareproject.eu\/wp-content\/uploads\/2022\/11\/08.11.2022-768x403.jpg 768w, https:\/\/awareproject.eu\/wp-content\/uploads\/2022\/11\/08.11.2022-624x328.jpg 624w\" sizes=\"(max-width: 1200px) 100vw, 1200px\" \/><\/div><\/a>\n\t\t\t\t<div class=\"elementor-post__text\">\n\t\t\t\t<h3 class=\"elementor-post__title\">\n\t\t\t<a href=\"https:\/\/awareproject.eu\/sk\/bootcamp\/\">\n\t\t\t\tBOOTCAMP\t\t\t<\/a>\n\t\t<\/h3>\n\t\t\t\t<div class=\"elementor-post__excerpt\">\n\t\t\t<p>From 16 to 19 August, an active-educational camp called bootcamp, was held in Portoro\u017e for students, with the aim of selecting the Slovenian Team for<\/p>\n\t\t<\/div>\n\t\t\n\t\t<a class=\"elementor-post__read-more\" href=\"https:\/\/awareproject.eu\/sk\/bootcamp\/\" aria-label=\"Read more about BOOTCAMP\" tabindex=\"-1\">\n\t\t\tPre\u010d\u00edta\u0165 viac \u00bb\t\t<\/a>\n\n\t\t\t\t<\/div>\n\t\t\t\t<div class=\"elementor-post__meta-data\">\n\t\t\t\t\t<span class=\"elementor-post-date\">\n\t\t\t12\/09\/2022\t\t<\/span>\n\t\t\t\t<\/div>\n\t\t\t\t\t<\/div>\n\t\t<\/article>\n\t\t\t\t<article class=\"elementor-post elementor-grid-item post-3322 post type-post status-publish format-standard has-post-thumbnail hentry category-uncategorized-sk\">\n\t\t\t<div class=\"elementor-post__card\">\n\t\t\t\t<a class=\"elementor-post__thumbnail__link\" href=\"https:\/\/awareproject.eu\/sk\/we-got-approved\/\" tabindex=\"-1\"><div class=\"elementor-post__thumbnail\"><img loading=\"lazy\" decoding=\"async\" width=\"1200\" height=\"630\" src=\"https:\/\/awareproject.eu\/wp-content\/uploads\/2022\/04\/news-Featured-Aware.jpg\" class=\"attachment-full size-full wp-image-2668\" alt=\"news-Featured-Aware\" srcset=\"https:\/\/awareproject.eu\/wp-content\/uploads\/2022\/04\/news-Featured-Aware.jpg 1200w, https:\/\/awareproject.eu\/wp-content\/uploads\/2022\/04\/news-Featured-Aware-300x158.jpg 300w, https:\/\/awareproject.eu\/wp-content\/uploads\/2022\/04\/news-Featured-Aware-1024x538.jpg 1024w, https:\/\/awareproject.eu\/wp-content\/uploads\/2022\/04\/news-Featured-Aware-768x403.jpg 768w, https:\/\/awareproject.eu\/wp-content\/uploads\/2022\/04\/news-Featured-Aware-624x328.jpg 624w\" sizes=\"(max-width: 1200px) 100vw, 1200px\" \/><\/div><\/a>\n\t\t\t\t<div class=\"elementor-post__text\">\n\t\t\t\t<h3 class=\"elementor-post__title\">\n\t\t\t<a href=\"https:\/\/awareproject.eu\/sk\/we-got-approved\/\">\n\t\t\t\tWe got approved!\t\t\t<\/a>\n\t\t<\/h3>\n\t\t\t\t<div class=\"elementor-post__excerpt\">\n\t\t\t<p>Our up-to-date Erasmus+ (KA2) project is ready to begin! Aware project will last 24 months, dated from 11.2021 to 11.2023. It focuses on \u201cbuilding skills<\/p>\n\t\t<\/div>\n\t\t\n\t\t<a class=\"elementor-post__read-more\" href=\"https:\/\/awareproject.eu\/sk\/we-got-approved\/\" aria-label=\"Read more about We got approved!\" tabindex=\"-1\">\n\t\t\tPre\u010d\u00edta\u0165 viac \u00bb\t\t<\/a>\n\n\t\t\t\t<\/div>\n\t\t\t\t<div class=\"elementor-post__meta-data\">\n\t\t\t\t\t<span class=\"elementor-post-date\">\n\t\t\t27\/06\/2022\t\t<\/span>\n\t\t\t\t<\/div>\n\t\t\t\t\t<\/div>\n\t\t<\/article>\n\t\t\t\t<article class=\"elementor-post elementor-grid-item post-3321 post type-post status-publish format-standard has-post-thumbnail hentry category-uncategorized-sk\">\n\t\t\t<div class=\"elementor-post__card\">\n\t\t\t\t<a class=\"elementor-post__thumbnail__link\" href=\"https:\/\/awareproject.eu\/sk\/aware-in-simple-terms\/\" tabindex=\"-1\"><div class=\"elementor-post__thumbnail\"><img loading=\"lazy\" decoding=\"async\" width=\"1200\" height=\"630\" src=\"https:\/\/awareproject.eu\/wp-content\/uploads\/2022\/04\/materials-Featured-Aware.jpg\" class=\"attachment-full size-full wp-image-2661\" alt=\"materials-Featured-Aware\" srcset=\"https:\/\/awareproject.eu\/wp-content\/uploads\/2022\/04\/materials-Featured-Aware.jpg 1200w, https:\/\/awareproject.eu\/wp-content\/uploads\/2022\/04\/materials-Featured-Aware-300x158.jpg 300w, https:\/\/awareproject.eu\/wp-content\/uploads\/2022\/04\/materials-Featured-Aware-1024x538.jpg 1024w, https:\/\/awareproject.eu\/wp-content\/uploads\/2022\/04\/materials-Featured-Aware-768x403.jpg 768w, https:\/\/awareproject.eu\/wp-content\/uploads\/2022\/04\/materials-Featured-Aware-624x328.jpg 624w\" sizes=\"(max-width: 1200px) 100vw, 1200px\" \/><\/div><\/a>\n\t\t\t\t<div class=\"elementor-post__text\">\n\t\t\t\t<h3 class=\"elementor-post__title\">\n\t\t\t<a href=\"https:\/\/awareproject.eu\/sk\/aware-in-simple-terms\/\">\n\t\t\t\tAware in simple terms\t\t\t<\/a>\n\t\t<\/h3>\n\t\t\t\t<div class=\"elementor-post__excerpt\">\n\t\t\t<p>We know well that ICT, information security, digital transformation, cybersecurity etc. are not easy-to-understand terms. So, let\u2019s see Aware with new eyes. What is it<\/p>\n\t\t<\/div>\n\t\t\n\t\t<a class=\"elementor-post__read-more\" href=\"https:\/\/awareproject.eu\/sk\/aware-in-simple-terms\/\" aria-label=\"Read more about Aware in simple terms\" tabindex=\"-1\">\n\t\t\tPre\u010d\u00edta\u0165 viac \u00bb\t\t<\/a>\n\n\t\t\t\t<\/div>\n\t\t\t\t<div class=\"elementor-post__meta-data\">\n\t\t\t\t\t<span class=\"elementor-post-date\">\n\t\t\t27\/06\/2022\t\t<\/span>\n\t\t\t\t<\/div>\n\t\t\t\t\t<\/div>\n\t\t<\/article>\n\t\t\t\t<article class=\"elementor-post elementor-grid-item post-3316 post type-post status-publish format-standard has-post-thumbnail hentry category-uncategorized-sk\">\n\t\t\t<div class=\"elementor-post__card\">\n\t\t\t\t<a class=\"elementor-post__thumbnail__link\" href=\"https:\/\/awareproject.eu\/sk\/our-kick-off-meeting\/\" tabindex=\"-1\"><div class=\"elementor-post__thumbnail\"><img loading=\"lazy\" decoding=\"async\" width=\"1200\" height=\"630\" src=\"https:\/\/awareproject.eu\/wp-content\/uploads\/2022\/04\/partners-Featured-Aware.jpg\" class=\"attachment-full size-full wp-image-2537\" alt=\"partners-Featured-Aware\" srcset=\"https:\/\/awareproject.eu\/wp-content\/uploads\/2022\/04\/partners-Featured-Aware.jpg 1200w, https:\/\/awareproject.eu\/wp-content\/uploads\/2022\/04\/partners-Featured-Aware-300x158.jpg 300w, https:\/\/awareproject.eu\/wp-content\/uploads\/2022\/04\/partners-Featured-Aware-1024x538.jpg 1024w, https:\/\/awareproject.eu\/wp-content\/uploads\/2022\/04\/partners-Featured-Aware-768x403.jpg 768w, https:\/\/awareproject.eu\/wp-content\/uploads\/2022\/04\/partners-Featured-Aware-624x328.jpg 624w\" sizes=\"(max-width: 1200px) 100vw, 1200px\" \/><\/div><\/a>\n\t\t\t\t<div class=\"elementor-post__text\">\n\t\t\t\t<h3 class=\"elementor-post__title\">\n\t\t\t<a href=\"https:\/\/awareproject.eu\/sk\/our-kick-off-meeting\/\">\n\t\t\t\tOur Kick-off Meeting\t\t\t<\/a>\n\t\t<\/h3>\n\t\t\t\t<div class=\"elementor-post__excerpt\">\n\t\t\t<p>The 1st transnational kick off meeting of Aware took place on February 3rd 2022. Respecting the measures applied in many countries due to the Covid-19<\/p>\n\t\t<\/div>\n\t\t\n\t\t<a class=\"elementor-post__read-more\" href=\"https:\/\/awareproject.eu\/sk\/our-kick-off-meeting\/\" aria-label=\"Read more about Our Kick-off Meeting\" tabindex=\"-1\">\n\t\t\tPre\u010d\u00edta\u0165 viac \u00bb\t\t<\/a>\n\n\t\t\t\t<\/div>\n\t\t\t\t<div class=\"elementor-post__meta-data\">\n\t\t\t\t\t<span class=\"elementor-post-date\">\n\t\t\t27\/06\/2022\t\t<\/span>\n\t\t\t\t<\/div>\n\t\t\t\t\t<\/div>\n\t\t<\/article>\n\t\t\t\t<\/div>\n\t\t\n\t\t\t\t<\/div>\n\t\t\t\t<\/div>\n\t\t\t\t\t<\/div>\n\t\t<\/div>\n\t\t\t\t\t<\/div>\n\t\t<\/section>\n\t\t\t\t<\/div>\n\t\t","protected":false},"excerpt":{"rendered":"<p>Na\u0161e novinky Ni\u017e\u0161ie n\u00e1jdete na\u0161e novinky a posledn\u00e9 aktualiz\u00e1cie projektu! Pre\u010d\u00edtajte si, kde sme a \u010do sme doteraz urobili!<\/p>\n","protected":false},"author":4,"featured_media":3147,"parent":0,"menu_order":0,"comment_status":"closed","ping_status":"closed","template":"","meta":{"footnotes":""},"class_list":["post-3146","page","type-page","status-publish","has-post-thumbnail","hentry"],"_links":{"self":[{"href":"https:\/\/awareproject.eu\/sk\/wp-json\/wp\/v2\/pages\/3146","targetHints":{"allow":["GET"]}}],"collection":[{"href":"https:\/\/awareproject.eu\/sk\/wp-json\/wp\/v2\/pages"}],"about":[{"href":"https:\/\/awareproject.eu\/sk\/wp-json\/wp\/v2\/types\/page"}],"author":[{"embeddable":true,"href":"https:\/\/awareproject.eu\/sk\/wp-json\/wp\/v2\/users\/4"}],"replies":[{"embeddable":true,"href":"https:\/\/awareproject.eu\/sk\/wp-json\/wp\/v2\/comments?post=3146"}],"version-history":[{"count":4,"href":"https:\/\/awareproject.eu\/sk\/wp-json\/wp\/v2\/pages\/3146\/revisions"}],"predecessor-version":[{"id":6618,"href":"https:\/\/awareproject.eu\/sk\/wp-json\/wp\/v2\/pages\/3146\/revisions\/6618"}],"wp:featuredmedia":[{"embeddable":true,"href":"https:\/\/awareproject.eu\/sk\/wp-json\/wp\/v2\/media\/3147"}],"wp:attachment":[{"href":"https:\/\/awareproject.eu\/sk\/wp-json\/wp\/v2\/media?parent=3146"}],"curies":[{"name":"wp","href":"https:\/\/api.w.org\/{rel}","templated":true}]}}