{"id":3112,"date":"2022-06-27T08:35:08","date_gmt":"2022-06-27T08:35:08","guid":{"rendered":"https:\/\/awareproject.eu\/material\/"},"modified":"2023-12-20T13:36:39","modified_gmt":"2023-12-20T13:36:39","slug":"material-sk","status":"publish","type":"page","link":"https:\/\/awareproject.eu\/sk\/material-sk\/","title":{"rendered":"Materi\u00e1l"},"content":{"rendered":"\t\t<div data-elementor-type=\"wp-page\" data-elementor-id=\"3112\" class=\"elementor elementor-3112 elementor-1543\" data-elementor-post-type=\"page\">\n\t\t\t\t\t\t<section class=\"elementor-section elementor-top-section elementor-element elementor-element-dd1730b elementor-section-boxed elementor-section-height-default elementor-section-height-default\" data-id=\"dd1730b\" data-element_type=\"section\">\n\t\t\t\t\t\t<div class=\"elementor-container elementor-column-gap-default\">\n\t\t\t\t\t<div class=\"elementor-column elementor-col-100 elementor-top-column elementor-element elementor-element-22675a6\" data-id=\"22675a6\" data-element_type=\"column\">\n\t\t\t<div class=\"elementor-widget-wrap elementor-element-populated\">\n\t\t\t\t\t\t<div class=\"elementor-element elementor-element-c155759 elementor-widget elementor-widget-heading\" data-id=\"c155759\" data-element_type=\"widget\" data-widget_type=\"heading.default\">\n\t\t\t\t<div class=\"elementor-widget-container\">\n\t\t\t<style>\/*! elementor - v3.23.0 - 05-08-2024 *\/\n.elementor-heading-title{padding:0;margin:0;line-height:1}.elementor-widget-heading .elementor-heading-title[class*=elementor-size-]>a{color:inherit;font-size:inherit;line-height:inherit}.elementor-widget-heading .elementor-heading-title.elementor-size-small{font-size:15px}.elementor-widget-heading .elementor-heading-title.elementor-size-medium{font-size:19px}.elementor-widget-heading .elementor-heading-title.elementor-size-large{font-size:29px}.elementor-widget-heading .elementor-heading-title.elementor-size-xl{font-size:39px}.elementor-widget-heading .elementor-heading-title.elementor-size-xxl{font-size:59px}<\/style><h1 class=\"elementor-heading-title elementor-size-default\">Materi\u00e1l<\/h1>\t\t<\/div>\n\t\t\t\t<\/div>\n\t\t\t\t\t<\/div>\n\t\t<\/div>\n\t\t\t\t\t<\/div>\n\t\t<\/section>\n\t\t\t\t<section class=\"elementor-section elementor-top-section elementor-element elementor-element-b1d8db5 elementor-section-boxed elementor-section-height-default elementor-section-height-default\" data-id=\"b1d8db5\" data-element_type=\"section\">\n\t\t\t\t\t\t<div class=\"elementor-container elementor-column-gap-default\">\n\t\t\t\t\t<div class=\"elementor-column elementor-col-50 elementor-top-column elementor-element elementor-element-5e59c92\" data-id=\"5e59c92\" data-element_type=\"column\">\n\t\t\t<div class=\"elementor-widget-wrap elementor-element-populated\">\n\t\t\t\t\t\t<div class=\"elementor-element elementor-element-cc3e664 elementor-widget elementor-widget-image\" data-id=\"cc3e664\" data-element_type=\"widget\" data-widget_type=\"image.default\">\n\t\t\t\t<div class=\"elementor-widget-container\">\n\t\t\t<style>\/*! elementor - v3.23.0 - 05-08-2024 *\/\n.elementor-widget-image{text-align:center}.elementor-widget-image a{display:inline-block}.elementor-widget-image a img[src$=\".svg\"]{width:48px}.elementor-widget-image img{vertical-align:middle;display:inline-block}<\/style>\t\t\t\t\t\t\t\t\t\t\t<a href=\"https:\/\/awareproject.eu\/wp-content\/uploads\/2023\/09\/AWARE_Poster_SK_compressed.pdf\" target=\"_blank\">\n\t\t\t\t\t\t\t<img fetchpriority=\"high\" decoding=\"async\" width=\"1000\" height=\"667\" src=\"https:\/\/awareproject.eu\/wp-content\/uploads\/2023\/06\/AWARE_Poster_SK.png\" class=\"attachment-full size-full wp-image-6444\" alt=\"\" srcset=\"https:\/\/awareproject.eu\/wp-content\/uploads\/2023\/06\/AWARE_Poster_SK.png 1000w, https:\/\/awareproject.eu\/wp-content\/uploads\/2023\/06\/AWARE_Poster_SK-300x200.png 300w, https:\/\/awareproject.eu\/wp-content\/uploads\/2023\/06\/AWARE_Poster_SK-768x512.png 768w, https:\/\/awareproject.eu\/wp-content\/uploads\/2023\/06\/AWARE_Poster_SK-624x416.png 624w\" sizes=\"(max-width: 1000px) 100vw, 1000px\" \/>\t\t\t\t\t\t\t\t<\/a>\n\t\t\t\t\t\t\t\t\t\t\t\t\t<\/div>\n\t\t\t\t<\/div>\n\t\t\t\t<div class=\"elementor-element elementor-element-4ecaf9b elementor-align-center elementor-widget elementor-widget-button\" data-id=\"4ecaf9b\" data-element_type=\"widget\" data-widget_type=\"button.default\">\n\t\t\t\t<div class=\"elementor-widget-container\">\n\t\t\t\t\t<div class=\"elementor-button-wrapper\">\n\t\t\t<a class=\"elementor-button elementor-button-link elementor-size-sm\" href=\"https:\/\/awareproject.eu\/wp-content\/uploads\/2023\/09\/AWARE_Poster_SK_compressed.pdf\" target=\"_blank\">\n\t\t\t\t\t\t<span class=\"elementor-button-content-wrapper\">\n\t\t\t\t\t\t<span class=\"elementor-button-icon\">\n\t\t\t\t<i aria-hidden=\"true\" class=\"fas fa-eye\"><\/i>\t\t\t<\/span>\n\t\t\t\t\t\t\t\t\t<span class=\"elementor-button-text\"> Pozrie\u0165 tu<\/span>\n\t\t\t\t\t<\/span>\n\t\t\t\t\t<\/a>\n\t\t<\/div>\n\t\t\t\t<\/div>\n\t\t\t\t<\/div>\n\t\t\t\t<div class=\"elementor-element elementor-element-b74fb86 elementor-widget elementor-widget-spacer\" data-id=\"b74fb86\" data-element_type=\"widget\" data-widget_type=\"spacer.default\">\n\t\t\t\t<div class=\"elementor-widget-container\">\n\t\t\t<style>\/*! elementor - v3.23.0 - 05-08-2024 *\/\n.elementor-column .elementor-spacer-inner{height:var(--spacer-size)}.e-con{--container-widget-width:100%}.e-con-inner>.elementor-widget-spacer,.e-con>.elementor-widget-spacer{width:var(--container-widget-width,var(--spacer-size));--align-self:var(--container-widget-align-self,initial);--flex-shrink:0}.e-con-inner>.elementor-widget-spacer>.elementor-widget-container,.e-con>.elementor-widget-spacer>.elementor-widget-container{height:100%;width:100%}.e-con-inner>.elementor-widget-spacer>.elementor-widget-container>.elementor-spacer,.e-con>.elementor-widget-spacer>.elementor-widget-container>.elementor-spacer{height:100%}.e-con-inner>.elementor-widget-spacer>.elementor-widget-container>.elementor-spacer>.elementor-spacer-inner,.e-con>.elementor-widget-spacer>.elementor-widget-container>.elementor-spacer>.elementor-spacer-inner{height:var(--container-widget-height,var(--spacer-size))}.e-con-inner>.elementor-widget-spacer.elementor-widget-empty,.e-con>.elementor-widget-spacer.elementor-widget-empty{position:relative;min-height:22px;min-width:22px}.e-con-inner>.elementor-widget-spacer.elementor-widget-empty .elementor-widget-empty-icon,.e-con>.elementor-widget-spacer.elementor-widget-empty .elementor-widget-empty-icon{position:absolute;top:0;bottom:0;left:0;right:0;margin:auto;padding:0;width:22px;height:22px}<\/style>\t\t<div class=\"elementor-spacer\">\n\t\t\t<div class=\"elementor-spacer-inner\"><\/div>\n\t\t<\/div>\n\t\t\t\t<\/div>\n\t\t\t\t<\/div>\n\t\t\t\t<div class=\"elementor-element elementor-element-dc0a3c4 elementor-widget elementor-widget-image\" data-id=\"dc0a3c4\" data-element_type=\"widget\" data-widget_type=\"image.default\">\n\t\t\t\t<div class=\"elementor-widget-container\">\n\t\t\t\t\t\t\t\t\t\t\t\t\t\t<a href=\"https:\/\/awareproject.eu\/wp-content\/uploads\/2023\/06\/AWARE_-Newsletter1_May2023_Final_SK.pdf\" target=\"_blank\">\n\t\t\t\t\t\t\t<img decoding=\"async\" width=\"1000\" height=\"667\" src=\"https:\/\/awareproject.eu\/wp-content\/uploads\/2023\/06\/newsletter_mockup-sk.png\" class=\"attachment-full size-full wp-image-6460\" alt=\"\" srcset=\"https:\/\/awareproject.eu\/wp-content\/uploads\/2023\/06\/newsletter_mockup-sk.png 1000w, https:\/\/awareproject.eu\/wp-content\/uploads\/2023\/06\/newsletter_mockup-sk-300x200.png 300w, https:\/\/awareproject.eu\/wp-content\/uploads\/2023\/06\/newsletter_mockup-sk-768x512.png 768w, https:\/\/awareproject.eu\/wp-content\/uploads\/2023\/06\/newsletter_mockup-sk-624x416.png 624w\" sizes=\"(max-width: 1000px) 100vw, 1000px\" \/>\t\t\t\t\t\t\t\t<\/a>\n\t\t\t\t\t\t\t\t\t\t\t\t\t<\/div>\n\t\t\t\t<\/div>\n\t\t\t\t<div class=\"elementor-element elementor-element-06063cd elementor-align-center elementor-widget elementor-widget-button\" data-id=\"06063cd\" data-element_type=\"widget\" data-widget_type=\"button.default\">\n\t\t\t\t<div class=\"elementor-widget-container\">\n\t\t\t\t\t<div class=\"elementor-button-wrapper\">\n\t\t\t<a class=\"elementor-button elementor-button-link elementor-size-sm\" href=\"https:\/\/awareproject.eu\/wp-content\/uploads\/2023\/06\/AWARE_-Newsletter1_May2023_Final_SK.pdf\" target=\"_blank\">\n\t\t\t\t\t\t<span class=\"elementor-button-content-wrapper\">\n\t\t\t\t\t\t<span class=\"elementor-button-icon\">\n\t\t\t\t<i aria-hidden=\"true\" class=\"fas fa-eye\"><\/i>\t\t\t<\/span>\n\t\t\t\t\t\t\t\t\t<span class=\"elementor-button-text\"> Pozrie\u0165 tu<\/span>\n\t\t\t\t\t<\/span>\n\t\t\t\t\t<\/a>\n\t\t<\/div>\n\t\t\t\t<\/div>\n\t\t\t\t<\/div>\n\t\t\t\t<div class=\"elementor-element elementor-element-32b47dc elementor-widget elementor-widget-image\" data-id=\"32b47dc\" data-element_type=\"widget\" data-widget_type=\"image.default\">\n\t\t\t\t<div class=\"elementor-widget-container\">\n\t\t\t\t\t\t\t\t\t\t\t\t\t\t<a href=\"https:\/\/awareproject.eu\/wp-content\/uploads\/2023\/12\/AWARE_-NewsletterNo.3_Nov2023_SKdigital-1.pdf\" target=\"_blank\">\n\t\t\t\t\t\t\t<img decoding=\"async\" width=\"1000\" height=\"667\" src=\"https:\/\/awareproject.eu\/wp-content\/uploads\/2023\/12\/aware_newsletter3_sk_mockup.png\" class=\"attachment-full size-full wp-image-8431\" alt=\"\" srcset=\"https:\/\/awareproject.eu\/wp-content\/uploads\/2023\/12\/aware_newsletter3_sk_mockup.png 1000w, https:\/\/awareproject.eu\/wp-content\/uploads\/2023\/12\/aware_newsletter3_sk_mockup-300x200.png 300w, https:\/\/awareproject.eu\/wp-content\/uploads\/2023\/12\/aware_newsletter3_sk_mockup-768x512.png 768w, https:\/\/awareproject.eu\/wp-content\/uploads\/2023\/12\/aware_newsletter3_sk_mockup-624x416.png 624w\" sizes=\"(max-width: 1000px) 100vw, 1000px\" \/>\t\t\t\t\t\t\t\t<\/a>\n\t\t\t\t\t\t\t\t\t\t\t\t\t<\/div>\n\t\t\t\t<\/div>\n\t\t\t\t<div class=\"elementor-element elementor-element-a19c586 elementor-align-center elementor-widget elementor-widget-button\" data-id=\"a19c586\" data-element_type=\"widget\" data-widget_type=\"button.default\">\n\t\t\t\t<div class=\"elementor-widget-container\">\n\t\t\t\t\t<div class=\"elementor-button-wrapper\">\n\t\t\t<a class=\"elementor-button elementor-button-link elementor-size-sm\" href=\"https:\/\/awareproject.eu\/wp-content\/uploads\/2023\/12\/AWARE_-NewsletterNo.3_Nov2023_SKdigital.pdf\" target=\"_blank\">\n\t\t\t\t\t\t<span class=\"elementor-button-content-wrapper\">\n\t\t\t\t\t\t<span class=\"elementor-button-icon\">\n\t\t\t\t<i aria-hidden=\"true\" class=\"fas fa-eye\"><\/i>\t\t\t<\/span>\n\t\t\t\t\t\t\t\t\t<span class=\"elementor-button-text\"> Pozrie\u0165 tu<\/span>\n\t\t\t\t\t<\/span>\n\t\t\t\t\t<\/a>\n\t\t<\/div>\n\t\t\t\t<\/div>\n\t\t\t\t<\/div>\n\t\t\t\t\t<\/div>\n\t\t<\/div>\n\t\t\t\t<div class=\"elementor-column elementor-col-50 elementor-top-column elementor-element elementor-element-15dd839\" data-id=\"15dd839\" data-element_type=\"column\">\n\t\t\t<div class=\"elementor-widget-wrap elementor-element-populated\">\n\t\t\t\t\t\t<div class=\"elementor-element elementor-element-7ea7ced elementor-widget elementor-widget-image\" data-id=\"7ea7ced\" data-element_type=\"widget\" data-widget_type=\"image.default\">\n\t\t\t\t<div class=\"elementor-widget-container\">\n\t\t\t\t\t\t\t\t\t\t\t\t\t\t<a href=\"https:\/\/awareproject.eu\/wp-content\/uploads\/2023\/09\/AWARE_Brochure_SK-2_compressed.pdf\" target=\"_blank\">\n\t\t\t\t\t\t\t<img loading=\"lazy\" decoding=\"async\" width=\"640\" height=\"427\" src=\"https:\/\/awareproject.eu\/wp-content\/uploads\/2023\/06\/sk-mockup_brochure.png\" class=\"attachment-large size-large wp-image-6436\" alt=\"\" srcset=\"https:\/\/awareproject.eu\/wp-content\/uploads\/2023\/06\/sk-mockup_brochure.png 1000w, https:\/\/awareproject.eu\/wp-content\/uploads\/2023\/06\/sk-mockup_brochure-300x200.png 300w, https:\/\/awareproject.eu\/wp-content\/uploads\/2023\/06\/sk-mockup_brochure-768x512.png 768w, https:\/\/awareproject.eu\/wp-content\/uploads\/2023\/06\/sk-mockup_brochure-624x416.png 624w\" sizes=\"(max-width: 640px) 100vw, 640px\" \/>\t\t\t\t\t\t\t\t<\/a>\n\t\t\t\t\t\t\t\t\t\t\t\t\t<\/div>\n\t\t\t\t<\/div>\n\t\t\t\t<div class=\"elementor-element elementor-element-3399eeb elementor-align-center elementor-widget elementor-widget-button\" data-id=\"3399eeb\" data-element_type=\"widget\" data-widget_type=\"button.default\">\n\t\t\t\t<div class=\"elementor-widget-container\">\n\t\t\t\t\t<div class=\"elementor-button-wrapper\">\n\t\t\t<a class=\"elementor-button elementor-button-link elementor-size-sm\" href=\"https:\/\/awareproject.eu\/wp-content\/uploads\/2023\/09\/AWARE_Brochure_SK-2_compressed.pdf\" target=\"_blank\">\n\t\t\t\t\t\t<span class=\"elementor-button-content-wrapper\">\n\t\t\t\t\t\t<span class=\"elementor-button-icon\">\n\t\t\t\t<i aria-hidden=\"true\" class=\"fas fa-eye\"><\/i>\t\t\t<\/span>\n\t\t\t\t\t\t\t\t\t<span class=\"elementor-button-text\"> Pozrie\u0165 tu<\/span>\n\t\t\t\t\t<\/span>\n\t\t\t\t\t<\/a>\n\t\t<\/div>\n\t\t\t\t<\/div>\n\t\t\t\t<\/div>\n\t\t\t\t<div class=\"elementor-element elementor-element-a5758ba elementor-widget elementor-widget-image\" data-id=\"a5758ba\" data-element_type=\"widget\" data-widget_type=\"image.default\">\n\t\t\t\t<div class=\"elementor-widget-container\">\n\t\t\t\t\t\t\t\t\t\t\t\t\t\t<a href=\"https:\/\/awareproject.eu\/wp-content\/uploads\/2023\/10\/AWARE_-NewsletterNo.2_Oct2023_SK.pdf\" target=\"_blank\">\n\t\t\t\t\t\t\t<img loading=\"lazy\" decoding=\"async\" width=\"1000\" height=\"750\" src=\"https:\/\/awareproject.eu\/wp-content\/uploads\/2023\/10\/newsletter-No.2-mockup.png\" class=\"attachment-full size-full wp-image-7705\" alt=\"\" srcset=\"https:\/\/awareproject.eu\/wp-content\/uploads\/2023\/10\/newsletter-No.2-mockup.png 1000w, https:\/\/awareproject.eu\/wp-content\/uploads\/2023\/10\/newsletter-No.2-mockup-300x225.png 300w, https:\/\/awareproject.eu\/wp-content\/uploads\/2023\/10\/newsletter-No.2-mockup-768x576.png 768w, https:\/\/awareproject.eu\/wp-content\/uploads\/2023\/10\/newsletter-No.2-mockup-624x468.png 624w\" sizes=\"(max-width: 1000px) 100vw, 1000px\" \/>\t\t\t\t\t\t\t\t<\/a>\n\t\t\t\t\t\t\t\t\t\t\t\t\t<\/div>\n\t\t\t\t<\/div>\n\t\t\t\t<div class=\"elementor-element elementor-element-4e1cc87 elementor-align-center elementor-widget elementor-widget-button\" data-id=\"4e1cc87\" data-element_type=\"widget\" data-widget_type=\"button.default\">\n\t\t\t\t<div class=\"elementor-widget-container\">\n\t\t\t\t\t<div class=\"elementor-button-wrapper\">\n\t\t\t<a class=\"elementor-button elementor-button-link elementor-size-sm\" href=\"https:\/\/awareproject.eu\/wp-content\/uploads\/2023\/10\/AWARE_-NewsletterNo.2_Oct2023_SK.pdf\" target=\"_blank\">\n\t\t\t\t\t\t<span class=\"elementor-button-content-wrapper\">\n\t\t\t\t\t\t<span class=\"elementor-button-icon\">\n\t\t\t\t<i aria-hidden=\"true\" class=\"fas fa-eye\"><\/i>\t\t\t<\/span>\n\t\t\t\t\t\t\t\t\t<span class=\"elementor-button-text\"> Pozrie\u0165 tu<\/span>\n\t\t\t\t\t<\/span>\n\t\t\t\t\t<\/a>\n\t\t<\/div>\n\t\t\t\t<\/div>\n\t\t\t\t<\/div>\n\t\t\t\t<div class=\"elementor-element elementor-element-23bbfdc elementor-widget elementor-widget-image\" data-id=\"23bbfdc\" data-element_type=\"widget\" data-widget_type=\"image.default\">\n\t\t\t\t<div class=\"elementor-widget-container\">\n\t\t\t\t\t\t\t\t\t\t\t\t\t\t<a href=\"https:\/\/awareproject.eu\/wp-content\/uploads\/2023\/12\/AWARE_-NewsletterNo.4_Dec2023_SK_compressed.pdf\" target=\"_blank\">\n\t\t\t\t\t\t\t<img loading=\"lazy\" decoding=\"async\" width=\"1000\" height=\"667\" src=\"https:\/\/awareproject.eu\/wp-content\/uploads\/2023\/12\/AWARE_-Newsletter4_mockup_SK.png\" class=\"attachment-full size-full wp-image-8737\" alt=\"\" srcset=\"https:\/\/awareproject.eu\/wp-content\/uploads\/2023\/12\/AWARE_-Newsletter4_mockup_SK.png 1000w, https:\/\/awareproject.eu\/wp-content\/uploads\/2023\/12\/AWARE_-Newsletter4_mockup_SK-300x200.png 300w, https:\/\/awareproject.eu\/wp-content\/uploads\/2023\/12\/AWARE_-Newsletter4_mockup_SK-768x512.png 768w, https:\/\/awareproject.eu\/wp-content\/uploads\/2023\/12\/AWARE_-Newsletter4_mockup_SK-624x416.png 624w\" sizes=\"(max-width: 1000px) 100vw, 1000px\" \/>\t\t\t\t\t\t\t\t<\/a>\n\t\t\t\t\t\t\t\t\t\t\t\t\t<\/div>\n\t\t\t\t<\/div>\n\t\t\t\t<div class=\"elementor-element elementor-element-60c059d elementor-align-center elementor-widget elementor-widget-button\" data-id=\"60c059d\" data-element_type=\"widget\" data-widget_type=\"button.default\">\n\t\t\t\t<div class=\"elementor-widget-container\">\n\t\t\t\t\t<div class=\"elementor-button-wrapper\">\n\t\t\t<a class=\"elementor-button elementor-button-link elementor-size-sm\" href=\"https:\/\/awareproject.eu\/wp-content\/uploads\/2023\/12\/AWARE_-NewsletterNo.4_Dec2023_SK_compressed.pdf\" target=\"_blank\">\n\t\t\t\t\t\t<span class=\"elementor-button-content-wrapper\">\n\t\t\t\t\t\t<span class=\"elementor-button-icon\">\n\t\t\t\t<i aria-hidden=\"true\" class=\"fas fa-eye\"><\/i>\t\t\t<\/span>\n\t\t\t\t\t\t\t\t\t<span class=\"elementor-button-text\"> Pozrie\u0165 tu<\/span>\n\t\t\t\t\t<\/span>\n\t\t\t\t\t<\/a>\n\t\t<\/div>\n\t\t\t\t<\/div>\n\t\t\t\t<\/div>\n\t\t\t\t\t<\/div>\n\t\t<\/div>\n\t\t\t\t\t<\/div>\n\t\t<\/section>\n\t\t\t\t<\/div>\n\t\t","protected":false},"excerpt":{"rendered":"<p>Materi\u00e1l Pozrie\u0165 tu Pozrie\u0165 tu Pozrie\u0165 tu Pozrie\u0165 tu Pozrie\u0165 tu Pozrie\u0165 tu<\/p>\n","protected":false},"author":4,"featured_media":0,"parent":0,"menu_order":0,"comment_status":"closed","ping_status":"closed","template":"","meta":{"footnotes":""},"class_list":["post-3112","page","type-page","status-publish","hentry"],"_links":{"self":[{"href":"https:\/\/awareproject.eu\/sk\/wp-json\/wp\/v2\/pages\/3112","targetHints":{"allow":["GET"]}}],"collection":[{"href":"https:\/\/awareproject.eu\/sk\/wp-json\/wp\/v2\/pages"}],"about":[{"href":"https:\/\/awareproject.eu\/sk\/wp-json\/wp\/v2\/types\/page"}],"author":[{"embeddable":true,"href":"https:\/\/awareproject.eu\/sk\/wp-json\/wp\/v2\/users\/4"}],"replies":[{"embeddable":true,"href":"https:\/\/awareproject.eu\/sk\/wp-json\/wp\/v2\/comments?post=3112"}],"version-history":[{"count":19,"href":"https:\/\/awareproject.eu\/sk\/wp-json\/wp\/v2\/pages\/3112\/revisions"}],"predecessor-version":[{"id":8766,"href":"https:\/\/awareproject.eu\/sk\/wp-json\/wp\/v2\/pages\/3112\/revisions\/8766"}],"wp:attachment":[{"href":"https:\/\/awareproject.eu\/sk\/wp-json\/wp\/v2\/media?parent=3112"}],"curies":[{"name":"wp","href":"https:\/\/api.w.org\/{rel}","templated":true}]}}