{"id":3070,"date":"2022-06-27T08:26:44","date_gmt":"2022-06-27T08:26:44","guid":{"rendered":"https:\/\/awareproject.eu\/projekt-aware\/"},"modified":"2022-06-27T10:22:22","modified_gmt":"2022-06-27T10:22:22","slug":"projekt-aware-sk","status":"publish","type":"page","link":"https:\/\/awareproject.eu\/sk\/projekt-aware-sk\/","title":{"rendered":"Projekt AWARE"},"content":{"rendered":"\t\t<div data-elementor-type=\"wp-page\" data-elementor-id=\"3070\" class=\"elementor elementor-3070 elementor-673\" data-elementor-post-type=\"page\">\n\t\t\t\t\t\t<section class=\"elementor-section elementor-top-section elementor-element elementor-element-f24e38b elementor-section-boxed elementor-section-height-default elementor-section-height-default\" data-id=\"f24e38b\" data-element_type=\"section\">\n\t\t\t\t\t\t<div class=\"elementor-container elementor-column-gap-default\">\n\t\t\t\t\t<div class=\"elementor-column elementor-col-100 elementor-top-column elementor-element elementor-element-e3dd03a\" data-id=\"e3dd03a\" data-element_type=\"column\">\n\t\t\t<div class=\"elementor-widget-wrap elementor-element-populated\">\n\t\t\t\t\t\t<div class=\"elementor-element elementor-element-01f88ef elementor-widget elementor-widget-heading\" data-id=\"01f88ef\" data-element_type=\"widget\" data-widget_type=\"heading.default\">\n\t\t\t\t<div class=\"elementor-widget-container\">\n\t\t\t<style>\/*! elementor - v3.23.0 - 05-08-2024 *\/\n.elementor-heading-title{padding:0;margin:0;line-height:1}.elementor-widget-heading .elementor-heading-title[class*=elementor-size-]>a{color:inherit;font-size:inherit;line-height:inherit}.elementor-widget-heading .elementor-heading-title.elementor-size-small{font-size:15px}.elementor-widget-heading .elementor-heading-title.elementor-size-medium{font-size:19px}.elementor-widget-heading .elementor-heading-title.elementor-size-large{font-size:29px}.elementor-widget-heading .elementor-heading-title.elementor-size-xl{font-size:39px}.elementor-widget-heading .elementor-heading-title.elementor-size-xxl{font-size:59px}<\/style><h1 class=\"elementor-heading-title elementor-size-default\">Projekt AWARE<\/h1>\t\t<\/div>\n\t\t\t\t<\/div>\n\t\t\t\t<div class=\"elementor-element elementor-element-0efe447 elementor-widget elementor-widget-heading\" data-id=\"0efe447\" data-element_type=\"widget\" data-widget_type=\"heading.default\">\n\t\t\t\t<div class=\"elementor-widget-container\">\n\t\t\t<h2 class=\"elementor-heading-title elementor-size-default\">POVEDOMIE o kybernetickej bezpe\u010dnosti v SO\u0160<\/h2>\t\t<\/div>\n\t\t\t\t<\/div>\n\t\t\t\t<div class=\"elementor-element elementor-element-599ec6f elementor-widget elementor-widget-image\" data-id=\"599ec6f\" data-element_type=\"widget\" data-widget_type=\"image.default\">\n\t\t\t\t<div class=\"elementor-widget-container\">\n\t\t\t<style>\/*! elementor - v3.23.0 - 05-08-2024 *\/\n.elementor-widget-image{text-align:center}.elementor-widget-image a{display:inline-block}.elementor-widget-image a img[src$=\".svg\"]{width:48px}.elementor-widget-image img{vertical-align:middle;display:inline-block}<\/style>\t\t\t\t\t\t\t\t\t\t<img fetchpriority=\"high\" decoding=\"async\" width=\"800\" height=\"527\" src=\"https:\/\/awareproject.eu\/wp-content\/uploads\/2022\/03\/cyber-security-banner@2.png\" class=\"attachment-full size-full wp-image-2497\" alt=\"Aware project\" srcset=\"https:\/\/awareproject.eu\/wp-content\/uploads\/2022\/03\/cyber-security-banner@2.png 800w, https:\/\/awareproject.eu\/wp-content\/uploads\/2022\/03\/cyber-security-banner@2-300x198.png 300w, https:\/\/awareproject.eu\/wp-content\/uploads\/2022\/03\/cyber-security-banner@2-768x506.png 768w, https:\/\/awareproject.eu\/wp-content\/uploads\/2022\/03\/cyber-security-banner@2-624x411.png 624w\" sizes=\"(max-width: 800px) 100vw, 800px\" \/>\t\t\t\t\t\t\t\t\t\t\t\t\t<\/div>\n\t\t\t\t<\/div>\n\t\t\t\t<div class=\"elementor-element elementor-element-b20efff elementor-widget elementor-widget-text-editor\" data-id=\"b20efff\" data-element_type=\"widget\" data-widget_type=\"text-editor.default\">\n\t\t\t\t<div class=\"elementor-widget-container\">\n\t\t\t<style>\/*! elementor - v3.23.0 - 05-08-2024 *\/\n.elementor-widget-text-editor.elementor-drop-cap-view-stacked .elementor-drop-cap{background-color:#69727d;color:#fff}.elementor-widget-text-editor.elementor-drop-cap-view-framed .elementor-drop-cap{color:#69727d;border:3px solid;background-color:transparent}.elementor-widget-text-editor:not(.elementor-drop-cap-view-default) .elementor-drop-cap{margin-top:8px}.elementor-widget-text-editor:not(.elementor-drop-cap-view-default) .elementor-drop-cap-letter{width:1em;height:1em}.elementor-widget-text-editor .elementor-drop-cap{float:left;text-align:center;line-height:1;font-size:50px}.elementor-widget-text-editor .elementor-drop-cap-letter{display:inline-block}<\/style>\t\t\t\tKybernetick\u00e9 \u00fatoky proti Z\u00e1stupcom mal\u00fdch a\u00a0stredn\u00fdch podnikov (SME) s\u00fa na vzostupe, preto\u017ee SME predstavuj\u00fa \u013eahk\u00fd ter\u010d. Ke\u010f\u017ee SME predstavuj\u00fa 99.8% v\u0161etk\u00fdch podnikov v\u00a0E\u00da, s\u00fa a\u00a0bud\u00fa pokra\u010dova\u0165 v\u00a0zamestn\u00e1van\u00ed dne\u0161n\u00fdch \u0161tudentov SO\u0160.\r\nNavy\u0161e, ve\u013ea spolo\u010dnost\u00ed tvrd\u00ed, \u017ee mlad\u00ed \u013eudia, kt. kon\u010dia vzdel\u00e1vanie, nie s\u00fa pripraven\u00ed na pracovn\u00e9 prostredie. Je celkov\u00fd nedostatok profesion\u00e1lov, kt. op\u00fa\u0161\u0165aj\u00fa priemysel a organiz\u00e1cie, kt. s\u00fa ohrozen\u00e9. Dodato\u010dne, nedostatok vedomia medzi mladou gener\u00e1ciou n\u00e1s taktie\u017e nech\u00e1va v ohrozen\u00ed.\r\nPreto je nevyhnutn\u00e9 venova\u0165 sa t\u00fdmto probl\u00e9mom.\t\t\t\t\t\t<\/div>\n\t\t\t\t<\/div>\n\t\t\t\t<section class=\"elementor-section elementor-inner-section elementor-element elementor-element-f329677 elementor-section-boxed elementor-section-height-default elementor-section-height-default\" data-id=\"f329677\" data-element_type=\"section\">\n\t\t\t\t\t\t<div class=\"elementor-container elementor-column-gap-default\">\n\t\t\t\t\t<div class=\"elementor-column elementor-col-50 elementor-inner-column elementor-element elementor-element-94504df\" data-id=\"94504df\" data-element_type=\"column\">\n\t\t\t<div class=\"elementor-widget-wrap elementor-element-populated\">\n\t\t\t\t\t\t<div class=\"elementor-element elementor-element-217b892 elementor-widget elementor-widget-text-editor\" data-id=\"217b892\" data-element_type=\"widget\" data-widget_type=\"text-editor.default\">\n\t\t\t\t<div class=\"elementor-widget-container\">\n\t\t\t\t\t\t\t<h2>Z\u00e1mer<\/h2>\r\nProject AWARE sa zameriava na rozvoj didaktick\u00fdch pr\u00edstupov, metodol\u00f3gi\u00ed a obsahu u\u010debn\u00fdch osnov na rozvoj povedomia a kompetenci\u00ed v oblasti kybernetickej bezpe\u010dnosti, ako je uveden\u00e9 ako priorita pre sektor SO\u0160.\t\t\t\t\t\t<\/div>\n\t\t\t\t<\/div>\n\t\t\t\t\t<\/div>\n\t\t<\/div>\n\t\t\t\t<div class=\"elementor-column elementor-col-50 elementor-inner-column elementor-element elementor-element-41db909\" data-id=\"41db909\" data-element_type=\"column\">\n\t\t\t<div class=\"elementor-widget-wrap elementor-element-populated\">\n\t\t\t\t\t\t<div class=\"elementor-element elementor-element-2c6c783 elementor-widget elementor-widget-image\" data-id=\"2c6c783\" data-element_type=\"widget\" data-widget_type=\"image.default\">\n\t\t\t\t<div class=\"elementor-widget-container\">\n\t\t\t\t\t\t\t\t\t\t\t\t\t<img decoding=\"async\" width=\"1107\" height=\"800\" src=\"https:\/\/awareproject.eu\/wp-content\/uploads\/2022\/03\/aims-banner@2.png\" class=\"attachment-full size-full wp-image-2503\" alt=\"project aware - aims\" srcset=\"https:\/\/awareproject.eu\/wp-content\/uploads\/2022\/03\/aims-banner@2.png 1107w, https:\/\/awareproject.eu\/wp-content\/uploads\/2022\/03\/aims-banner@2-300x217.png 300w, https:\/\/awareproject.eu\/wp-content\/uploads\/2022\/03\/aims-banner@2-1024x740.png 1024w, https:\/\/awareproject.eu\/wp-content\/uploads\/2022\/03\/aims-banner@2-768x555.png 768w, https:\/\/awareproject.eu\/wp-content\/uploads\/2022\/03\/aims-banner@2-624x451.png 624w\" sizes=\"(max-width: 1107px) 100vw, 1107px\" \/>\t\t\t\t\t\t\t\t\t\t\t\t\t<\/div>\n\t\t\t\t<\/div>\n\t\t\t\t\t<\/div>\n\t\t<\/div>\n\t\t\t\t\t<\/div>\n\t\t<\/section>\n\t\t\t\t<div class=\"elementor-element elementor-element-c75e855 elementor-widget elementor-widget-text-editor\" data-id=\"c75e855\" data-element_type=\"widget\" data-widget_type=\"text-editor.default\">\n\t\t\t\t<div class=\"elementor-widget-container\">\n\t\t\t\t\t\t\t<h2>Ciele<\/h2>\r\n<ul>\r\n \t<li>rie\u0161i\u0165 digit\u00e1lnu transform\u00e1ciu prostredn\u00edctvom digit\u00e1lnej pripravenosti, odolnosti a schopnosti<\/li>\r\n \t<li>zv\u00fd\u0161i\u0165 povedomie, posilni\u0165 a vybavi\u0165 z\u00fa\u010dastnen\u00e9 organiz\u00e1cie z\u00e1kladn\u00fdmi znalos\u0165ami v oblasti kybernetickej bezpe\u010dnosti<\/li>\r\n \t<li>zvy\u0161ova\u0165 povedomie a vzdel\u00e1va\u0165 o ot\u00e1zkach kybernetickej bezpe\u010dnosti medzi \u0161tudentami SO\u0160 a u\u010dite\u013emi v s\u00favislosti s digit\u00e1lnou transform\u00e1ciou priemyslu a organiz\u00e1ci\u00ed<\/li>\r\n \t<li>zvy\u0161ova\u0165 povedomie a vzdel\u00e1va\u0165 o ot\u00e1zkach kybernetickej ochrany medzi \u0161tudentmi SO\u0160 a u\u010dite\u013emi na individu\u00e1lnej \u00farovni, v ka\u017edodennom \u017eivote<\/li>\r\n \t<li>vyvin\u00fa\u0165 AWARE Vedomostn\u00fa Z\u00e1klad\u0148u, Masterclass a\u00a0Sebahodnotiaci S\u00fabor, aby sa \u0161tudenti SO\u0160 a\u00a0u\u010ditelia obozn\u00e1mili s\u00a0probl\u00e9mami kybernetickej bezpe\u010dnosti<\/li>\r\n \t<li>demon\u0161trova\u0165 potrebu a\u00a0potenci\u00e1l spolupr\u00e1ce v\u00a0oblasti odborn\u00e9ho vzdel\u00e1vania a\u00a0pr\u00edpravy a\u00a0podnikania s\u00a0cie\u013eom zlep\u0161i\u0165 kompetencie u\u010dite\u013eov a\u00a0\u0161tudentov SO\u0160 s\u00favisiace s\u00a0kybernetickou bezpe\u010dnos\u0165ou<\/li>\r\n \t<li>podporova\u0165 priepustnos\u0165 SO\u0160 povzbudzovan\u00edm \u0161tudentov SO\u0160, aby h\u013eadali vzdel\u00e1vacie a\u00a0pracovn\u00e9 pr\u00edle\u017eitosti v\u00a0oblasti kybernetickej bezpe\u010dnosti<\/li>\r\n \t<li>oslovi\u0165 tvorcov polit\u00edk aby sa posilnilo umiestnenie kybernetickej bezpe\u010dnosti v\u00a0SO\u0160.<\/li>\r\n<\/ul>\t\t\t\t\t\t<\/div>\n\t\t\t\t<\/div>\n\t\t\t\t<div class=\"elementor-element elementor-element-2115f77 elementor-widget elementor-widget-image\" data-id=\"2115f77\" data-element_type=\"widget\" data-widget_type=\"image.default\">\n\t\t\t\t<div class=\"elementor-widget-container\">\n\t\t\t\t\t\t\t\t\t\t\t\t\t<img decoding=\"async\" width=\"1223\" height=\"800\" src=\"https:\/\/awareproject.eu\/wp-content\/uploads\/2022\/03\/Miscalenous-07@2.png\" class=\"attachment-full size-full wp-image-1868\" alt=\"\" srcset=\"https:\/\/awareproject.eu\/wp-content\/uploads\/2022\/03\/Miscalenous-07@2.png 1223w, https:\/\/awareproject.eu\/wp-content\/uploads\/2022\/03\/Miscalenous-07@2-300x196.png 300w, https:\/\/awareproject.eu\/wp-content\/uploads\/2022\/03\/Miscalenous-07@2-1024x670.png 1024w, https:\/\/awareproject.eu\/wp-content\/uploads\/2022\/03\/Miscalenous-07@2-768x502.png 768w, https:\/\/awareproject.eu\/wp-content\/uploads\/2022\/03\/Miscalenous-07@2-624x408.png 624w\" sizes=\"(max-width: 1223px) 100vw, 1223px\" \/>\t\t\t\t\t\t\t\t\t\t\t\t\t<\/div>\n\t\t\t\t<\/div>\n\t\t\t\t<div class=\"elementor-element elementor-element-c9f9617 elementor-widget elementor-widget-spacer\" data-id=\"c9f9617\" data-element_type=\"widget\" data-widget_type=\"spacer.default\">\n\t\t\t\t<div class=\"elementor-widget-container\">\n\t\t\t<style>\/*! elementor - v3.23.0 - 05-08-2024 *\/\n.elementor-column .elementor-spacer-inner{height:var(--spacer-size)}.e-con{--container-widget-width:100%}.e-con-inner>.elementor-widget-spacer,.e-con>.elementor-widget-spacer{width:var(--container-widget-width,var(--spacer-size));--align-self:var(--container-widget-align-self,initial);--flex-shrink:0}.e-con-inner>.elementor-widget-spacer>.elementor-widget-container,.e-con>.elementor-widget-spacer>.elementor-widget-container{height:100%;width:100%}.e-con-inner>.elementor-widget-spacer>.elementor-widget-container>.elementor-spacer,.e-con>.elementor-widget-spacer>.elementor-widget-container>.elementor-spacer{height:100%}.e-con-inner>.elementor-widget-spacer>.elementor-widget-container>.elementor-spacer>.elementor-spacer-inner,.e-con>.elementor-widget-spacer>.elementor-widget-container>.elementor-spacer>.elementor-spacer-inner{height:var(--container-widget-height,var(--spacer-size))}.e-con-inner>.elementor-widget-spacer.elementor-widget-empty,.e-con>.elementor-widget-spacer.elementor-widget-empty{position:relative;min-height:22px;min-width:22px}.e-con-inner>.elementor-widget-spacer.elementor-widget-empty .elementor-widget-empty-icon,.e-con>.elementor-widget-spacer.elementor-widget-empty .elementor-widget-empty-icon{position:absolute;top:0;bottom:0;left:0;right:0;margin:auto;padding:0;width:22px;height:22px}<\/style>\t\t<div class=\"elementor-spacer\">\n\t\t\t<div class=\"elementor-spacer-inner\"><\/div>\n\t\t<\/div>\n\t\t\t\t<\/div>\n\t\t\t\t<\/div>\n\t\t\t\t\t<\/div>\n\t\t<\/div>\n\t\t\t\t\t<\/div>\n\t\t<\/section>\n\t\t\t\t<\/div>\n\t\t","protected":false},"excerpt":{"rendered":"<p>Projekt AWARE POVEDOMIE o kybernetickej bezpe\u010dnosti v SO\u0160 Kybernetick\u00e9 \u00fatoky proti Z\u00e1stupcom mal\u00fdch a\u00a0stredn\u00fdch podnikov (SME) s\u00fa na vzostupe, preto\u017ee SME predstavuj\u00fa \u013eahk\u00fd ter\u010d. Ke\u010f\u017ee&hellip;<\/p>\n","protected":false},"author":1,"featured_media":2521,"parent":0,"menu_order":0,"comment_status":"closed","ping_status":"closed","template":"elementor_header_footer","meta":{"footnotes":""},"class_list":["post-3070","page","type-page","status-publish","has-post-thumbnail","hentry"],"_links":{"self":[{"href":"https:\/\/awareproject.eu\/sk\/wp-json\/wp\/v2\/pages\/3070","targetHints":{"allow":["GET"]}}],"collection":[{"href":"https:\/\/awareproject.eu\/sk\/wp-json\/wp\/v2\/pages"}],"about":[{"href":"https:\/\/awareproject.eu\/sk\/wp-json\/wp\/v2\/types\/page"}],"author":[{"embeddable":true,"href":"https:\/\/awareproject.eu\/sk\/wp-json\/wp\/v2\/users\/1"}],"replies":[{"embeddable":true,"href":"https:\/\/awareproject.eu\/sk\/wp-json\/wp\/v2\/comments?post=3070"}],"version-history":[{"count":1,"href":"https:\/\/awareproject.eu\/sk\/wp-json\/wp\/v2\/pages\/3070\/revisions"}],"predecessor-version":[{"id":3071,"href":"https:\/\/awareproject.eu\/sk\/wp-json\/wp\/v2\/pages\/3070\/revisions\/3071"}],"wp:featuredmedia":[{"embeddable":true,"href":"https:\/\/awareproject.eu\/sk\/wp-json\/wp\/v2\/media\/2521"}],"wp:attachment":[{"href":"https:\/\/awareproject.eu\/sk\/wp-json\/wp\/v2\/media?parent=3070"}],"curies":[{"name":"wp","href":"https:\/\/api.w.org\/{rel}","templated":true}]}}