{"id":4037,"date":"2022-06-28T08:26:10","date_gmt":"2022-06-28T08:26:10","guid":{"rendered":"https:\/\/awareproject.eu\/parceiros\/universidade-de-aveiro\/"},"modified":"2022-06-28T08:26:11","modified_gmt":"2022-06-28T08:26:11","slug":"universidade-de-aveiro","status":"publish","type":"page","link":"https:\/\/awareproject.eu\/pt-pt\/parceiros\/universidade-de-aveiro\/","title":{"rendered":"Universidade De Aveiro"},"content":{"rendered":"\t\t<div data-elementor-type=\"wp-page\" data-elementor-id=\"4037\" class=\"elementor elementor-4037 elementor-1077\" data-elementor-post-type=\"page\">\n\t\t\t\t\t\t<section class=\"elementor-section elementor-top-section elementor-element elementor-element-289727a elementor-section-boxed elementor-section-height-default elementor-section-height-default\" data-id=\"289727a\" data-element_type=\"section\">\n\t\t\t\t\t\t<div class=\"elementor-container elementor-column-gap-default\">\n\t\t\t\t\t<div class=\"elementor-column elementor-col-33 elementor-top-column elementor-element elementor-element-50a0563\" data-id=\"50a0563\" data-element_type=\"column\">\n\t\t\t<div class=\"elementor-widget-wrap\">\n\t\t\t\t\t\t\t<\/div>\n\t\t<\/div>\n\t\t\t\t<div class=\"elementor-column elementor-col-33 elementor-top-column elementor-element elementor-element-a68a594\" data-id=\"a68a594\" data-element_type=\"column\">\n\t\t\t<div class=\"elementor-widget-wrap elementor-element-populated\">\n\t\t\t\t\t\t<div class=\"elementor-element elementor-element-8fc1c4f elementor-widget elementor-widget-tp-image-factory\" data-id=\"8fc1c4f\" data-element_type=\"widget\" data-widget_type=\"tp-image-factory.default\">\n\t\t\t\t<div class=\"elementor-widget-container\">\n\t\t\t<div id=\"plus69f29aca0e599\" class=\"plus-adv-text-widget plus-widget-wrapper    image-pulse\"  ><div class=\"plus-widget-inner-wrap   \"  ><div id=\"plus69f29aca0e907\" class=\"pt-plus-animated-image-wrapper      image-pulse\" ><div class=\"animated-image-parallax   \" ><div class=\"pt_plus_animated_image bg-image69f29aca0e902 text-center  \"  > <figure class=\"     \"  ><div class=\"vc_single_image-wrapper   \"><img fetchpriority=\"high\" decoding=\"async\" width=\"500\" height=\"500\" src=\"https:\/\/awareproject.eu\/wp-content\/uploads\/2022\/03\/partners-logo-06.jpg\" class=\"attachment-full size-full wp-image-784\" alt=\"Universidade De Aveiro\" srcset=\"https:\/\/awareproject.eu\/wp-content\/uploads\/2022\/03\/partners-logo-06.jpg 500w, https:\/\/awareproject.eu\/wp-content\/uploads\/2022\/03\/partners-logo-06-300x300.jpg 300w, https:\/\/awareproject.eu\/wp-content\/uploads\/2022\/03\/partners-logo-06-150x150.jpg 150w\" sizes=\"(max-width: 500px) 100vw, 500px\" \/><\/div> <\/figure> <\/div><\/div><\/div><\/div><\/div>\t\t<\/div>\n\t\t\t\t<\/div>\n\t\t\t\t\t<\/div>\n\t\t<\/div>\n\t\t\t\t<div class=\"elementor-column elementor-col-33 elementor-top-column elementor-element elementor-element-15a6167\" data-id=\"15a6167\" data-element_type=\"column\">\n\t\t\t<div class=\"elementor-widget-wrap\">\n\t\t\t\t\t\t\t<\/div>\n\t\t<\/div>\n\t\t\t\t\t<\/div>\n\t\t<\/section>\n\t\t\t\t<section class=\"elementor-section elementor-top-section elementor-element elementor-element-aa9b271 elementor-section-boxed elementor-section-height-default elementor-section-height-default\" data-id=\"aa9b271\" data-element_type=\"section\">\n\t\t\t\t\t\t<div class=\"elementor-container elementor-column-gap-default\">\n\t\t\t\t\t<div class=\"elementor-column elementor-col-100 elementor-top-column elementor-element elementor-element-379bfb8\" data-id=\"379bfb8\" data-element_type=\"column\">\n\t\t\t<div class=\"elementor-widget-wrap elementor-element-populated\">\n\t\t\t\t\t\t<div class=\"elementor-element elementor-element-e1c50af elementor-drop-cap-yes elementor-drop-cap-view-default elementor-widget elementor-widget-text-editor\" data-id=\"e1c50af\" data-element_type=\"widget\" data-settings=\"{&quot;drop_cap&quot;:&quot;yes&quot;}\" data-widget_type=\"text-editor.default\">\n\t\t\t\t<div class=\"elementor-widget-container\">\n\t\t\t<style>\/*! elementor - v3.23.0 - 05-08-2024 *\/\n.elementor-widget-text-editor.elementor-drop-cap-view-stacked .elementor-drop-cap{background-color:#69727d;color:#fff}.elementor-widget-text-editor.elementor-drop-cap-view-framed .elementor-drop-cap{color:#69727d;border:3px solid;background-color:transparent}.elementor-widget-text-editor:not(.elementor-drop-cap-view-default) .elementor-drop-cap{margin-top:8px}.elementor-widget-text-editor:not(.elementor-drop-cap-view-default) .elementor-drop-cap-letter{width:1em;height:1em}.elementor-widget-text-editor .elementor-drop-cap{float:left;text-align:center;line-height:1;font-size:50px}.elementor-widget-text-editor .elementor-drop-cap-letter{display:inline-block}<\/style>\t\t\t\tA Universidade de Aveiro (UA) \u00e9 uma jovem universidade portuguesa, fundada em 1973, com mais de 15.000 estudantes a tempo inteiro (gradua\u00e7\u00e3o e p\u00f3s-gradua\u00e7\u00e3o), incluindo cerca de 15% de estudantes internacionais todos os anos. A Universidade tem um forte perfil de investiga\u00e7\u00e3o e uma s\u00f3lida experi\u00eancia de coopera\u00e7\u00e3o e projetos com stakeholders locais.\r\n\r\nA Universidade tem um modelo de governa\u00e7\u00e3o \u00fanico que integra 16 Departamentos que abrangem \u00e1reas acad\u00e9micas que v\u00e3o desde Engenharia e Artes at\u00e9 Humanidades, mais 4 Escolas Polit\u00e9cnicas e v\u00e1rios centros de forma\u00e7\u00e3o voltados para a educa\u00e7\u00e3o de adultos. A UA atua como uma rede regional de educa\u00e7\u00e3o e forma\u00e7\u00e3o promovendo fortes liga\u00e7\u00f5es com a comunidade envolvente e \u00e9 reconhecida como uma universidade pioneira no desenvolvimento de licenciaturas em novas \u00e1reas tem\u00e1ticas.\t\t\t\t\t\t<\/div>\n\t\t\t\t<\/div>\n\t\t\t\t\t<\/div>\n\t\t<\/div>\n\t\t\t\t\t<\/div>\n\t\t<\/section>\n\t\t\t\t<\/div>\n\t\t","protected":false},"excerpt":{"rendered":"<p>A Universidade de Aveiro (UA) \u00e9 uma jovem universidade portuguesa, fundada em 1973, com mais de 15.000 estudantes a tempo inteiro (gradua\u00e7\u00e3o e p\u00f3s-gradua\u00e7\u00e3o), incluindo&hellip;<\/p>\n","protected":false},"author":4,"featured_media":0,"parent":2979,"menu_order":0,"comment_status":"closed","ping_status":"closed","template":"","meta":{"footnotes":""},"class_list":["post-4037","page","type-page","status-publish","hentry"],"_links":{"self":[{"href":"https:\/\/awareproject.eu\/pt-pt\/wp-json\/wp\/v2\/pages\/4037","targetHints":{"allow":["GET"]}}],"collection":[{"href":"https:\/\/awareproject.eu\/pt-pt\/wp-json\/wp\/v2\/pages"}],"about":[{"href":"https:\/\/awareproject.eu\/pt-pt\/wp-json\/wp\/v2\/types\/page"}],"author":[{"embeddable":true,"href":"https:\/\/awareproject.eu\/pt-pt\/wp-json\/wp\/v2\/users\/4"}],"replies":[{"embeddable":true,"href":"https:\/\/awareproject.eu\/pt-pt\/wp-json\/wp\/v2\/comments?post=4037"}],"version-history":[{"count":1,"href":"https:\/\/awareproject.eu\/pt-pt\/wp-json\/wp\/v2\/pages\/4037\/revisions"}],"predecessor-version":[{"id":4038,"href":"https:\/\/awareproject.eu\/pt-pt\/wp-json\/wp\/v2\/pages\/4037\/revisions\/4038"}],"up":[{"embeddable":true,"href":"https:\/\/awareproject.eu\/pt-pt\/wp-json\/wp\/v2\/pages\/2979"}],"wp:attachment":[{"href":"https:\/\/awareproject.eu\/pt-pt\/wp-json\/wp\/v2\/media?parent=4037"}],"curies":[{"name":"wp","href":"https:\/\/api.w.org\/{rel}","templated":true}]}}