{"id":4031,"date":"2022-06-28T08:24:20","date_gmt":"2022-06-28T08:24:20","guid":{"rendered":"https:\/\/awareproject.eu\/parceiros\/sosit\/"},"modified":"2022-06-28T08:24:21","modified_gmt":"2022-06-28T08:24:21","slug":"sosit","status":"publish","type":"page","link":"https:\/\/awareproject.eu\/pt-pt\/parceiros\/sosit\/","title":{"rendered":"SO\u0160IT"},"content":{"rendered":"\t\t<div data-elementor-type=\"wp-page\" data-elementor-id=\"4031\" class=\"elementor elementor-4031 elementor-1160\" data-elementor-post-type=\"page\">\n\t\t\t\t\t\t<section class=\"elementor-section elementor-top-section elementor-element elementor-element-ceb5eae elementor-section-boxed elementor-section-height-default elementor-section-height-default\" data-id=\"ceb5eae\" data-element_type=\"section\">\n\t\t\t\t\t\t<div class=\"elementor-container elementor-column-gap-default\">\n\t\t\t\t\t<div class=\"elementor-column elementor-col-33 elementor-top-column elementor-element elementor-element-b83764e\" data-id=\"b83764e\" data-element_type=\"column\">\n\t\t\t<div class=\"elementor-widget-wrap\">\n\t\t\t\t\t\t\t<\/div>\n\t\t<\/div>\n\t\t\t\t<div class=\"elementor-column elementor-col-33 elementor-top-column elementor-element elementor-element-5c14105\" data-id=\"5c14105\" data-element_type=\"column\">\n\t\t\t<div class=\"elementor-widget-wrap elementor-element-populated\">\n\t\t\t\t\t\t<div class=\"elementor-element elementor-element-5f0c2b7 elementor-widget elementor-widget-tp-image-factory\" data-id=\"5f0c2b7\" data-element_type=\"widget\" data-widget_type=\"tp-image-factory.default\">\n\t\t\t\t<div class=\"elementor-widget-container\">\n\t\t\t<div id=\"plus69e73630b40c3\" class=\"plus-adv-text-widget plus-widget-wrapper    image-pulse\"  ><div class=\"plus-widget-inner-wrap   \"  ><div id=\"plus69e73630b46dc\" class=\"pt-plus-animated-image-wrapper      image-pulse\" ><div class=\"animated-image-parallax   \" ><div class=\"pt_plus_animated_image bg-image69e73630b46d5 text-center  \"  > <figure class=\"     \"  ><div class=\"vc_single_image-wrapper   \"><img fetchpriority=\"high\" decoding=\"async\" width=\"500\" height=\"500\" src=\"https:\/\/awareproject.eu\/wp-content\/uploads\/2022\/03\/partners-logo-03.jpg\" class=\"attachment-full size-full wp-image-781\" alt=\"SO\u0160IT\" srcset=\"https:\/\/awareproject.eu\/wp-content\/uploads\/2022\/03\/partners-logo-03.jpg 500w, https:\/\/awareproject.eu\/wp-content\/uploads\/2022\/03\/partners-logo-03-300x300.jpg 300w, https:\/\/awareproject.eu\/wp-content\/uploads\/2022\/03\/partners-logo-03-150x150.jpg 150w\" sizes=\"(max-width: 500px) 100vw, 500px\" \/><\/div> <\/figure> <\/div><\/div><\/div><\/div><\/div>\t\t<\/div>\n\t\t\t\t<\/div>\n\t\t\t\t\t<\/div>\n\t\t<\/div>\n\t\t\t\t<div class=\"elementor-column elementor-col-33 elementor-top-column elementor-element elementor-element-87a9190\" data-id=\"87a9190\" data-element_type=\"column\">\n\t\t\t<div class=\"elementor-widget-wrap\">\n\t\t\t\t\t\t\t<\/div>\n\t\t<\/div>\n\t\t\t\t\t<\/div>\n\t\t<\/section>\n\t\t\t\t<section class=\"elementor-section elementor-top-section elementor-element elementor-element-fb12830 elementor-section-boxed elementor-section-height-default elementor-section-height-default\" data-id=\"fb12830\" data-element_type=\"section\">\n\t\t\t\t\t\t<div class=\"elementor-container elementor-column-gap-default\">\n\t\t\t\t\t<div class=\"elementor-column elementor-col-100 elementor-top-column elementor-element elementor-element-1700682\" data-id=\"1700682\" data-element_type=\"column\">\n\t\t\t<div class=\"elementor-widget-wrap elementor-element-populated\">\n\t\t\t\t\t\t<div class=\"elementor-element elementor-element-f9a1d42 elementor-drop-cap-yes elementor-drop-cap-view-default elementor-widget elementor-widget-text-editor\" data-id=\"f9a1d42\" data-element_type=\"widget\" data-settings=\"{&quot;drop_cap&quot;:&quot;yes&quot;}\" data-widget_type=\"text-editor.default\">\n\t\t\t\t<div class=\"elementor-widget-container\">\n\t\t\t<style>\/*! elementor - v3.23.0 - 05-08-2024 *\/\n.elementor-widget-text-editor.elementor-drop-cap-view-stacked .elementor-drop-cap{background-color:#69727d;color:#fff}.elementor-widget-text-editor.elementor-drop-cap-view-framed .elementor-drop-cap{color:#69727d;border:3px solid;background-color:transparent}.elementor-widget-text-editor:not(.elementor-drop-cap-view-default) .elementor-drop-cap{margin-top:8px}.elementor-widget-text-editor:not(.elementor-drop-cap-view-default) .elementor-drop-cap-letter{width:1em;height:1em}.elementor-widget-text-editor .elementor-drop-cap{float:left;text-align:center;line-height:1;font-size:50px}.elementor-widget-text-editor .elementor-drop-cap-letter{display:inline-block}<\/style>\t\t\t\tA nossa escola oferece educa\u00e7\u00e3o de jovens principalmente em \u00e1reas de estudo focadas em tecnologia da informa\u00e7\u00e3o, redes de computadores, programa\u00e7\u00e3o, computa\u00e7\u00e3o gr\u00e1fica e seguran\u00e7a da informa\u00e7\u00e3o.\r\n\r\nAtualmente, educamos 672 alunos em seis \u00e1reas de estudo de TI. Dentro da regi\u00e3o, fornecemos a maioria dos graduados do ensino m\u00e9dio que podem encontrar uma ocupa\u00e7\u00e3o em TI.\r\n\r\nTodos os anos, cerca de 150 dos nossos alunos recebem certificados internacionais nas \u00e1reas de redes de computadores, programa\u00e7\u00e3o, sistemas operacionais, mas tamb\u00e9m em ciberseguran\u00e7a.\r\n\r\nAo mesmo tempo, estamos a responder \u00e0 cont\u00ednua transforma\u00e7\u00e3o digital da ind\u00fastria, tamb\u00e9m conhecida como Ind\u00fastria 4.0, introduzindo novos campos de estudo em nossa escola.\r\n\r\nA nossa prioridade \u00e9 continuar a preparar os alunos para os trabalhos de TI, mas sem o apoio das associa\u00e7\u00f5es de empregadores n\u00e3o ser\u00e1 poss\u00edvel. Nesta forma\u00e7\u00e3o, um elemento-chave \u00e9 a pr\u00e1tica profissional, que deve ocorrer nos locais de trabalho das empresas individuais. Certamente gostar\u00edamos de ter a oportunidade de participar do sistema de educa\u00e7\u00e3o dual na forma\u00e7\u00e3o desses especialistas com algumas das empresas regionais que lidam com ciberseguran\u00e7a.\r\n\r\nCom base nos requisitos e em coopera\u00e7\u00e3o com as empresas, devemos criar e adaptar ainda mais o conte\u00fado da educa\u00e7\u00e3o de acordo com as tend\u00eancias atuais em ciberseguran\u00e7a.\t\t\t\t\t\t<\/div>\n\t\t\t\t<\/div>\n\t\t\t\t\t<\/div>\n\t\t<\/div>\n\t\t\t\t\t<\/div>\n\t\t<\/section>\n\t\t\t\t<\/div>\n\t\t","protected":false},"excerpt":{"rendered":"<p>A nossa escola oferece educa\u00e7\u00e3o de jovens principalmente em \u00e1reas de estudo focadas em tecnologia da informa\u00e7\u00e3o, redes de computadores, programa\u00e7\u00e3o, computa\u00e7\u00e3o gr\u00e1fica e seguran\u00e7a&hellip;<\/p>\n","protected":false},"author":4,"featured_media":0,"parent":2979,"menu_order":0,"comment_status":"closed","ping_status":"closed","template":"","meta":{"footnotes":""},"class_list":["post-4031","page","type-page","status-publish","hentry"],"_links":{"self":[{"href":"https:\/\/awareproject.eu\/pt-pt\/wp-json\/wp\/v2\/pages\/4031","targetHints":{"allow":["GET"]}}],"collection":[{"href":"https:\/\/awareproject.eu\/pt-pt\/wp-json\/wp\/v2\/pages"}],"about":[{"href":"https:\/\/awareproject.eu\/pt-pt\/wp-json\/wp\/v2\/types\/page"}],"author":[{"embeddable":true,"href":"https:\/\/awareproject.eu\/pt-pt\/wp-json\/wp\/v2\/users\/4"}],"replies":[{"embeddable":true,"href":"https:\/\/awareproject.eu\/pt-pt\/wp-json\/wp\/v2\/comments?post=4031"}],"version-history":[{"count":1,"href":"https:\/\/awareproject.eu\/pt-pt\/wp-json\/wp\/v2\/pages\/4031\/revisions"}],"predecessor-version":[{"id":4032,"href":"https:\/\/awareproject.eu\/pt-pt\/wp-json\/wp\/v2\/pages\/4031\/revisions\/4032"}],"up":[{"embeddable":true,"href":"https:\/\/awareproject.eu\/pt-pt\/wp-json\/wp\/v2\/pages\/2979"}],"wp:attachment":[{"href":"https:\/\/awareproject.eu\/pt-pt\/wp-json\/wp\/v2\/media?parent=4031"}],"curies":[{"name":"wp","href":"https:\/\/api.w.org\/{rel}","templated":true}]}}