{"id":4029,"date":"2022-06-28T08:23:45","date_gmt":"2022-06-28T08:23:45","guid":{"rendered":"https:\/\/awareproject.eu\/parceiros\/p-consulting\/"},"modified":"2022-06-28T08:23:46","modified_gmt":"2022-06-28T08:23:46","slug":"p-consulting","status":"publish","type":"page","link":"https:\/\/awareproject.eu\/pt-pt\/parceiros\/p-consulting\/","title":{"rendered":"p-consulting"},"content":{"rendered":"\t\t<div data-elementor-type=\"wp-page\" data-elementor-id=\"4029\" class=\"elementor elementor-4029 elementor-1104\" data-elementor-post-type=\"page\">\n\t\t\t\t\t\t<section class=\"elementor-section elementor-top-section elementor-element elementor-element-01efefe elementor-section-boxed elementor-section-height-default elementor-section-height-default\" data-id=\"01efefe\" data-element_type=\"section\">\n\t\t\t\t\t\t<div class=\"elementor-container elementor-column-gap-default\">\n\t\t\t\t\t<div class=\"elementor-column elementor-col-33 elementor-top-column elementor-element elementor-element-59a8701\" data-id=\"59a8701\" data-element_type=\"column\">\n\t\t\t<div class=\"elementor-widget-wrap\">\n\t\t\t\t\t\t\t<\/div>\n\t\t<\/div>\n\t\t\t\t<div class=\"elementor-column elementor-col-33 elementor-top-column elementor-element elementor-element-281e56e\" data-id=\"281e56e\" data-element_type=\"column\">\n\t\t\t<div class=\"elementor-widget-wrap elementor-element-populated\">\n\t\t\t\t\t\t<div class=\"elementor-element elementor-element-6a96a43 elementor-widget elementor-widget-tp-image-factory\" data-id=\"6a96a43\" data-element_type=\"widget\" data-widget_type=\"tp-image-factory.default\">\n\t\t\t\t<div class=\"elementor-widget-container\">\n\t\t\t<div id=\"plus69f0de58e0035\" class=\"plus-adv-text-widget plus-widget-wrapper    image-pulse\"  ><div class=\"plus-widget-inner-wrap   \"  ><div id=\"plus69f0de58e0342\" class=\"pt-plus-animated-image-wrapper      image-pulse\" ><div class=\"animated-image-parallax   \" ><div class=\"pt_plus_animated_image bg-image69f0de58e033f text-center  \"  > <figure class=\"     \"  ><div class=\"vc_single_image-wrapper   \"><img fetchpriority=\"high\" decoding=\"async\" width=\"500\" height=\"500\" src=\"https:\/\/awareproject.eu\/wp-content\/uploads\/2022\/03\/partners-logo-07.jpg\" class=\"attachment-full size-full wp-image-1100\" alt=\"p-consulting\" srcset=\"https:\/\/awareproject.eu\/wp-content\/uploads\/2022\/03\/partners-logo-07.jpg 500w, https:\/\/awareproject.eu\/wp-content\/uploads\/2022\/03\/partners-logo-07-300x300.jpg 300w, https:\/\/awareproject.eu\/wp-content\/uploads\/2022\/03\/partners-logo-07-150x150.jpg 150w\" sizes=\"(max-width: 500px) 100vw, 500px\" \/><\/div> <\/figure> <\/div><\/div><\/div><\/div><\/div>\t\t<\/div>\n\t\t\t\t<\/div>\n\t\t\t\t\t<\/div>\n\t\t<\/div>\n\t\t\t\t<div class=\"elementor-column elementor-col-33 elementor-top-column elementor-element elementor-element-5d093a3\" data-id=\"5d093a3\" data-element_type=\"column\">\n\t\t\t<div class=\"elementor-widget-wrap\">\n\t\t\t\t\t\t\t<\/div>\n\t\t<\/div>\n\t\t\t\t\t<\/div>\n\t\t<\/section>\n\t\t\t\t<section class=\"elementor-section elementor-top-section elementor-element elementor-element-9408854 elementor-section-boxed elementor-section-height-default elementor-section-height-default\" data-id=\"9408854\" data-element_type=\"section\">\n\t\t\t\t\t\t<div class=\"elementor-container elementor-column-gap-default\">\n\t\t\t\t\t<div class=\"elementor-column elementor-col-100 elementor-top-column elementor-element elementor-element-f129e07\" data-id=\"f129e07\" data-element_type=\"column\">\n\t\t\t<div class=\"elementor-widget-wrap elementor-element-populated\">\n\t\t\t\t\t\t<div class=\"elementor-element elementor-element-c2bbf72 elementor-drop-cap-yes elementor-drop-cap-view-default elementor-widget elementor-widget-text-editor\" data-id=\"c2bbf72\" data-element_type=\"widget\" data-settings=\"{&quot;drop_cap&quot;:&quot;yes&quot;}\" data-widget_type=\"text-editor.default\">\n\t\t\t\t<div class=\"elementor-widget-container\">\n\t\t\t<style>\/*! elementor - v3.23.0 - 05-08-2024 *\/\n.elementor-widget-text-editor.elementor-drop-cap-view-stacked .elementor-drop-cap{background-color:#69727d;color:#fff}.elementor-widget-text-editor.elementor-drop-cap-view-framed .elementor-drop-cap{color:#69727d;border:3px solid;background-color:transparent}.elementor-widget-text-editor:not(.elementor-drop-cap-view-default) .elementor-drop-cap{margin-top:8px}.elementor-widget-text-editor:not(.elementor-drop-cap-view-default) .elementor-drop-cap-letter{width:1em;height:1em}.elementor-widget-text-editor .elementor-drop-cap{float:left;text-align:center;line-height:1;font-size:50px}.elementor-widget-text-editor .elementor-drop-cap-letter{display:inline-block}<\/style>\t\t\t\tA p-consulting.gr \u00e9 uma Consultora de TI e Forma\u00e7\u00e3o focada no desenvolvimento web, transforma\u00e7\u00e3o digital e em consultoria de neg\u00f3cios. A empresa est\u00e1 a trabalhar com escolas, institui\u00e7\u00f5es de Educa\u00e7\u00e3o Vocacional, organiza\u00e7\u00f5es de forma\u00e7\u00e3o, c\u00e2maras e outras organiza\u00e7\u00f5es na Gr\u00e9cia e na UE.\r\n\r\nO seu principal objetivo \u00e9 a transforma\u00e7\u00e3o digital de empresas e organiza\u00e7\u00f5es atrav\u00e9s de uma explora\u00e7\u00e3o inovadora das ferramentas existentes garantindo um processo r\u00e1pido, sustent\u00e1vel e eficaz. A p-consulting.gr combina forma\u00e7\u00e3o e servi\u00e7os inform\u00e1ticos, apostando na forma\u00e7\u00e3o interativa digital atrav\u00e9s do desenvolvimento e cria\u00e7\u00e3o de cursos de forma\u00e7\u00e3o online, jogos educativos, ferramentas de gamifica\u00e7\u00e3o, aplica\u00e7\u00f5es web e m\u00f3veis utilizando tecnologias novas e inovadoras respeitando totalmente os WCAG2.0 (protocolos de acessibilidade). O design de todas as suas ferramentas \u00e9 baseado na ferramenta de experi\u00eancia do usu\u00e1rio (SO) premiada pela Universidade de Patras.\r\n\r\nFundada em 2012 em Patras, na Gr\u00e9cia, implementou at\u00e9 agora vinte e cinco projetos europeus, centenas de projetos nacionais e tem mais de 250 clientes na \u00e1rea de TI e suporte empresarial. A empresa det\u00e9m quatro pr\u00e9mios de melhores pr\u00e1ticas da UE, tr\u00eas pr\u00e9mios na Gr\u00e9cia e um na Litu\u00e2nia.\t\t\t\t\t\t<\/div>\n\t\t\t\t<\/div>\n\t\t\t\t\t<\/div>\n\t\t<\/div>\n\t\t\t\t\t<\/div>\n\t\t<\/section>\n\t\t\t\t<\/div>\n\t\t","protected":false},"excerpt":{"rendered":"<p>A p-consulting.gr \u00e9 uma Consultora de TI e Forma\u00e7\u00e3o focada no desenvolvimento web, transforma\u00e7\u00e3o digital e em consultoria de neg\u00f3cios. A empresa est\u00e1 a trabalhar&hellip;<\/p>\n","protected":false},"author":4,"featured_media":0,"parent":2979,"menu_order":0,"comment_status":"closed","ping_status":"closed","template":"","meta":{"footnotes":""},"class_list":["post-4029","page","type-page","status-publish","hentry"],"_links":{"self":[{"href":"https:\/\/awareproject.eu\/pt-pt\/wp-json\/wp\/v2\/pages\/4029","targetHints":{"allow":["GET"]}}],"collection":[{"href":"https:\/\/awareproject.eu\/pt-pt\/wp-json\/wp\/v2\/pages"}],"about":[{"href":"https:\/\/awareproject.eu\/pt-pt\/wp-json\/wp\/v2\/types\/page"}],"author":[{"embeddable":true,"href":"https:\/\/awareproject.eu\/pt-pt\/wp-json\/wp\/v2\/users\/4"}],"replies":[{"embeddable":true,"href":"https:\/\/awareproject.eu\/pt-pt\/wp-json\/wp\/v2\/comments?post=4029"}],"version-history":[{"count":1,"href":"https:\/\/awareproject.eu\/pt-pt\/wp-json\/wp\/v2\/pages\/4029\/revisions"}],"predecessor-version":[{"id":4030,"href":"https:\/\/awareproject.eu\/pt-pt\/wp-json\/wp\/v2\/pages\/4029\/revisions\/4030"}],"up":[{"embeddable":true,"href":"https:\/\/awareproject.eu\/pt-pt\/wp-json\/wp\/v2\/pages\/2979"}],"wp:attachment":[{"href":"https:\/\/awareproject.eu\/pt-pt\/wp-json\/wp\/v2\/media?parent=4029"}],"curies":[{"name":"wp","href":"https:\/\/api.w.org\/{rel}","templated":true}]}}