{"id":3951,"date":"2022-06-28T07:55:08","date_gmt":"2022-06-28T07:55:08","guid":{"rendered":"https:\/\/awareproject.eu\/parceiros\/eurosuccess\/"},"modified":"2022-06-28T07:55:09","modified_gmt":"2022-06-28T07:55:09","slug":"eurosuccess","status":"publish","type":"page","link":"https:\/\/awareproject.eu\/pt-pt\/parceiros\/eurosuccess\/","title":{"rendered":"Eurosuccess"},"content":{"rendered":"\t\t<div data-elementor-type=\"wp-page\" data-elementor-id=\"3951\" class=\"elementor elementor-3951 elementor-1311\" data-elementor-post-type=\"page\">\n\t\t\t\t\t\t<section class=\"elementor-section elementor-top-section elementor-element elementor-element-09125cc elementor-section-boxed elementor-section-height-default elementor-section-height-default\" data-id=\"09125cc\" data-element_type=\"section\">\n\t\t\t\t\t\t<div class=\"elementor-container elementor-column-gap-default\">\n\t\t\t\t\t<div class=\"elementor-column elementor-col-33 elementor-top-column elementor-element elementor-element-da82436\" data-id=\"da82436\" data-element_type=\"column\">\n\t\t\t<div class=\"elementor-widget-wrap\">\n\t\t\t\t\t\t\t<\/div>\n\t\t<\/div>\n\t\t\t\t<div class=\"elementor-column elementor-col-33 elementor-top-column elementor-element elementor-element-7f21bf5\" data-id=\"7f21bf5\" data-element_type=\"column\">\n\t\t\t<div class=\"elementor-widget-wrap elementor-element-populated\">\n\t\t\t\t\t\t<div class=\"elementor-element elementor-element-faf08cb elementor-widget elementor-widget-tp-image-factory\" data-id=\"faf08cb\" data-element_type=\"widget\" data-widget_type=\"tp-image-factory.default\">\n\t\t\t\t<div class=\"elementor-widget-container\">\n\t\t\t<div id=\"plus69f3241b27a2e\" class=\"plus-adv-text-widget plus-widget-wrapper    image-pulse\"  ><div class=\"plus-widget-inner-wrap   \"  ><div id=\"plus69f3241b27d14\" class=\"pt-plus-animated-image-wrapper      image-pulse\" ><div class=\"animated-image-parallax   \" ><div class=\"pt_plus_animated_image bg-image69f3241b27d11 text-center  \"  > <figure class=\"     \"  ><div class=\"vc_single_image-wrapper   \"><img fetchpriority=\"high\" decoding=\"async\" width=\"500\" height=\"500\" src=\"https:\/\/awareproject.eu\/wp-content\/uploads\/2022\/03\/partners-logo-05.jpg\" class=\"attachment-full size-full wp-image-783\" alt=\"Print\" srcset=\"https:\/\/awareproject.eu\/wp-content\/uploads\/2022\/03\/partners-logo-05.jpg 500w, https:\/\/awareproject.eu\/wp-content\/uploads\/2022\/03\/partners-logo-05-300x300.jpg 300w, https:\/\/awareproject.eu\/wp-content\/uploads\/2022\/03\/partners-logo-05-150x150.jpg 150w\" sizes=\"(max-width: 500px) 100vw, 500px\" \/><\/div> <\/figure> <\/div><\/div><\/div><\/div><\/div>\t\t<\/div>\n\t\t\t\t<\/div>\n\t\t\t\t\t<\/div>\n\t\t<\/div>\n\t\t\t\t<div class=\"elementor-column elementor-col-33 elementor-top-column elementor-element elementor-element-4ba1079\" data-id=\"4ba1079\" data-element_type=\"column\">\n\t\t\t<div class=\"elementor-widget-wrap\">\n\t\t\t\t\t\t\t<\/div>\n\t\t<\/div>\n\t\t\t\t\t<\/div>\n\t\t<\/section>\n\t\t\t\t<section class=\"elementor-section elementor-top-section elementor-element elementor-element-b372650 elementor-section-boxed elementor-section-height-default elementor-section-height-default\" data-id=\"b372650\" data-element_type=\"section\">\n\t\t\t\t\t\t<div class=\"elementor-container elementor-column-gap-default\">\n\t\t\t\t\t<div class=\"elementor-column elementor-col-100 elementor-top-column elementor-element elementor-element-96e96ab\" data-id=\"96e96ab\" data-element_type=\"column\">\n\t\t\t<div class=\"elementor-widget-wrap elementor-element-populated\">\n\t\t\t\t\t\t<div class=\"elementor-element elementor-element-cdd1f5d elementor-drop-cap-yes elementor-drop-cap-view-default elementor-widget elementor-widget-text-editor\" data-id=\"cdd1f5d\" data-element_type=\"widget\" data-settings=\"{&quot;drop_cap&quot;:&quot;yes&quot;}\" data-widget_type=\"text-editor.default\">\n\t\t\t\t<div class=\"elementor-widget-container\">\n\t\t\t<style>\/*! elementor - v3.23.0 - 05-08-2024 *\/\n.elementor-widget-text-editor.elementor-drop-cap-view-stacked .elementor-drop-cap{background-color:#69727d;color:#fff}.elementor-widget-text-editor.elementor-drop-cap-view-framed .elementor-drop-cap{color:#69727d;border:3px solid;background-color:transparent}.elementor-widget-text-editor:not(.elementor-drop-cap-view-default) .elementor-drop-cap{margin-top:8px}.elementor-widget-text-editor:not(.elementor-drop-cap-view-default) .elementor-drop-cap-letter{width:1em;height:1em}.elementor-widget-text-editor .elementor-drop-cap{float:left;text-align:center;line-height:1;font-size:50px}.elementor-widget-text-editor .elementor-drop-cap-letter{display:inline-block}<\/style>\t\t\t\tA Eurosuccess Consulting foi criada em 2009.\r\n\r\nO principal objectivo da Eurosuccess Consulting \u00e9 informar e apoiar, principalmente particulares e empresas, sobre a explora\u00e7\u00e3o de Fundos Nacionais e Europeus. Atrav\u00e9s da utiliza\u00e7\u00e3o de oportunidades de financiamento, obt\u00eam-se sucesso na concep\u00e7\u00e3o, desenvolvimento e implementa\u00e7\u00e3o dos seus objetivos estrat\u00e9gicos.\r\n\r\nAl\u00e9m disso, a nossa organiza\u00e7\u00e3o participa, quer como coordenadora quer como parceira, em v\u00e1rios projetos no \u00e2mbito de v\u00e1rios programas e iniciativas europeias, como Lifelong Learning, ERASMUS+ e Justice, bem como \u00e9 um dos \u00f3rg\u00e3os de avalia\u00e7\u00e3o de propostas apresentadas no \u00e2mbito de v\u00e1rios programas da UE.\r\n\r\nNo que diz respeito ao setor de gest\u00e3o de projetos, a Eurosuccess Consulting tem uma vasta experi\u00eancia no desenvolvimento de materiais, ferramentas e metodologias relativas a v\u00e1rias habilidades\/compet\u00eancias (incluindo ferramentas TIC para fins de avalia\u00e7\u00e3o e forma\u00e7\u00e3o, bem como ambientes de e-learning) para variados grupos como crian\u00e7as , jovens, adultos, empres\u00e1rios, executivos e empregados, grupos vulner\u00e1veis \u200b\u200bda sociedade como pessoas provenientes do grupo NEET, presos e ex-presidi\u00e1rios entre outros.\r\n\r\nAl\u00e9m disso, a Eurosuccess Consulting \u00e9 membro do: European Forum of Vocational Education and Training (EfVET), International Trade Council, European Prison Education Association (EPEA), European Policy Network on Key Competences in School Education (KeyCoNet Network), European Network of Innovation for Inclusion, European Alliance for Apprenticeships, European Working Group of Innovation Consultants, C\u00e2mara de Com\u00e9rcio e Ind\u00fastria de Chipre (CCCI), Cyprus Employers and Industrialists Federation (OEB) e C\u00e2mara de Com\u00e9rcio e Ind\u00fastria de Nic\u00f3sia (NCCI).\r\n\r\nCom base na experi\u00eancia, conhecimento e capacidades acima mencionadas, bem como na rede estabelecida com organiza\u00e7\u00f5es parceiras e especialistas no Chipre e no exterior, a Eurosuccess Consulting est\u00e1 em posi\u00e7\u00e3o de apoiar quaisquer esfor\u00e7os necess\u00e1rios para o desenvolvimento de propostas bem-sucedidas e atividades de implementa\u00e7\u00e3o de projetos.\r\n\r\nAl\u00e9m disso, a Eurosuccess Consulting est\u00e1 credenciada como Centro de Ensino Profissional pela Autoridade de Desenvolvimento de Recursos Humanos do Chipre, a autoridade p\u00fablica relevante no que diz respeito ao setor de forma\u00e7\u00e3o e educa\u00e7\u00e3o, bem como com o Sistema Internacional de Qualidade ISO 9001:2015.\t\t\t\t\t\t<\/div>\n\t\t\t\t<\/div>\n\t\t\t\t\t<\/div>\n\t\t<\/div>\n\t\t\t\t\t<\/div>\n\t\t<\/section>\n\t\t\t\t<\/div>\n\t\t","protected":false},"excerpt":{"rendered":"<p>A Eurosuccess Consulting foi criada em 2009. O principal objectivo da Eurosuccess Consulting \u00e9 informar e apoiar, principalmente particulares e empresas, sobre a explora\u00e7\u00e3o de&hellip;<\/p>\n","protected":false},"author":4,"featured_media":0,"parent":2979,"menu_order":0,"comment_status":"closed","ping_status":"closed","template":"","meta":{"footnotes":""},"class_list":["post-3951","page","type-page","status-publish","hentry"],"_links":{"self":[{"href":"https:\/\/awareproject.eu\/pt-pt\/wp-json\/wp\/v2\/pages\/3951","targetHints":{"allow":["GET"]}}],"collection":[{"href":"https:\/\/awareproject.eu\/pt-pt\/wp-json\/wp\/v2\/pages"}],"about":[{"href":"https:\/\/awareproject.eu\/pt-pt\/wp-json\/wp\/v2\/types\/page"}],"author":[{"embeddable":true,"href":"https:\/\/awareproject.eu\/pt-pt\/wp-json\/wp\/v2\/users\/4"}],"replies":[{"embeddable":true,"href":"https:\/\/awareproject.eu\/pt-pt\/wp-json\/wp\/v2\/comments?post=3951"}],"version-history":[{"count":1,"href":"https:\/\/awareproject.eu\/pt-pt\/wp-json\/wp\/v2\/pages\/3951\/revisions"}],"predecessor-version":[{"id":3960,"href":"https:\/\/awareproject.eu\/pt-pt\/wp-json\/wp\/v2\/pages\/3951\/revisions\/3960"}],"up":[{"embeddable":true,"href":"https:\/\/awareproject.eu\/pt-pt\/wp-json\/wp\/v2\/pages\/2979"}],"wp:attachment":[{"href":"https:\/\/awareproject.eu\/pt-pt\/wp-json\/wp\/v2\/media?parent=3951"}],"curies":[{"name":"wp","href":"https:\/\/api.w.org\/{rel}","templated":true}]}}