{"id":2896,"date":"2022-06-27T07:48:54","date_gmt":"2022-06-27T07:48:54","guid":{"rendered":"https:\/\/awareproject.eu\/resultados\/"},"modified":"2024-02-26T08:19:43","modified_gmt":"2024-02-26T08:19:43","slug":"resultados","status":"publish","type":"page","link":"https:\/\/awareproject.eu\/pt-pt\/resultados\/","title":{"rendered":"Resultados"},"content":{"rendered":"\t\t<div data-elementor-type=\"wp-page\" data-elementor-id=\"2896\" class=\"elementor elementor-2896 elementor-638\" data-elementor-post-type=\"page\">\n\t\t\t\t\t\t<section class=\"elementor-section elementor-top-section elementor-element elementor-element-4c3b849 elementor-section-boxed elementor-section-height-default elementor-section-height-default\" data-id=\"4c3b849\" data-element_type=\"section\">\n\t\t\t\t\t\t<div class=\"elementor-container elementor-column-gap-default\">\n\t\t\t\t\t<div class=\"elementor-column elementor-col-100 elementor-top-column elementor-element elementor-element-815126b\" data-id=\"815126b\" data-element_type=\"column\">\n\t\t\t<div class=\"elementor-widget-wrap elementor-element-populated\">\n\t\t\t\t\t\t<div class=\"elementor-element elementor-element-69b07b5 elementor-widget elementor-widget-heading\" data-id=\"69b07b5\" data-element_type=\"widget\" data-widget_type=\"heading.default\">\n\t\t\t\t<div class=\"elementor-widget-container\">\n\t\t\t<style>\/*! elementor - v3.23.0 - 05-08-2024 *\/\n.elementor-heading-title{padding:0;margin:0;line-height:1}.elementor-widget-heading .elementor-heading-title[class*=elementor-size-]>a{color:inherit;font-size:inherit;line-height:inherit}.elementor-widget-heading .elementor-heading-title.elementor-size-small{font-size:15px}.elementor-widget-heading .elementor-heading-title.elementor-size-medium{font-size:19px}.elementor-widget-heading .elementor-heading-title.elementor-size-large{font-size:29px}.elementor-widget-heading .elementor-heading-title.elementor-size-xl{font-size:39px}.elementor-widget-heading .elementor-heading-title.elementor-size-xxl{font-size:59px}<\/style><h1 class=\"elementor-heading-title elementor-size-default\">Resultados do Projeto AWARE<\/h1>\t\t<\/div>\n\t\t\t\t<\/div>\n\t\t\t\t<div class=\"elementor-element elementor-element-85782a7 elementor-widget elementor-widget-text-editor\" data-id=\"85782a7\" data-element_type=\"widget\" data-widget_type=\"text-editor.default\">\n\t\t\t\t<div class=\"elementor-widget-container\">\n\t\t\t<style>\/*! elementor - v3.23.0 - 05-08-2024 *\/\n.elementor-widget-text-editor.elementor-drop-cap-view-stacked .elementor-drop-cap{background-color:#69727d;color:#fff}.elementor-widget-text-editor.elementor-drop-cap-view-framed .elementor-drop-cap{color:#69727d;border:3px solid;background-color:transparent}.elementor-widget-text-editor:not(.elementor-drop-cap-view-default) .elementor-drop-cap{margin-top:8px}.elementor-widget-text-editor:not(.elementor-drop-cap-view-default) .elementor-drop-cap-letter{width:1em;height:1em}.elementor-widget-text-editor .elementor-drop-cap{float:left;text-align:center;line-height:1;font-size:50px}.elementor-widget-text-editor .elementor-drop-cap-letter{display:inline-block}<\/style>\t\t\t\tPromover o desenvolvimento de habilidades e mentalidades digitais requer uma mudan\u00e7a para m\u00e9todos de instru\u00e7\u00e3o mais interativos e novos conte\u00fados, onde os professores atuam como facilitadores e treinadores, em vez de palestrantes.\t\t\t\t\t\t<\/div>\n\t\t\t\t<\/div>\n\t\t\t\t<div class=\"elementor-element elementor-element-34d4186 elementor-widget elementor-widget-tp-timeline\" data-id=\"34d4186\" data-element_type=\"widget\" data-widget_type=\"tp-timeline.default\">\n\t\t\t\t<div class=\"elementor-widget-container\">\n\t\t\t<div id=\"pt_plus_timeline\" class=\"pt-plus-timeline-list  layout-both   timeline-center-align timeline69df39c7dff11 timeline-style-1 \" data-id=\"timeline69df39c7dff11\" data-masonry-type=\"no\"><div class=\"post-inner-loop \"><div class=\"timeline-track  \"><\/div><div class=\"timeline-track timeline-track-draw  \"><\/div><div class=\"timeline--icon\"><div class=\"timeline-beginning-icon\"><i class=\" fa fa-angle-double-down\" ><\/i><\/div><\/div><div class=\"grid-item timeline-item-wrap elementor-repeater-item-6d9e720 timeline-left-content  text-pin-position-top\"  >\n\t\t\t\t\t\t<div class=\"timeline-inner-block timeline-transition\">\n\t\t\t\t\t\t\t<div class=\"timeline-item text-right \" >\n\t\t\t\t\t\t\t\t<div class=\"timeline-item-content timeline-transition text-right \"><div class=\"timeline-tl-before timeline-transition\"><\/div><h3 class=\"timeline-item-heading timeline-transition\">Base de Conhecimento AWARE<\/h3><div class=\"timeline-content-image\"><\/div><div class=\"timeline-item-description timeline-transition\">A Base de Conhecimento AWARE ser\u00e1 um conte\u00fado modular feito sob medida, fornecendo uma vis\u00e3o geral do contexto da ciberseguran\u00e7a e a sua relev\u00e2ncia atual e futura, cobrindo t\u00f3picos relevantes sobre a consciencializa\u00e7\u00e3o sobre digitaliza\u00e7\u00e3o e ciberseguran\u00e7a entre alunos e professores do ensino vocacional.<\/div><\/div><\/div><div class=\"point-icon style-1\"> <div class=\"timeline-tooltip-wrap\"><div class=\"timeline-point-icon\"> <div class=\"timeline-pin-icon\"><img fetchpriority=\"high\" decoding=\"async\" width=\"800\" height=\"800\" src=\"https:\/\/awareproject.eu\/wp-content\/uploads\/2022\/03\/knowledge-banner-2@2.png\" class=\"point-icon-inner\" alt=\"AWARE Results - Knowledge base\" srcset=\"https:\/\/awareproject.eu\/wp-content\/uploads\/2022\/03\/knowledge-banner-2@2.png 800w, https:\/\/awareproject.eu\/wp-content\/uploads\/2022\/03\/knowledge-banner-2@2-300x300.png 300w, https:\/\/awareproject.eu\/wp-content\/uploads\/2022\/03\/knowledge-banner-2@2-150x150.png 150w, https:\/\/awareproject.eu\/wp-content\/uploads\/2022\/03\/knowledge-banner-2@2-768x768.png 768w, https:\/\/awareproject.eu\/wp-content\/uploads\/2022\/03\/knowledge-banner-2@2-700x700.png 700w, https:\/\/awareproject.eu\/wp-content\/uploads\/2022\/03\/knowledge-banner-2@2-624x624.png 624w\" sizes=\"(max-width: 800px) 100vw, 800px\" \/><\/div><\/div><\/div>  <\/div> <\/div> <\/div><div class=\"grid-item timeline-item-wrap elementor-repeater-item-627d927 timeline-right-content  text-pin-position-top\"  >\n\t\t\t\t\t\t<div class=\"timeline-inner-block timeline-transition\">\n\t\t\t\t\t\t\t<div class=\"timeline-item text-left \" >\n\t\t\t\t\t\t\t\t<div class=\"timeline-item-content timeline-transition text-left \"><div class=\"timeline-tl-before timeline-transition\"><\/div><a class=\"timeline-item-heading timeline-transition\" href=\"https:\/\/awareproject.eu\/pt-pt\/cyber-guardian\/\"  >Kit AWARE para autoavalia\u00e7\u00e3o Cyber-Respons\u00e1vel<\/a><div class=\"timeline-content-image\"><\/div><div class=\"timeline-item-description timeline-transition\">O AWARE Self-assessment Kit \"Cyber-Guardian\", ser\u00e1 um jogo online interativo, que testa a ciberseguran\u00e7a e a consciencializa\u00e7\u00e3o de professores e alunos do ensino vocacional, reconhecendo os seus padr\u00f5es comportamentais e avaliando os conhecimentos e habilidades adquiridos atrav\u00e9s da Base de Conhecimento e da Masterclass.<\/div><\/div><\/div><div class=\"point-icon style-1\"> <div class=\"timeline-tooltip-wrap\"><div class=\"timeline-point-icon\"> <div class=\"timeline-pin-icon\"><img decoding=\"async\" width=\"800\" height=\"800\" src=\"https:\/\/awareproject.eu\/wp-content\/uploads\/2022\/03\/cyber-guardian-banner-2@2.png\" class=\"point-icon-inner\" alt=\"AWARE Results - Cyber Guardian\" srcset=\"https:\/\/awareproject.eu\/wp-content\/uploads\/2022\/03\/cyber-guardian-banner-2@2.png 800w, https:\/\/awareproject.eu\/wp-content\/uploads\/2022\/03\/cyber-guardian-banner-2@2-300x300.png 300w, https:\/\/awareproject.eu\/wp-content\/uploads\/2022\/03\/cyber-guardian-banner-2@2-150x150.png 150w, https:\/\/awareproject.eu\/wp-content\/uploads\/2022\/03\/cyber-guardian-banner-2@2-768x768.png 768w, https:\/\/awareproject.eu\/wp-content\/uploads\/2022\/03\/cyber-guardian-banner-2@2-700x700.png 700w, https:\/\/awareproject.eu\/wp-content\/uploads\/2022\/03\/cyber-guardian-banner-2@2-624x624.png 624w\" sizes=\"(max-width: 800px) 100vw, 800px\" \/><\/div><\/div><\/div>  <\/div> <\/div> <\/div><div class=\"grid-item timeline-item-wrap elementor-repeater-item-199fa41 timeline-left-content  text-pin-position-top\"  >\n\t\t\t\t\t\t<div class=\"timeline-inner-block timeline-transition\">\n\t\t\t\t\t\t\t<div class=\"timeline-item text-right \" >\n\t\t\t\t\t\t\t\t<div class=\"timeline-item-content timeline-transition text-right \"><div class=\"timeline-tl-before timeline-transition\"><\/div><a class=\"timeline-item-heading timeline-transition\" href=\"https:\/\/awareproject.eu\/pt-pt\/courses\/masterclass-aware\/\"  >Masterclass AWARE<\/a><div class=\"timeline-content-image\"><\/div><div class=\"timeline-item-description timeline-transition\">A AWARE Masterclass ser\u00e1 um recurso de aprendizagem cuidadosamente projetado, apresentando m\u00e9todos para navegar com seguran\u00e7a no mundo digital para professores e alunos do ensino vocacional, de uma maneira f\u00e1cil de usar, cativante e facilmente compreens\u00edvel, usando um m\u00e9todo de ensino de contar hist\u00f3rias.<\/div><\/div><\/div><div class=\"point-icon style-1\"> <div class=\"timeline-tooltip-wrap\"><div class=\"timeline-point-icon\"> <div class=\"timeline-pin-icon\"><img decoding=\"async\" width=\"800\" height=\"800\" src=\"https:\/\/awareproject.eu\/wp-content\/uploads\/2022\/03\/masterclass-banner2@2.png\" class=\"point-icon-inner\" alt=\"AWARE Results - Masterclass\" srcset=\"https:\/\/awareproject.eu\/wp-content\/uploads\/2022\/03\/masterclass-banner2@2.png 800w, https:\/\/awareproject.eu\/wp-content\/uploads\/2022\/03\/masterclass-banner2@2-300x300.png 300w, https:\/\/awareproject.eu\/wp-content\/uploads\/2022\/03\/masterclass-banner2@2-150x150.png 150w, https:\/\/awareproject.eu\/wp-content\/uploads\/2022\/03\/masterclass-banner2@2-768x768.png 768w, https:\/\/awareproject.eu\/wp-content\/uploads\/2022\/03\/masterclass-banner2@2-700x700.png 700w, https:\/\/awareproject.eu\/wp-content\/uploads\/2022\/03\/masterclass-banner2@2-624x624.png 624w\" sizes=\"(max-width: 800px) 100vw, 800px\" \/><\/div><\/div><\/div>  <\/div> <\/div> <\/div><div class=\"timeline--icon\"><div class=\"timeline-end-icon\"><i class=\" fa fa-stop-circle\" ><\/i><\/div><\/div><\/div><\/div><style>@media (min-width:731px){.timeline69df39c7dff11.timeline-style-1 .timeline-item-wrap .timeline-item .timeline-tl-before{width:120px}.timeline69df39c7dff11.timeline-style-1.timeline-center-align .timeline-left-content{padding-right:120px}.timeline69df39c7dff11.timeline-style-1.timeline-center-align .timeline-right-content{padding-left:120px}.timeline69df39c7dff11.timeline-style-1.timeline-left-align .timeline-item-wrap{padding-right:120px !important;}.timeline69df39c7dff11.timeline-style-1.timeline-right-align .timeline-item-wrap.timeline-left-content,.timeline69df39c7dff11.timeline-style-1.timeline-right-align .timeline-item-wrap.timeline-right-content{padding-left:120px !important;}}<\/style>\t\t<\/div>\n\t\t\t\t<\/div>\n\t\t\t\t<div class=\"elementor-element elementor-element-ec64fa1 elementor-widget elementor-widget-spacer\" data-id=\"ec64fa1\" data-element_type=\"widget\" data-widget_type=\"spacer.default\">\n\t\t\t\t<div class=\"elementor-widget-container\">\n\t\t\t<style>\/*! elementor - v3.23.0 - 05-08-2024 *\/\n.elementor-column .elementor-spacer-inner{height:var(--spacer-size)}.e-con{--container-widget-width:100%}.e-con-inner>.elementor-widget-spacer,.e-con>.elementor-widget-spacer{width:var(--container-widget-width,var(--spacer-size));--align-self:var(--container-widget-align-self,initial);--flex-shrink:0}.e-con-inner>.elementor-widget-spacer>.elementor-widget-container,.e-con>.elementor-widget-spacer>.elementor-widget-container{height:100%;width:100%}.e-con-inner>.elementor-widget-spacer>.elementor-widget-container>.elementor-spacer,.e-con>.elementor-widget-spacer>.elementor-widget-container>.elementor-spacer{height:100%}.e-con-inner>.elementor-widget-spacer>.elementor-widget-container>.elementor-spacer>.elementor-spacer-inner,.e-con>.elementor-widget-spacer>.elementor-widget-container>.elementor-spacer>.elementor-spacer-inner{height:var(--container-widget-height,var(--spacer-size))}.e-con-inner>.elementor-widget-spacer.elementor-widget-empty,.e-con>.elementor-widget-spacer.elementor-widget-empty{position:relative;min-height:22px;min-width:22px}.e-con-inner>.elementor-widget-spacer.elementor-widget-empty .elementor-widget-empty-icon,.e-con>.elementor-widget-spacer.elementor-widget-empty .elementor-widget-empty-icon{position:absolute;top:0;bottom:0;left:0;right:0;margin:auto;padding:0;width:22px;height:22px}<\/style>\t\t<div class=\"elementor-spacer\">\n\t\t\t<div class=\"elementor-spacer-inner\"><\/div>\n\t\t<\/div>\n\t\t\t\t<\/div>\n\t\t\t\t<\/div>\n\t\t\t\t\t<\/div>\n\t\t<\/div>\n\t\t\t\t\t<\/div>\n\t\t<\/section>\n\t\t\t\t<\/div>\n\t\t","protected":false},"excerpt":{"rendered":"<p>Resultados do Projeto AWARE Promover o desenvolvimento de habilidades e mentalidades digitais requer uma mudan\u00e7a para m\u00e9todos de instru\u00e7\u00e3o mais interativos e novos conte\u00fados, onde&hellip;<\/p>\n","protected":false},"author":1,"featured_media":2921,"parent":0,"menu_order":0,"comment_status":"closed","ping_status":"closed","template":"elementor_header_footer","meta":{"footnotes":""},"class_list":["post-2896","page","type-page","status-publish","has-post-thumbnail","hentry"],"_links":{"self":[{"href":"https:\/\/awareproject.eu\/pt-pt\/wp-json\/wp\/v2\/pages\/2896","targetHints":{"allow":["GET"]}}],"collection":[{"href":"https:\/\/awareproject.eu\/pt-pt\/wp-json\/wp\/v2\/pages"}],"about":[{"href":"https:\/\/awareproject.eu\/pt-pt\/wp-json\/wp\/v2\/types\/page"}],"author":[{"embeddable":true,"href":"https:\/\/awareproject.eu\/pt-pt\/wp-json\/wp\/v2\/users\/1"}],"replies":[{"embeddable":true,"href":"https:\/\/awareproject.eu\/pt-pt\/wp-json\/wp\/v2\/comments?post=2896"}],"version-history":[{"count":13,"href":"https:\/\/awareproject.eu\/pt-pt\/wp-json\/wp\/v2\/pages\/2896\/revisions"}],"predecessor-version":[{"id":9012,"href":"https:\/\/awareproject.eu\/pt-pt\/wp-json\/wp\/v2\/pages\/2896\/revisions\/9012"}],"wp:featuredmedia":[{"embeddable":true,"href":"https:\/\/awareproject.eu\/pt-pt\/wp-json\/wp\/v2\/media\/2921"}],"wp:attachment":[{"href":"https:\/\/awareproject.eu\/pt-pt\/wp-json\/wp\/v2\/media?parent=2896"}],"curies":[{"name":"wp","href":"https:\/\/api.w.org\/{rel}","templated":true}]}}