{"id":4001,"date":"2022-06-28T08:03:34","date_gmt":"2022-06-28T08:03:34","guid":{"rendered":"https:\/\/awareproject.eu\/i-partner\/gospodarska-zbornica-slovenije\/"},"modified":"2022-06-28T08:03:35","modified_gmt":"2022-06-28T08:03:35","slug":"gospodarska-zbornica-slovenije","status":"publish","type":"page","link":"https:\/\/awareproject.eu\/it\/i-partner\/gospodarska-zbornica-slovenije\/","title":{"rendered":"GOSPODARSKA ZBORNICA SLOVENIJE"},"content":{"rendered":"\t\t<div data-elementor-type=\"wp-page\" data-elementor-id=\"4001\" class=\"elementor elementor-4001 elementor-953\" data-elementor-post-type=\"page\">\n\t\t\t\t\t\t<section class=\"elementor-section elementor-top-section elementor-element elementor-element-bcbd239 elementor-section-boxed elementor-section-height-default elementor-section-height-default\" data-id=\"bcbd239\" data-element_type=\"section\">\n\t\t\t\t\t\t<div class=\"elementor-container elementor-column-gap-default\">\n\t\t\t\t\t<div class=\"elementor-column elementor-col-33 elementor-top-column elementor-element elementor-element-9cc271b\" data-id=\"9cc271b\" data-element_type=\"column\">\n\t\t\t<div class=\"elementor-widget-wrap\">\n\t\t\t\t\t\t\t<\/div>\n\t\t<\/div>\n\t\t\t\t<div class=\"elementor-column elementor-col-33 elementor-top-column elementor-element elementor-element-82e990a\" data-id=\"82e990a\" data-element_type=\"column\">\n\t\t\t<div class=\"elementor-widget-wrap elementor-element-populated\">\n\t\t\t\t\t\t<div class=\"elementor-element elementor-element-0e07edb elementor-widget elementor-widget-tp-image-factory\" data-id=\"0e07edb\" data-element_type=\"widget\" data-widget_type=\"tp-image-factory.default\">\n\t\t\t\t<div class=\"elementor-widget-container\">\n\t\t\t<div id=\"plus69e735b93a6cd\" class=\"plus-adv-text-widget plus-widget-wrapper    image-pulse\"  ><div class=\"plus-widget-inner-wrap   \"  ><div id=\"plus69e735b93acc7\" class=\"pt-plus-animated-image-wrapper      image-pulse\" ><div class=\"animated-image-parallax   \" ><div class=\"pt_plus_animated_image bg-image69e735b93acc1 text-center  \"  > <figure class=\"     \"  ><div class=\"vc_single_image-wrapper   \"><img fetchpriority=\"high\" decoding=\"async\" width=\"500\" height=\"500\" src=\"https:\/\/awareproject.eu\/wp-content\/uploads\/2022\/03\/partners-logo-01.jpg\" class=\"attachment-full size-full wp-image-774\" alt=\"GOSPODARSKA ZBORNICA SLOVENIJE\" srcset=\"https:\/\/awareproject.eu\/wp-content\/uploads\/2022\/03\/partners-logo-01.jpg 500w, https:\/\/awareproject.eu\/wp-content\/uploads\/2022\/03\/partners-logo-01-300x300.jpg 300w, https:\/\/awareproject.eu\/wp-content\/uploads\/2022\/03\/partners-logo-01-150x150.jpg 150w\" sizes=\"(max-width: 500px) 100vw, 500px\" \/><\/div> <\/figure> <\/div><\/div><\/div><\/div><\/div>\t\t<\/div>\n\t\t\t\t<\/div>\n\t\t\t\t\t<\/div>\n\t\t<\/div>\n\t\t\t\t<div class=\"elementor-column elementor-col-33 elementor-top-column elementor-element elementor-element-cecb854\" data-id=\"cecb854\" data-element_type=\"column\">\n\t\t\t<div class=\"elementor-widget-wrap\">\n\t\t\t\t\t\t\t<\/div>\n\t\t<\/div>\n\t\t\t\t\t<\/div>\n\t\t<\/section>\n\t\t\t\t<section class=\"elementor-section elementor-top-section elementor-element elementor-element-42469a6 elementor-section-boxed elementor-section-height-default elementor-section-height-default\" data-id=\"42469a6\" data-element_type=\"section\">\n\t\t\t\t\t\t<div class=\"elementor-container elementor-column-gap-default\">\n\t\t\t\t\t<div class=\"elementor-column elementor-col-100 elementor-top-column elementor-element elementor-element-a51ee66\" data-id=\"a51ee66\" data-element_type=\"column\">\n\t\t\t<div class=\"elementor-widget-wrap elementor-element-populated\">\n\t\t\t\t\t\t<div class=\"elementor-element elementor-element-e0a1db9 elementor-drop-cap-yes elementor-drop-cap-view-default elementor-widget elementor-widget-text-editor\" data-id=\"e0a1db9\" data-element_type=\"widget\" data-settings=\"{&quot;drop_cap&quot;:&quot;yes&quot;}\" data-widget_type=\"text-editor.default\">\n\t\t\t\t<div class=\"elementor-widget-container\">\n\t\t\t<style>\/*! elementor - v3.23.0 - 05-08-2024 *\/\n.elementor-widget-text-editor.elementor-drop-cap-view-stacked .elementor-drop-cap{background-color:#69727d;color:#fff}.elementor-widget-text-editor.elementor-drop-cap-view-framed .elementor-drop-cap{color:#69727d;border:3px solid;background-color:transparent}.elementor-widget-text-editor:not(.elementor-drop-cap-view-default) .elementor-drop-cap{margin-top:8px}.elementor-widget-text-editor:not(.elementor-drop-cap-view-default) .elementor-drop-cap-letter{width:1em;height:1em}.elementor-widget-text-editor .elementor-drop-cap{float:left;text-align:center;line-height:1;font-size:50px}.elementor-widget-text-editor .elementor-drop-cap-letter{display:inline-block}<\/style>\t\t\t\tLa Camera di Commercio e Industria della Slovenia \u00e8 la pi\u00f9 grande organizzazione di volontariato indipendente che rappresenta tutti i settori economici in Slovenia. Questa unisce 24 associazioni di filiali e gestisce una rete di 13 camere regionali. CCIS offre un&#8217;ampia gamma di competenze per il supporto alle imprese, in particolare attraverso il suo dipartimento legale, l&#8217;unit\u00e0 TT e innovazione, il dipartimento ambientale, il centro di internazionalizzazione e l&#8217;ufficio EEN.\r\n\r\nCCIS gode dello status di Camera di Commercio rappresentativa ed \u00e8 quindi \u00e8 riconosciuta e menzionata dall\u2019esecutivo, nelle leggi ed \u00e8 partner del governo, nonch\u00e9 \u00e8 un&#8217;organizzazione che lavora in continuit\u00e0 con le parti sociali.\r\n\r\nCCIS fa parte di una vasta rete internazionale, in particolare attraverso l&#8217;adesione a varie organizzazioni ombrello e attraverso il coinvolgimento in numerosi progetti nazionali e transnazionali, relativi a ricerca e sviluppo, digitalizzazione, ambiente, impresa e imprenditorialit\u00e0, internazionalizzazione, questioni sociali, nonch\u00e9 formazione e formazione scolastica.\t\t\t\t\t\t<\/div>\n\t\t\t\t<\/div>\n\t\t\t\t\t<\/div>\n\t\t<\/div>\n\t\t\t\t\t<\/div>\n\t\t<\/section>\n\t\t\t\t<\/div>\n\t\t","protected":false},"excerpt":{"rendered":"<p>La Camera di Commercio e Industria della Slovenia \u00e8 la pi\u00f9 grande organizzazione di volontariato indipendente che rappresenta tutti i settori economici in Slovenia. Questa&hellip;<\/p>\n","protected":false},"author":4,"featured_media":0,"parent":2776,"menu_order":0,"comment_status":"closed","ping_status":"closed","template":"","meta":{"footnotes":""},"class_list":["post-4001","page","type-page","status-publish","hentry"],"_links":{"self":[{"href":"https:\/\/awareproject.eu\/it\/wp-json\/wp\/v2\/pages\/4001","targetHints":{"allow":["GET"]}}],"collection":[{"href":"https:\/\/awareproject.eu\/it\/wp-json\/wp\/v2\/pages"}],"about":[{"href":"https:\/\/awareproject.eu\/it\/wp-json\/wp\/v2\/types\/page"}],"author":[{"embeddable":true,"href":"https:\/\/awareproject.eu\/it\/wp-json\/wp\/v2\/users\/4"}],"replies":[{"embeddable":true,"href":"https:\/\/awareproject.eu\/it\/wp-json\/wp\/v2\/comments?post=4001"}],"version-history":[{"count":1,"href":"https:\/\/awareproject.eu\/it\/wp-json\/wp\/v2\/pages\/4001\/revisions"}],"predecessor-version":[{"id":4002,"href":"https:\/\/awareproject.eu\/it\/wp-json\/wp\/v2\/pages\/4001\/revisions\/4002"}],"up":[{"embeddable":true,"href":"https:\/\/awareproject.eu\/it\/wp-json\/wp\/v2\/pages\/2776"}],"wp:attachment":[{"href":"https:\/\/awareproject.eu\/it\/wp-json\/wp\/v2\/media?parent=4001"}],"curies":[{"name":"wp","href":"https:\/\/api.w.org\/{rel}","templated":true}]}}