{"id":3941,"date":"2022-06-28T07:53:26","date_gmt":"2022-06-28T07:53:26","guid":{"rendered":"https:\/\/awareproject.eu\/i-partner\/eurosuccess\/"},"modified":"2022-06-28T07:53:27","modified_gmt":"2022-06-28T07:53:27","slug":"eurosuccess","status":"publish","type":"page","link":"https:\/\/awareproject.eu\/it\/i-partner\/eurosuccess\/","title":{"rendered":"Eurosuccess"},"content":{"rendered":"\t\t<div data-elementor-type=\"wp-page\" data-elementor-id=\"3941\" class=\"elementor elementor-3941 elementor-1311\" data-elementor-post-type=\"page\">\n\t\t\t\t\t\t<section class=\"elementor-section elementor-top-section elementor-element elementor-element-09125cc elementor-section-boxed elementor-section-height-default elementor-section-height-default\" data-id=\"09125cc\" data-element_type=\"section\">\n\t\t\t\t\t\t<div class=\"elementor-container elementor-column-gap-default\">\n\t\t\t\t\t<div class=\"elementor-column elementor-col-33 elementor-top-column elementor-element elementor-element-da82436\" data-id=\"da82436\" data-element_type=\"column\">\n\t\t\t<div class=\"elementor-widget-wrap\">\n\t\t\t\t\t\t\t<\/div>\n\t\t<\/div>\n\t\t\t\t<div class=\"elementor-column elementor-col-33 elementor-top-column elementor-element elementor-element-7f21bf5\" data-id=\"7f21bf5\" data-element_type=\"column\">\n\t\t\t<div class=\"elementor-widget-wrap elementor-element-populated\">\n\t\t\t\t\t\t<div class=\"elementor-element elementor-element-faf08cb elementor-widget elementor-widget-tp-image-factory\" data-id=\"faf08cb\" data-element_type=\"widget\" data-widget_type=\"tp-image-factory.default\">\n\t\t\t\t<div class=\"elementor-widget-container\">\n\t\t\t<div id=\"plus69e735626cda1\" class=\"plus-adv-text-widget plus-widget-wrapper    image-pulse\"  ><div class=\"plus-widget-inner-wrap   \"  ><div id=\"plus69e735626e6af\" class=\"pt-plus-animated-image-wrapper      image-pulse\" ><div class=\"animated-image-parallax   \" ><div class=\"pt_plus_animated_image bg-image69e735626e6a9 text-center  \"  > <figure class=\"     \"  ><div class=\"vc_single_image-wrapper   \"><img fetchpriority=\"high\" decoding=\"async\" width=\"500\" height=\"500\" src=\"https:\/\/awareproject.eu\/wp-content\/uploads\/2022\/03\/partners-logo-05.jpg\" class=\"attachment-full size-full wp-image-783\" alt=\"Print\" srcset=\"https:\/\/awareproject.eu\/wp-content\/uploads\/2022\/03\/partners-logo-05.jpg 500w, https:\/\/awareproject.eu\/wp-content\/uploads\/2022\/03\/partners-logo-05-300x300.jpg 300w, https:\/\/awareproject.eu\/wp-content\/uploads\/2022\/03\/partners-logo-05-150x150.jpg 150w\" sizes=\"(max-width: 500px) 100vw, 500px\" \/><\/div> <\/figure> <\/div><\/div><\/div><\/div><\/div>\t\t<\/div>\n\t\t\t\t<\/div>\n\t\t\t\t\t<\/div>\n\t\t<\/div>\n\t\t\t\t<div class=\"elementor-column elementor-col-33 elementor-top-column elementor-element elementor-element-4ba1079\" data-id=\"4ba1079\" data-element_type=\"column\">\n\t\t\t<div class=\"elementor-widget-wrap\">\n\t\t\t\t\t\t\t<\/div>\n\t\t<\/div>\n\t\t\t\t\t<\/div>\n\t\t<\/section>\n\t\t\t\t<section class=\"elementor-section elementor-top-section elementor-element elementor-element-b372650 elementor-section-boxed elementor-section-height-default elementor-section-height-default\" data-id=\"b372650\" data-element_type=\"section\">\n\t\t\t\t\t\t<div class=\"elementor-container elementor-column-gap-default\">\n\t\t\t\t\t<div class=\"elementor-column elementor-col-100 elementor-top-column elementor-element elementor-element-96e96ab\" data-id=\"96e96ab\" data-element_type=\"column\">\n\t\t\t<div class=\"elementor-widget-wrap elementor-element-populated\">\n\t\t\t\t\t\t<div class=\"elementor-element elementor-element-cdd1f5d elementor-drop-cap-yes elementor-drop-cap-view-default elementor-widget elementor-widget-text-editor\" data-id=\"cdd1f5d\" data-element_type=\"widget\" data-settings=\"{&quot;drop_cap&quot;:&quot;yes&quot;}\" data-widget_type=\"text-editor.default\">\n\t\t\t\t<div class=\"elementor-widget-container\">\n\t\t\t<style>\/*! elementor - v3.23.0 - 05-08-2024 *\/\n.elementor-widget-text-editor.elementor-drop-cap-view-stacked .elementor-drop-cap{background-color:#69727d;color:#fff}.elementor-widget-text-editor.elementor-drop-cap-view-framed .elementor-drop-cap{color:#69727d;border:3px solid;background-color:transparent}.elementor-widget-text-editor:not(.elementor-drop-cap-view-default) .elementor-drop-cap{margin-top:8px}.elementor-widget-text-editor:not(.elementor-drop-cap-view-default) .elementor-drop-cap-letter{width:1em;height:1em}.elementor-widget-text-editor .elementor-drop-cap{float:left;text-align:center;line-height:1;font-size:50px}.elementor-widget-text-editor .elementor-drop-cap-letter{display:inline-block}<\/style>\t\t\t\tEurosuccess Consulting,\u00a0 fondata nel 2009, ha l\u2019obiettivo di\u00a0 informare e supportare privati \u200b\u200be imprese nella ricerca e sfruttamento delle opportunit\u00e0 offerte dall\u2019UE e quelle disponibili a livello nazionale e locale, per il conseguimento di obiettivi strategici e di sviluppo.\r\n\r\nInoltre, Eurosuccess partecipa, sia come coordinatore che come partner, a diversi progetti nell&#8217;ambito di vari programmi e iniziative europee, come Lifelong Learning, ERASMUS + e Justice, ed \u00e8 uno degli organismi di valutazione delle proposte presentate nell&#8217;ambito di vari programmi dell&#8217;UE.\r\n\r\nEurosuccess Consulting ha una vasta esperienza nello\u00a0 sviluppo di materiali, strumenti e metodologie per il rafforzamento e l\u2019acquisizione di varie abilit\u00e0\/competenze (inclusi strumenti ICT a fini di valutazione e formazione, nonch\u00e9 ambienti di e-learning), indirizzati a vari portatori d\u2019interesse.\r\n\r\nEurosuccess \u00e8 parte dello European Forum of Vocational Education and Training (EfVET), International Trade Council, European Prison Education Association (EPEA), European Policy Network on Key Competences in School Education (KeyCoNet Network), il Network Europeo dell&#8217;innovazione per l&#8217;inclusione, Alleanza europea per l&#8217;apprendistato, Gruppo di lavoro europeo dei consulenti per l&#8217;innovazione, Camera di commercio e industria di Cipro (CCCI), Federazione dei datori di lavoro e degli industriali di Cipro (OEB) e Camera di commercio e industria di Nicosia (NCCI).\r\n\r\nSulla base dell&#8217;esperienza, delle conoscenze e delle capacit\u00e0 di cui sopra, nonch\u00e9 della rete consolidata con organizzazioni partner ed esperti a Cipro e all&#8217;estero, Eurosuccess Consulting \u00e8 in grado di supportare lo sviluppo di proposte di successo.\r\n\r\nInoltre, Eurosuccess Consulting \u00e8 accreditato come centro di formazione professionale dall&#8217;Autorit\u00e0 per lo sviluppo delle risorse umane di Cipro, l&#8217;autorit\u00e0 pubblica competente per quanto riguarda il settore della formazione e dell&#8217;istruzione, nonch\u00e9 con il sistema di qualit\u00e0 internazionale ISO 9001:2015.\t\t\t\t\t\t<\/div>\n\t\t\t\t<\/div>\n\t\t\t\t\t<\/div>\n\t\t<\/div>\n\t\t\t\t\t<\/div>\n\t\t<\/section>\n\t\t\t\t<\/div>\n\t\t","protected":false},"excerpt":{"rendered":"<p>Eurosuccess Consulting,\u00a0 fondata nel 2009, ha l\u2019obiettivo di\u00a0 informare e supportare privati \u200b\u200be imprese nella ricerca e sfruttamento delle opportunit\u00e0 offerte dall\u2019UE e quelle disponibili&hellip;<\/p>\n","protected":false},"author":4,"featured_media":0,"parent":2776,"menu_order":0,"comment_status":"closed","ping_status":"closed","template":"","meta":{"footnotes":""},"class_list":["post-3941","page","type-page","status-publish","hentry"],"_links":{"self":[{"href":"https:\/\/awareproject.eu\/it\/wp-json\/wp\/v2\/pages\/3941","targetHints":{"allow":["GET"]}}],"collection":[{"href":"https:\/\/awareproject.eu\/it\/wp-json\/wp\/v2\/pages"}],"about":[{"href":"https:\/\/awareproject.eu\/it\/wp-json\/wp\/v2\/types\/page"}],"author":[{"embeddable":true,"href":"https:\/\/awareproject.eu\/it\/wp-json\/wp\/v2\/users\/4"}],"replies":[{"embeddable":true,"href":"https:\/\/awareproject.eu\/it\/wp-json\/wp\/v2\/comments?post=3941"}],"version-history":[{"count":1,"href":"https:\/\/awareproject.eu\/it\/wp-json\/wp\/v2\/pages\/3941\/revisions"}],"predecessor-version":[{"id":3950,"href":"https:\/\/awareproject.eu\/it\/wp-json\/wp\/v2\/pages\/3941\/revisions\/3950"}],"up":[{"embeddable":true,"href":"https:\/\/awareproject.eu\/it\/wp-json\/wp\/v2\/pages\/2776"}],"wp:attachment":[{"href":"https:\/\/awareproject.eu\/it\/wp-json\/wp\/v2\/media?parent=3941"}],"curies":[{"name":"wp","href":"https:\/\/api.w.org\/{rel}","templated":true}]}}