{"id":4075,"date":"2022-06-28T08:50:47","date_gmt":"2022-06-28T08:50:47","guid":{"rendered":"https:\/\/awareproject.eu\/partner-de\/ssrd\/"},"modified":"2022-06-28T08:50:48","modified_gmt":"2022-06-28T08:50:48","slug":"ssrd","status":"publish","type":"page","link":"https:\/\/awareproject.eu\/de\/partner-de\/ssrd\/","title":{"rendered":"SSRD"},"content":{"rendered":"\t\t<div data-elementor-type=\"wp-page\" data-elementor-id=\"4075\" class=\"elementor elementor-4075 elementor-1019\" data-elementor-post-type=\"page\">\n\t\t\t\t\t\t<section class=\"elementor-section elementor-top-section elementor-element elementor-element-2b98e41 elementor-section-boxed elementor-section-height-default elementor-section-height-default\" data-id=\"2b98e41\" data-element_type=\"section\">\n\t\t\t\t\t\t<div class=\"elementor-container elementor-column-gap-default\">\n\t\t\t\t\t<div class=\"elementor-column elementor-col-33 elementor-top-column elementor-element elementor-element-8afd97e\" data-id=\"8afd97e\" data-element_type=\"column\">\n\t\t\t<div class=\"elementor-widget-wrap\">\n\t\t\t\t\t\t\t<\/div>\n\t\t<\/div>\n\t\t\t\t<div class=\"elementor-column elementor-col-33 elementor-top-column elementor-element elementor-element-ac2f9ae\" data-id=\"ac2f9ae\" data-element_type=\"column\">\n\t\t\t<div class=\"elementor-widget-wrap elementor-element-populated\">\n\t\t\t\t\t\t<div class=\"elementor-element elementor-element-3d3de18 elementor-widget elementor-widget-tp-image-factory\" data-id=\"3d3de18\" data-element_type=\"widget\" data-widget_type=\"tp-image-factory.default\">\n\t\t\t\t<div class=\"elementor-widget-container\">\n\t\t\t<div id=\"plus69f0e26842a18\" class=\"plus-adv-text-widget plus-widget-wrapper    image-pulse\"  ><div class=\"plus-widget-inner-wrap   \"  ><div id=\"plus69f0e26842d87\" class=\"pt-plus-animated-image-wrapper      image-pulse\" ><div class=\"animated-image-parallax   \" ><div class=\"pt_plus_animated_image bg-image69f0e26842d84 text-center  \"  > <figure class=\"     \"  ><div class=\"vc_single_image-wrapper   \"><img fetchpriority=\"high\" decoding=\"async\" width=\"500\" height=\"500\" src=\"https:\/\/awareproject.eu\/wp-content\/uploads\/2022\/03\/ssrd_logo.jpg\" class=\"attachment-full size-full wp-image-801\" alt=\"SSRD\" srcset=\"https:\/\/awareproject.eu\/wp-content\/uploads\/2022\/03\/ssrd_logo.jpg 500w, https:\/\/awareproject.eu\/wp-content\/uploads\/2022\/03\/ssrd_logo-300x300.jpg 300w, https:\/\/awareproject.eu\/wp-content\/uploads\/2022\/03\/ssrd_logo-150x150.jpg 150w\" sizes=\"(max-width: 500px) 100vw, 500px\" \/><\/div> <\/figure> <\/div><\/div><\/div><\/div><\/div>\t\t<\/div>\n\t\t\t\t<\/div>\n\t\t\t\t\t<\/div>\n\t\t<\/div>\n\t\t\t\t<div class=\"elementor-column elementor-col-33 elementor-top-column elementor-element elementor-element-d93d109\" data-id=\"d93d109\" data-element_type=\"column\">\n\t\t\t<div class=\"elementor-widget-wrap\">\n\t\t\t\t\t\t\t<\/div>\n\t\t<\/div>\n\t\t\t\t\t<\/div>\n\t\t<\/section>\n\t\t\t\t<section class=\"elementor-section elementor-top-section elementor-element elementor-element-6410c85 elementor-section-boxed elementor-section-height-default elementor-section-height-default\" data-id=\"6410c85\" data-element_type=\"section\">\n\t\t\t\t\t\t<div class=\"elementor-container elementor-column-gap-default\">\n\t\t\t\t\t<div class=\"elementor-column elementor-col-100 elementor-top-column elementor-element elementor-element-6eac50a\" data-id=\"6eac50a\" data-element_type=\"column\">\n\t\t\t<div class=\"elementor-widget-wrap elementor-element-populated\">\n\t\t\t\t\t\t<div class=\"elementor-element elementor-element-6b162ec elementor-drop-cap-yes elementor-drop-cap-view-default elementor-widget elementor-widget-text-editor\" data-id=\"6b162ec\" data-element_type=\"widget\" data-settings=\"{&quot;drop_cap&quot;:&quot;yes&quot;}\" data-widget_type=\"text-editor.default\">\n\t\t\t\t<div class=\"elementor-widget-container\">\n\t\t\t<style>\/*! elementor - v3.23.0 - 05-08-2024 *\/\n.elementor-widget-text-editor.elementor-drop-cap-view-stacked .elementor-drop-cap{background-color:#69727d;color:#fff}.elementor-widget-text-editor.elementor-drop-cap-view-framed .elementor-drop-cap{color:#69727d;border:3px solid;background-color:transparent}.elementor-widget-text-editor:not(.elementor-drop-cap-view-default) .elementor-drop-cap{margin-top:8px}.elementor-widget-text-editor:not(.elementor-drop-cap-view-default) .elementor-drop-cap-letter{width:1em;height:1em}.elementor-widget-text-editor .elementor-drop-cap{float:left;text-align:center;line-height:1;font-size:50px}.elementor-widget-text-editor .elementor-drop-cap-letter{display:inline-block}<\/style>\t\t\t\tSSRD ist ein Softwareunternehmen mit Sitz in Maribor, Slowenien. Unser erfahrenes Team kann mit Ihnen zusammen Produkte entwickelt entwickeln. Indem wir strengen Standards und Richtlinien folgen, haben wir einen Softwareentwicklungsprozess etabliert, der mit Funktionalit\u00e4t mit einem erstklassigen Design kombiniert.\r\n\r\nVon der fr\u00fchen Designphase \u00fcber die Entwicklung bis hin zur Auslieferung erf\u00fcllen wir alle Anforderungen Ihres Projekts, um sicherzustellen, dass das Ergebnis genauso wird, wie Sie es sich vorgestellt haben. Wir haben uns auf sichere Blockchain-L\u00f6sungen spezialisiert und machen diese Technologien mit einer hochwertigen Benutzererfahrung zug\u00e4nglicher.F\u00fcr uns sind unsere Kunden unsere Partner, und wir sind bestrebt, elegante und sichere L\u00f6sungen anzubieten, um langfristige, vertrauensvolle Beziehungen aufzubauen.\r\n\r\nUnser Team ist f\u00fcr Sie da. Wir freuen uns auf die Zusammenarbeit mit Ihnen.\t\t\t\t\t\t<\/div>\n\t\t\t\t<\/div>\n\t\t\t\t\t<\/div>\n\t\t<\/div>\n\t\t\t\t\t<\/div>\n\t\t<\/section>\n\t\t\t\t<\/div>\n\t\t","protected":false},"excerpt":{"rendered":"<p>SSRD ist ein Softwareunternehmen mit Sitz in Maribor, Slowenien. Unser erfahrenes Team kann mit Ihnen zusammen Produkte entwickelt entwickeln. Indem wir strengen Standards und Richtlinien&hellip;<\/p>\n","protected":false},"author":4,"featured_media":0,"parent":3502,"menu_order":0,"comment_status":"closed","ping_status":"closed","template":"","meta":{"footnotes":""},"class_list":["post-4075","page","type-page","status-publish","hentry"],"_links":{"self":[{"href":"https:\/\/awareproject.eu\/de\/wp-json\/wp\/v2\/pages\/4075","targetHints":{"allow":["GET"]}}],"collection":[{"href":"https:\/\/awareproject.eu\/de\/wp-json\/wp\/v2\/pages"}],"about":[{"href":"https:\/\/awareproject.eu\/de\/wp-json\/wp\/v2\/types\/page"}],"author":[{"embeddable":true,"href":"https:\/\/awareproject.eu\/de\/wp-json\/wp\/v2\/users\/4"}],"replies":[{"embeddable":true,"href":"https:\/\/awareproject.eu\/de\/wp-json\/wp\/v2\/comments?post=4075"}],"version-history":[{"count":1,"href":"https:\/\/awareproject.eu\/de\/wp-json\/wp\/v2\/pages\/4075\/revisions"}],"predecessor-version":[{"id":4076,"href":"https:\/\/awareproject.eu\/de\/wp-json\/wp\/v2\/pages\/4075\/revisions\/4076"}],"up":[{"embeddable":true,"href":"https:\/\/awareproject.eu\/de\/wp-json\/wp\/v2\/pages\/3502"}],"wp:attachment":[{"href":"https:\/\/awareproject.eu\/de\/wp-json\/wp\/v2\/media?parent=4075"}],"curies":[{"name":"wp","href":"https:\/\/api.w.org\/{rel}","templated":true}]}}