{"id":4073,"date":"2022-06-28T08:50:02","date_gmt":"2022-06-28T08:50:02","guid":{"rendered":"https:\/\/awareproject.eu\/partner-de\/sosit\/"},"modified":"2022-06-28T08:50:03","modified_gmt":"2022-06-28T08:50:03","slug":"sosit","status":"publish","type":"page","link":"https:\/\/awareproject.eu\/de\/partner-de\/sosit\/","title":{"rendered":"SO\u0160IT"},"content":{"rendered":"\t\t<div data-elementor-type=\"wp-page\" data-elementor-id=\"4073\" class=\"elementor elementor-4073 elementor-1160\" data-elementor-post-type=\"page\">\n\t\t\t\t\t\t<section class=\"elementor-section elementor-top-section elementor-element elementor-element-ceb5eae elementor-section-boxed elementor-section-height-default elementor-section-height-default\" data-id=\"ceb5eae\" data-element_type=\"section\">\n\t\t\t\t\t\t<div class=\"elementor-container elementor-column-gap-default\">\n\t\t\t\t\t<div class=\"elementor-column elementor-col-33 elementor-top-column elementor-element elementor-element-b83764e\" data-id=\"b83764e\" data-element_type=\"column\">\n\t\t\t<div class=\"elementor-widget-wrap\">\n\t\t\t\t\t\t\t<\/div>\n\t\t<\/div>\n\t\t\t\t<div class=\"elementor-column elementor-col-33 elementor-top-column elementor-element elementor-element-5c14105\" data-id=\"5c14105\" data-element_type=\"column\">\n\t\t\t<div class=\"elementor-widget-wrap elementor-element-populated\">\n\t\t\t\t\t\t<div class=\"elementor-element elementor-element-5f0c2b7 elementor-widget elementor-widget-tp-image-factory\" data-id=\"5f0c2b7\" data-element_type=\"widget\" data-widget_type=\"tp-image-factory.default\">\n\t\t\t\t<div class=\"elementor-widget-container\">\n\t\t\t<div id=\"plus69d7784a5fc7d\" class=\"plus-adv-text-widget plus-widget-wrapper    image-pulse\"  ><div class=\"plus-widget-inner-wrap   \"  ><div id=\"plus69d7784a5ff10\" class=\"pt-plus-animated-image-wrapper      image-pulse\" ><div class=\"animated-image-parallax   \" ><div class=\"pt_plus_animated_image bg-image69d7784a5ff0d text-center  \"  > <figure class=\"     \"  ><div class=\"vc_single_image-wrapper   \"><img fetchpriority=\"high\" decoding=\"async\" width=\"500\" height=\"500\" src=\"https:\/\/awareproject.eu\/wp-content\/uploads\/2022\/03\/partners-logo-03.jpg\" class=\"attachment-full size-full wp-image-781\" alt=\"SO\u0160IT\" srcset=\"https:\/\/awareproject.eu\/wp-content\/uploads\/2022\/03\/partners-logo-03.jpg 500w, https:\/\/awareproject.eu\/wp-content\/uploads\/2022\/03\/partners-logo-03-300x300.jpg 300w, https:\/\/awareproject.eu\/wp-content\/uploads\/2022\/03\/partners-logo-03-150x150.jpg 150w\" sizes=\"(max-width: 500px) 100vw, 500px\" \/><\/div> <\/figure> <\/div><\/div><\/div><\/div><\/div>\t\t<\/div>\n\t\t\t\t<\/div>\n\t\t\t\t\t<\/div>\n\t\t<\/div>\n\t\t\t\t<div class=\"elementor-column elementor-col-33 elementor-top-column elementor-element elementor-element-87a9190\" data-id=\"87a9190\" data-element_type=\"column\">\n\t\t\t<div class=\"elementor-widget-wrap\">\n\t\t\t\t\t\t\t<\/div>\n\t\t<\/div>\n\t\t\t\t\t<\/div>\n\t\t<\/section>\n\t\t\t\t<section class=\"elementor-section elementor-top-section elementor-element elementor-element-fb12830 elementor-section-boxed elementor-section-height-default elementor-section-height-default\" data-id=\"fb12830\" data-element_type=\"section\">\n\t\t\t\t\t\t<div class=\"elementor-container elementor-column-gap-default\">\n\t\t\t\t\t<div class=\"elementor-column elementor-col-100 elementor-top-column elementor-element elementor-element-1700682\" data-id=\"1700682\" data-element_type=\"column\">\n\t\t\t<div class=\"elementor-widget-wrap elementor-element-populated\">\n\t\t\t\t\t\t<div class=\"elementor-element elementor-element-f9a1d42 elementor-drop-cap-yes elementor-drop-cap-view-default elementor-widget elementor-widget-text-editor\" data-id=\"f9a1d42\" data-element_type=\"widget\" data-settings=\"{&quot;drop_cap&quot;:&quot;yes&quot;}\" data-widget_type=\"text-editor.default\">\n\t\t\t\t<div class=\"elementor-widget-container\">\n\t\t\t<style>\/*! elementor - v3.23.0 - 05-08-2024 *\/\n.elementor-widget-text-editor.elementor-drop-cap-view-stacked .elementor-drop-cap{background-color:#69727d;color:#fff}.elementor-widget-text-editor.elementor-drop-cap-view-framed .elementor-drop-cap{color:#69727d;border:3px solid;background-color:transparent}.elementor-widget-text-editor:not(.elementor-drop-cap-view-default) .elementor-drop-cap{margin-top:8px}.elementor-widget-text-editor:not(.elementor-drop-cap-view-default) .elementor-drop-cap-letter{width:1em;height:1em}.elementor-widget-text-editor .elementor-drop-cap{float:left;text-align:center;line-height:1;font-size:50px}.elementor-widget-text-editor .elementor-drop-cap-letter{display:inline-block}<\/style>\t\t\t\tUnsere Schule bietet jungen Menschen eine Ausbildung in den Bereichen Informationstechnologie, Computernetzwerke, Programmierung, Computergrafik und Informationssicherheit.\r\n\r\nDerzeit unterrichten wir 672 Sch\u00fcler in sechs IT-Fachrichtungen.\r\n\r\nJedes Jahr erhalten etwa 150 unserer Sch\u00fcler internationale Zertifikate in den Bereichen Computernetzwerke, Programmierung, Betriebssysteme, aber auch in Cybersicherheit.\r\n\r\nGleichzeitig reagieren wir auf die fortschreitende digitale Transformation der Industrie, auch bekannt als Industrie 4.0, indem wir neue Studienrichtungen an unserer Schule einf\u00fchren.\r\n\r\nUnsere Priorit\u00e4t ist es, die Sch\u00fcler auf IT-Berufe vorzubereiten. Aber ohne die Unterst\u00fctzung der Arbeitgeberverb\u00e4nde ist dies einfach nicht m\u00f6glich. Ein Schl\u00fcsselelement dieser Ausbildung ist die berufliche Praxis, die an den Arbeitspl\u00e4tzen der einzelnen Unternehmen stattfinden muss. Wir w\u00fcrden es sehr begr\u00fc\u00dfen, wenn sich einige der regionalen Unternehmen, die sich mit Cybersicherheit besch\u00e4ftigen, an der dualen Ausbildung dieser Fachkr\u00e4fte beteiligen w\u00fcrden.\r\n\r\nBasierend auf den Anforderungen und in Zusammenarbeit mit den Unternehmen werden wir die Ausbildungsinhalte weiter gestalten und an die aktuellen Trends in der Cybersicherheit anpassen.\t\t\t\t\t\t<\/div>\n\t\t\t\t<\/div>\n\t\t\t\t\t<\/div>\n\t\t<\/div>\n\t\t\t\t\t<\/div>\n\t\t<\/section>\n\t\t\t\t<\/div>\n\t\t","protected":false},"excerpt":{"rendered":"<p>Unsere Schule bietet jungen Menschen eine Ausbildung in den Bereichen Informationstechnologie, Computernetzwerke, Programmierung, Computergrafik und Informationssicherheit. Derzeit unterrichten wir 672 Sch\u00fcler in sechs IT-Fachrichtungen. Jedes&hellip;<\/p>\n","protected":false},"author":4,"featured_media":0,"parent":3502,"menu_order":0,"comment_status":"closed","ping_status":"closed","template":"","meta":{"footnotes":""},"class_list":["post-4073","page","type-page","status-publish","hentry"],"_links":{"self":[{"href":"https:\/\/awareproject.eu\/de\/wp-json\/wp\/v2\/pages\/4073","targetHints":{"allow":["GET"]}}],"collection":[{"href":"https:\/\/awareproject.eu\/de\/wp-json\/wp\/v2\/pages"}],"about":[{"href":"https:\/\/awareproject.eu\/de\/wp-json\/wp\/v2\/types\/page"}],"author":[{"embeddable":true,"href":"https:\/\/awareproject.eu\/de\/wp-json\/wp\/v2\/users\/4"}],"replies":[{"embeddable":true,"href":"https:\/\/awareproject.eu\/de\/wp-json\/wp\/v2\/comments?post=4073"}],"version-history":[{"count":1,"href":"https:\/\/awareproject.eu\/de\/wp-json\/wp\/v2\/pages\/4073\/revisions"}],"predecessor-version":[{"id":4074,"href":"https:\/\/awareproject.eu\/de\/wp-json\/wp\/v2\/pages\/4073\/revisions\/4074"}],"up":[{"embeddable":true,"href":"https:\/\/awareproject.eu\/de\/wp-json\/wp\/v2\/pages\/3502"}],"wp:attachment":[{"href":"https:\/\/awareproject.eu\/de\/wp-json\/wp\/v2\/media?parent=4073"}],"curies":[{"name":"wp","href":"https:\/\/api.w.org\/{rel}","templated":true}]}}