{"id":4071,"date":"2022-06-28T08:49:28","date_gmt":"2022-06-28T08:49:28","guid":{"rendered":"https:\/\/awareproject.eu\/partner-de\/p-consulting\/"},"modified":"2022-06-28T08:49:28","modified_gmt":"2022-06-28T08:49:28","slug":"p-consulting","status":"publish","type":"page","link":"https:\/\/awareproject.eu\/de\/partner-de\/p-consulting\/","title":{"rendered":"p-consulting"},"content":{"rendered":"\t\t<div data-elementor-type=\"wp-page\" data-elementor-id=\"4071\" class=\"elementor elementor-4071 elementor-1104\" data-elementor-post-type=\"page\">\n\t\t\t\t\t\t<section class=\"elementor-section elementor-top-section elementor-element elementor-element-01efefe elementor-section-boxed elementor-section-height-default elementor-section-height-default\" data-id=\"01efefe\" data-element_type=\"section\">\n\t\t\t\t\t\t<div class=\"elementor-container elementor-column-gap-default\">\n\t\t\t\t\t<div class=\"elementor-column elementor-col-33 elementor-top-column elementor-element elementor-element-59a8701\" data-id=\"59a8701\" data-element_type=\"column\">\n\t\t\t<div class=\"elementor-widget-wrap\">\n\t\t\t\t\t\t\t<\/div>\n\t\t<\/div>\n\t\t\t\t<div class=\"elementor-column elementor-col-33 elementor-top-column elementor-element elementor-element-281e56e\" data-id=\"281e56e\" data-element_type=\"column\">\n\t\t\t<div class=\"elementor-widget-wrap elementor-element-populated\">\n\t\t\t\t\t\t<div class=\"elementor-element elementor-element-6a96a43 elementor-widget elementor-widget-tp-image-factory\" data-id=\"6a96a43\" data-element_type=\"widget\" data-widget_type=\"tp-image-factory.default\">\n\t\t\t\t<div class=\"elementor-widget-container\">\n\t\t\t<div id=\"plus69f0dde6e7ea6\" class=\"plus-adv-text-widget plus-widget-wrapper    image-pulse\"  ><div class=\"plus-widget-inner-wrap   \"  ><div id=\"plus69f0dde6e81d5\" class=\"pt-plus-animated-image-wrapper      image-pulse\" ><div class=\"animated-image-parallax   \" ><div class=\"pt_plus_animated_image bg-image69f0dde6e81d1 text-center  \"  > <figure class=\"     \"  ><div class=\"vc_single_image-wrapper   \"><img fetchpriority=\"high\" decoding=\"async\" width=\"500\" height=\"500\" src=\"https:\/\/awareproject.eu\/wp-content\/uploads\/2022\/03\/partners-logo-07.jpg\" class=\"attachment-full size-full wp-image-1100\" alt=\"p-consulting\" srcset=\"https:\/\/awareproject.eu\/wp-content\/uploads\/2022\/03\/partners-logo-07.jpg 500w, https:\/\/awareproject.eu\/wp-content\/uploads\/2022\/03\/partners-logo-07-300x300.jpg 300w, https:\/\/awareproject.eu\/wp-content\/uploads\/2022\/03\/partners-logo-07-150x150.jpg 150w\" sizes=\"(max-width: 500px) 100vw, 500px\" \/><\/div> <\/figure> <\/div><\/div><\/div><\/div><\/div>\t\t<\/div>\n\t\t\t\t<\/div>\n\t\t\t\t\t<\/div>\n\t\t<\/div>\n\t\t\t\t<div class=\"elementor-column elementor-col-33 elementor-top-column elementor-element elementor-element-5d093a3\" data-id=\"5d093a3\" data-element_type=\"column\">\n\t\t\t<div class=\"elementor-widget-wrap\">\n\t\t\t\t\t\t\t<\/div>\n\t\t<\/div>\n\t\t\t\t\t<\/div>\n\t\t<\/section>\n\t\t\t\t<section class=\"elementor-section elementor-top-section elementor-element elementor-element-9408854 elementor-section-boxed elementor-section-height-default elementor-section-height-default\" data-id=\"9408854\" data-element_type=\"section\">\n\t\t\t\t\t\t<div class=\"elementor-container elementor-column-gap-default\">\n\t\t\t\t\t<div class=\"elementor-column elementor-col-100 elementor-top-column elementor-element elementor-element-f129e07\" data-id=\"f129e07\" data-element_type=\"column\">\n\t\t\t<div class=\"elementor-widget-wrap elementor-element-populated\">\n\t\t\t\t\t\t<div class=\"elementor-element elementor-element-c2bbf72 elementor-drop-cap-yes elementor-drop-cap-view-default elementor-widget elementor-widget-text-editor\" data-id=\"c2bbf72\" data-element_type=\"widget\" data-settings=\"{&quot;drop_cap&quot;:&quot;yes&quot;}\" data-widget_type=\"text-editor.default\">\n\t\t\t\t<div class=\"elementor-widget-container\">\n\t\t\t<style>\/*! elementor - v3.23.0 - 05-08-2024 *\/\n.elementor-widget-text-editor.elementor-drop-cap-view-stacked .elementor-drop-cap{background-color:#69727d;color:#fff}.elementor-widget-text-editor.elementor-drop-cap-view-framed .elementor-drop-cap{color:#69727d;border:3px solid;background-color:transparent}.elementor-widget-text-editor:not(.elementor-drop-cap-view-default) .elementor-drop-cap{margin-top:8px}.elementor-widget-text-editor:not(.elementor-drop-cap-view-default) .elementor-drop-cap-letter{width:1em;height:1em}.elementor-widget-text-editor .elementor-drop-cap{float:left;text-align:center;line-height:1;font-size:50px}.elementor-widget-text-editor .elementor-drop-cap-letter{display:inline-block}<\/style>\t\t\t\tp-consulting.gr ist ein IT- Trainings- und Beratungsunternehmen, das sich auf Webentwicklung, digitale Transformation und Unternehmensberatung konzentriert. Das Unternehmen arbeitet mit Schulen, Berufsbildungseinrichtungen, Ausbildungsorganisationen, Kammern und anderen Organisationen in Griechenland und der EU zusammen.\r\n\r\nIhr Hauptziel ist die digitale Transformation von Unternehmen und Organisationen durch die innovative Nutzung bestehender Tools, die einen schnellen, nachhaltigen und effektiven Prozess garantieren. p-consulting.gr kombiniert Trainings- und IT-Dienstleistungen, indem es sich auf digitales, interaktives Training durch die Entwicklung und Erstellung von Online-Trainingskursen, Lernspielen, Gamification-Tools, Web- und mobilen Anwendungen unter Verwendung neuer und innovativer Technologien konzentriert. Das Design aller Tools basiert auf dem von der Universit\u00e4t Patras ausgezeichneten Tool f\u00fcr interaktive Benutzererfahrung (OS).\r\n\r\nDas 2012 in Patras, Griechenland, gegr\u00fcndete Unternehmen hat bisher f\u00fcnfundzwanzig europ\u00e4ische Projekte und Hunderte von nationalen Projekten umgesetzt und hat mehr als 250 Kunden im Bereich IT und Business Support. Das Unternehmen hat vier EU-Preise f\u00fcr bew\u00e4hrte Verfahren erhalten, drei Auszeichnungen in Griechenland und eine in Litauen.\t\t\t\t\t\t<\/div>\n\t\t\t\t<\/div>\n\t\t\t\t\t<\/div>\n\t\t<\/div>\n\t\t\t\t\t<\/div>\n\t\t<\/section>\n\t\t\t\t<\/div>\n\t\t","protected":false},"excerpt":{"rendered":"<p>p-consulting.gr ist ein IT- Trainings- und Beratungsunternehmen, das sich auf Webentwicklung, digitale Transformation und Unternehmensberatung konzentriert. Das Unternehmen arbeitet mit Schulen, Berufsbildungseinrichtungen, Ausbildungsorganisationen, Kammern und&hellip;<\/p>\n","protected":false},"author":4,"featured_media":0,"parent":3502,"menu_order":0,"comment_status":"closed","ping_status":"closed","template":"","meta":{"footnotes":""},"class_list":["post-4071","page","type-page","status-publish","hentry"],"_links":{"self":[{"href":"https:\/\/awareproject.eu\/de\/wp-json\/wp\/v2\/pages\/4071","targetHints":{"allow":["GET"]}}],"collection":[{"href":"https:\/\/awareproject.eu\/de\/wp-json\/wp\/v2\/pages"}],"about":[{"href":"https:\/\/awareproject.eu\/de\/wp-json\/wp\/v2\/types\/page"}],"author":[{"embeddable":true,"href":"https:\/\/awareproject.eu\/de\/wp-json\/wp\/v2\/users\/4"}],"replies":[{"embeddable":true,"href":"https:\/\/awareproject.eu\/de\/wp-json\/wp\/v2\/comments?post=4071"}],"version-history":[{"count":1,"href":"https:\/\/awareproject.eu\/de\/wp-json\/wp\/v2\/pages\/4071\/revisions"}],"predecessor-version":[{"id":4072,"href":"https:\/\/awareproject.eu\/de\/wp-json\/wp\/v2\/pages\/4071\/revisions\/4072"}],"up":[{"embeddable":true,"href":"https:\/\/awareproject.eu\/de\/wp-json\/wp\/v2\/pages\/3502"}],"wp:attachment":[{"href":"https:\/\/awareproject.eu\/de\/wp-json\/wp\/v2\/media?parent=4071"}],"curies":[{"name":"wp","href":"https:\/\/api.w.org\/{rel}","templated":true}]}}