{"id":3981,"date":"2022-06-28T07:59:56","date_gmt":"2022-06-28T07:59:56","guid":{"rendered":"https:\/\/awareproject.eu\/partner-de\/eurosuccess\/"},"modified":"2022-06-28T07:59:56","modified_gmt":"2022-06-28T07:59:56","slug":"eurosuccess","status":"publish","type":"page","link":"https:\/\/awareproject.eu\/de\/partner-de\/eurosuccess\/","title":{"rendered":"Eurosuccess"},"content":{"rendered":"\t\t<div data-elementor-type=\"wp-page\" data-elementor-id=\"3981\" class=\"elementor elementor-3981 elementor-1311\" data-elementor-post-type=\"page\">\n\t\t\t\t\t\t<section class=\"elementor-section elementor-top-section elementor-element elementor-element-09125cc elementor-section-boxed elementor-section-height-default elementor-section-height-default\" data-id=\"09125cc\" data-element_type=\"section\">\n\t\t\t\t\t\t<div class=\"elementor-container elementor-column-gap-default\">\n\t\t\t\t\t<div class=\"elementor-column elementor-col-33 elementor-top-column elementor-element elementor-element-da82436\" data-id=\"da82436\" data-element_type=\"column\">\n\t\t\t<div class=\"elementor-widget-wrap\">\n\t\t\t\t\t\t\t<\/div>\n\t\t<\/div>\n\t\t\t\t<div class=\"elementor-column elementor-col-33 elementor-top-column elementor-element elementor-element-7f21bf5\" data-id=\"7f21bf5\" data-element_type=\"column\">\n\t\t\t<div class=\"elementor-widget-wrap elementor-element-populated\">\n\t\t\t\t\t\t<div class=\"elementor-element elementor-element-faf08cb elementor-widget elementor-widget-tp-image-factory\" data-id=\"faf08cb\" data-element_type=\"widget\" data-widget_type=\"tp-image-factory.default\">\n\t\t\t\t<div class=\"elementor-widget-container\">\n\t\t\t<div id=\"plus69e2392d184d6\" class=\"plus-adv-text-widget plus-widget-wrapper    image-pulse\"  ><div class=\"plus-widget-inner-wrap   \"  ><div id=\"plus69e2392d1897c\" class=\"pt-plus-animated-image-wrapper      image-pulse\" ><div class=\"animated-image-parallax   \" ><div class=\"pt_plus_animated_image bg-image69e2392d18976 text-center  \"  > <figure class=\"     \"  ><div class=\"vc_single_image-wrapper   \"><img fetchpriority=\"high\" decoding=\"async\" width=\"500\" height=\"500\" src=\"https:\/\/awareproject.eu\/wp-content\/uploads\/2022\/03\/partners-logo-05.jpg\" class=\"attachment-full size-full wp-image-783\" alt=\"Print\" srcset=\"https:\/\/awareproject.eu\/wp-content\/uploads\/2022\/03\/partners-logo-05.jpg 500w, https:\/\/awareproject.eu\/wp-content\/uploads\/2022\/03\/partners-logo-05-300x300.jpg 300w, https:\/\/awareproject.eu\/wp-content\/uploads\/2022\/03\/partners-logo-05-150x150.jpg 150w\" sizes=\"(max-width: 500px) 100vw, 500px\" \/><\/div> <\/figure> <\/div><\/div><\/div><\/div><\/div>\t\t<\/div>\n\t\t\t\t<\/div>\n\t\t\t\t\t<\/div>\n\t\t<\/div>\n\t\t\t\t<div class=\"elementor-column elementor-col-33 elementor-top-column elementor-element elementor-element-4ba1079\" data-id=\"4ba1079\" data-element_type=\"column\">\n\t\t\t<div class=\"elementor-widget-wrap\">\n\t\t\t\t\t\t\t<\/div>\n\t\t<\/div>\n\t\t\t\t\t<\/div>\n\t\t<\/section>\n\t\t\t\t<section class=\"elementor-section elementor-top-section elementor-element elementor-element-b372650 elementor-section-boxed elementor-section-height-default elementor-section-height-default\" data-id=\"b372650\" data-element_type=\"section\">\n\t\t\t\t\t\t<div class=\"elementor-container elementor-column-gap-default\">\n\t\t\t\t\t<div class=\"elementor-column elementor-col-100 elementor-top-column elementor-element elementor-element-96e96ab\" data-id=\"96e96ab\" data-element_type=\"column\">\n\t\t\t<div class=\"elementor-widget-wrap elementor-element-populated\">\n\t\t\t\t\t\t<div class=\"elementor-element elementor-element-cdd1f5d elementor-drop-cap-yes elementor-drop-cap-view-default elementor-widget elementor-widget-text-editor\" data-id=\"cdd1f5d\" data-element_type=\"widget\" data-settings=\"{&quot;drop_cap&quot;:&quot;yes&quot;}\" data-widget_type=\"text-editor.default\">\n\t\t\t\t<div class=\"elementor-widget-container\">\n\t\t\t<style>\/*! elementor - v3.23.0 - 05-08-2024 *\/\n.elementor-widget-text-editor.elementor-drop-cap-view-stacked .elementor-drop-cap{background-color:#69727d;color:#fff}.elementor-widget-text-editor.elementor-drop-cap-view-framed .elementor-drop-cap{color:#69727d;border:3px solid;background-color:transparent}.elementor-widget-text-editor:not(.elementor-drop-cap-view-default) .elementor-drop-cap{margin-top:8px}.elementor-widget-text-editor:not(.elementor-drop-cap-view-default) .elementor-drop-cap-letter{width:1em;height:1em}.elementor-widget-text-editor .elementor-drop-cap{float:left;text-align:center;line-height:1;font-size:50px}.elementor-widget-text-editor .elementor-drop-cap-letter{display:inline-block}<\/style>\t\t\t\turosuccess Consulting wurde im Jahr 2009 gegr\u00fcndet. Das Hauptziel von Eurosuccess Consulting ist es, vor allem Einzelpersonen und Unternehmen \u00fcber die Nutzung von europ\u00e4ischen und nationalen F\u00f6rdermitteln zu informieren und zu unterst\u00fctzen. Durch die Nutzung der entsprechenden Finanzierungsm\u00f6glichkeiten gelingt es ihnen, ihre strategischen Ziele zu planen, zu entwickeln und umzusetzen.\r\n\r\nDar\u00fcber hinaus nimmt unsere Organisation sowohl als Koordinator als auch als Partner an mehreren Projekten im Rahmen verschiedener europ\u00e4ischer Programme und Initiativen teil, wie z. B. Lebenslanges Lernen, ERASMUS + und ist eine der Bewertungsstellen f\u00fcr Vorschl\u00e4ge, die im Rahmen verschiedener EU-Programme eingereicht werden.\r\n\r\nIm Bereich des Projektmanagements verf\u00fcgt Eurosuccess Consulting \u00fcber weitreichende Erfahrung in der Entwicklung von Materialien, Werkzeugen und Methoden in Bezug auf verschiedene F\u00e4higkeiten\/Kompetenzen (einschlie\u00dflich IT-Werkzeuge f\u00fcr Bewertungs- und Schulungszwecke sowie E-Learning-Umgebungen) f\u00fcr verschiedene Zielgruppen wie Kinder, Jugendliche, Erwachsene, Unternehmer, F\u00fchrungskr\u00e4fte und Angestellte, gef\u00e4hrdete Gruppen der Gesellschaft wie (Langzeit-)Arbeitslose, Menschen ohne Ausbildung oder Gef\u00e4ngnisinsassen.\r\n\r\nDar\u00fcber hinaus ist Eurosuccess Consulting Mitglied des: European Forum of Vocational Education and Training (EfVET), des International Trade Council, European Prison Education Association (EPEA), European Policy Network on Key Competences in School Education (KeyCoNet Network), European Network of Innovation for Inclusion, European Alliance for Apprenticeships, European Working Group of Innovation Consultants, Cyprus Chamber of Commerce and Industry (CCCI), Cyprus Employers and Industrialists Federation (OEB) und Nicosia Chamber of Commerce and Industry (NCCI).\r\n\r\nBasierend auf den oben genannten Erfahrungen, Kenntnissen und F\u00e4higkeiten sowie dem etablierten Netzwerk mit Partnerorganisationen und Experten in Zypern und im Ausland ist Eurosuccess Consulting in der Lage, alle Anstrengungen zu unterst\u00fctzen, die f\u00fcr die Entwicklung erfolgreicher Vorschl\u00e4ge und damit f\u00fcr die Umsetzung von Projekten erforderlich sind.\r\n\r\nDar\u00fcber hinaus ist Eurosuccess Consulting von der zypriotischen Beh\u00f6rde f\u00fcr die Entwicklung von Human Ressources (Human Resource Development Authority of Cyprus), der zust\u00e4ndigen Beh\u00f6rde f\u00fcr den Schulungs- und Ausbildungssektor, als Berufsbildungszentrum und ISO 9001:2015 akkreditiert.\t\t\t\t\t\t<\/div>\n\t\t\t\t<\/div>\n\t\t\t\t\t<\/div>\n\t\t<\/div>\n\t\t\t\t\t<\/div>\n\t\t<\/section>\n\t\t\t\t<\/div>\n\t\t","protected":false},"excerpt":{"rendered":"<p>urosuccess Consulting wurde im Jahr 2009 gegr\u00fcndet. Das Hauptziel von Eurosuccess Consulting ist es, vor allem Einzelpersonen und Unternehmen \u00fcber die Nutzung von europ\u00e4ischen und&hellip;<\/p>\n","protected":false},"author":4,"featured_media":0,"parent":3502,"menu_order":0,"comment_status":"closed","ping_status":"closed","template":"","meta":{"footnotes":""},"class_list":["post-3981","page","type-page","status-publish","hentry"],"_links":{"self":[{"href":"https:\/\/awareproject.eu\/de\/wp-json\/wp\/v2\/pages\/3981","targetHints":{"allow":["GET"]}}],"collection":[{"href":"https:\/\/awareproject.eu\/de\/wp-json\/wp\/v2\/pages"}],"about":[{"href":"https:\/\/awareproject.eu\/de\/wp-json\/wp\/v2\/types\/page"}],"author":[{"embeddable":true,"href":"https:\/\/awareproject.eu\/de\/wp-json\/wp\/v2\/users\/4"}],"replies":[{"embeddable":true,"href":"https:\/\/awareproject.eu\/de\/wp-json\/wp\/v2\/comments?post=3981"}],"version-history":[{"count":1,"href":"https:\/\/awareproject.eu\/de\/wp-json\/wp\/v2\/pages\/3981\/revisions"}],"predecessor-version":[{"id":3990,"href":"https:\/\/awareproject.eu\/de\/wp-json\/wp\/v2\/pages\/3981\/revisions\/3990"}],"up":[{"embeddable":true,"href":"https:\/\/awareproject.eu\/de\/wp-json\/wp\/v2\/pages\/3502"}],"wp:attachment":[{"href":"https:\/\/awareproject.eu\/de\/wp-json\/wp\/v2\/media?parent=3981"}],"curies":[{"name":"wp","href":"https:\/\/api.w.org\/{rel}","templated":true}]}}