{"id":3432,"date":"2022-06-27T09:35:59","date_gmt":"2022-06-27T09:35:59","guid":{"rendered":"https:\/\/awareproject.eu\/ueber\/"},"modified":"2022-06-29T09:34:23","modified_gmt":"2022-06-29T09:34:23","slug":"ueber","status":"publish","type":"page","link":"https:\/\/awareproject.eu\/de\/ueber\/","title":{"rendered":"\u00dcber"},"content":{"rendered":"\t\t<div data-elementor-type=\"wp-page\" data-elementor-id=\"3432\" class=\"elementor elementor-3432 elementor-673\" data-elementor-post-type=\"page\">\n\t\t\t\t\t\t<section class=\"elementor-section elementor-top-section elementor-element elementor-element-f24e38b elementor-section-boxed elementor-section-height-default elementor-section-height-default\" data-id=\"f24e38b\" data-element_type=\"section\">\n\t\t\t\t\t\t<div class=\"elementor-container elementor-column-gap-default\">\n\t\t\t\t\t<div class=\"elementor-column elementor-col-100 elementor-top-column elementor-element elementor-element-e3dd03a\" data-id=\"e3dd03a\" data-element_type=\"column\">\n\t\t\t<div class=\"elementor-widget-wrap elementor-element-populated\">\n\t\t\t\t\t\t<div class=\"elementor-element elementor-element-01f88ef elementor-widget elementor-widget-heading\" data-id=\"01f88ef\" data-element_type=\"widget\" data-widget_type=\"heading.default\">\n\t\t\t\t<div class=\"elementor-widget-container\">\n\t\t\t<style>\/*! elementor - v3.23.0 - 05-08-2024 *\/\n.elementor-heading-title{padding:0;margin:0;line-height:1}.elementor-widget-heading .elementor-heading-title[class*=elementor-size-]>a{color:inherit;font-size:inherit;line-height:inherit}.elementor-widget-heading .elementor-heading-title.elementor-size-small{font-size:15px}.elementor-widget-heading .elementor-heading-title.elementor-size-medium{font-size:19px}.elementor-widget-heading .elementor-heading-title.elementor-size-large{font-size:29px}.elementor-widget-heading .elementor-heading-title.elementor-size-xl{font-size:39px}.elementor-widget-heading .elementor-heading-title.elementor-size-xxl{font-size:59px}<\/style><h1 class=\"elementor-heading-title elementor-size-default\">Das AWARE Projekt <\/h1>\t\t<\/div>\n\t\t\t\t<\/div>\n\t\t\t\t<div class=\"elementor-element elementor-element-0efe447 elementor-widget elementor-widget-heading\" data-id=\"0efe447\" data-element_type=\"widget\" data-widget_type=\"heading.default\">\n\t\t\t\t<div class=\"elementor-widget-container\">\n\t\t\t<h2 class=\"elementor-heading-title elementor-size-default\">Sensibilisierung f\u00fcr die Relevanz von Cybersecurtiy in der Berufsbildung<\/h2>\t\t<\/div>\n\t\t\t\t<\/div>\n\t\t\t\t<div class=\"elementor-element elementor-element-599ec6f elementor-widget elementor-widget-image\" data-id=\"599ec6f\" data-element_type=\"widget\" data-widget_type=\"image.default\">\n\t\t\t\t<div class=\"elementor-widget-container\">\n\t\t\t<style>\/*! elementor - v3.23.0 - 05-08-2024 *\/\n.elementor-widget-image{text-align:center}.elementor-widget-image a{display:inline-block}.elementor-widget-image a img[src$=\".svg\"]{width:48px}.elementor-widget-image img{vertical-align:middle;display:inline-block}<\/style>\t\t\t\t\t\t\t\t\t\t<img fetchpriority=\"high\" decoding=\"async\" width=\"800\" height=\"527\" src=\"https:\/\/awareproject.eu\/wp-content\/uploads\/2022\/03\/cyber-security-banner@2.png\" class=\"attachment-full size-full wp-image-2494\" alt=\"Aware project\" srcset=\"https:\/\/awareproject.eu\/wp-content\/uploads\/2022\/03\/cyber-security-banner@2.png 800w, https:\/\/awareproject.eu\/wp-content\/uploads\/2022\/03\/cyber-security-banner@2-300x198.png 300w, https:\/\/awareproject.eu\/wp-content\/uploads\/2022\/03\/cyber-security-banner@2-768x506.png 768w, https:\/\/awareproject.eu\/wp-content\/uploads\/2022\/03\/cyber-security-banner@2-624x411.png 624w\" sizes=\"(max-width: 800px) 100vw, 800px\" \/>\t\t\t\t\t\t\t\t\t\t\t\t\t<\/div>\n\t\t\t\t<\/div>\n\t\t\t\t<div class=\"elementor-element elementor-element-b20efff elementor-widget elementor-widget-text-editor\" data-id=\"b20efff\" data-element_type=\"widget\" data-widget_type=\"text-editor.default\">\n\t\t\t\t<div class=\"elementor-widget-container\">\n\t\t\t<style>\/*! elementor - v3.23.0 - 05-08-2024 *\/\n.elementor-widget-text-editor.elementor-drop-cap-view-stacked .elementor-drop-cap{background-color:#69727d;color:#fff}.elementor-widget-text-editor.elementor-drop-cap-view-framed .elementor-drop-cap{color:#69727d;border:3px solid;background-color:transparent}.elementor-widget-text-editor:not(.elementor-drop-cap-view-default) .elementor-drop-cap{margin-top:8px}.elementor-widget-text-editor:not(.elementor-drop-cap-view-default) .elementor-drop-cap-letter{width:1em;height:1em}.elementor-widget-text-editor .elementor-drop-cap{float:left;text-align:center;line-height:1;font-size:50px}.elementor-widget-text-editor .elementor-drop-cap-letter{display:inline-block}<\/style>\t\t\t\tCyberangriffe auf KMU nehmen zu, da sie ein leichtes Ziel darstellen. Da KMU 99,8 % aller Unternehmen in der EU ausmachen, werden sie auch in Zukunft viele derjenigen, die heute ihre Ausbildung machen, besch\u00e4ftigen.\r\nViele Arbeitgeber sagen, dass junge Menschen, die ihre Ausbildung abschlie\u00dfen, noch nicht bereit f\u00fcr den Arbeitsplatz sind. Gleichzeitig herrscht weltweit ein Fachkr\u00e4ftemangel, der Unternehmen und Organisationen in Gefahr bringt. Au\u00dferdem tr\u00e4gt die geringe Sensibilisierung der Bev\u00f6lkerung zur weiteren Gef\u00e4hrdung von KMU durch Cyberkriminalit\u00e4t bei.\r\nDaher ist es wichtig sich mit dem Thema der IT-Sicherheit zu besch\u00e4ftigen.\t\t\t\t\t\t<\/div>\n\t\t\t\t<\/div>\n\t\t\t\t<section class=\"elementor-section elementor-inner-section elementor-element elementor-element-f329677 elementor-section-boxed elementor-section-height-default elementor-section-height-default\" data-id=\"f329677\" data-element_type=\"section\">\n\t\t\t\t\t\t<div class=\"elementor-container elementor-column-gap-default\">\n\t\t\t\t\t<div class=\"elementor-column elementor-col-50 elementor-inner-column elementor-element elementor-element-94504df\" data-id=\"94504df\" data-element_type=\"column\">\n\t\t\t<div class=\"elementor-widget-wrap elementor-element-populated\">\n\t\t\t\t\t\t<div class=\"elementor-element elementor-element-217b892 elementor-widget elementor-widget-text-editor\" data-id=\"217b892\" data-element_type=\"widget\" data-widget_type=\"text-editor.default\">\n\t\t\t\t<div class=\"elementor-widget-container\">\n\t\t\t\t\t\t\t<h2><strong>ZIEL<\/strong><\/h2>\r\nDas AWARE-Projekt zielt darauf ab, didaktische Ans\u00e4tze, Methoden und Lehrplaninhalte zu entwickeln, um das Bewusstsein und die Kompetenzen im Bereich der Cybersicherheit zu f\u00f6rdern, wie es als Priorit\u00e4t f\u00fcr den Berufsbildungssektor von der EU-Kommission angegeben wurde.\t\t\t\t\t\t<\/div>\n\t\t\t\t<\/div>\n\t\t\t\t\t<\/div>\n\t\t<\/div>\n\t\t\t\t<div class=\"elementor-column elementor-col-50 elementor-inner-column elementor-element elementor-element-41db909\" data-id=\"41db909\" data-element_type=\"column\">\n\t\t\t<div class=\"elementor-widget-wrap elementor-element-populated\">\n\t\t\t\t\t\t<div class=\"elementor-element elementor-element-2c6c783 elementor-widget elementor-widget-image\" data-id=\"2c6c783\" data-element_type=\"widget\" data-widget_type=\"image.default\">\n\t\t\t\t<div class=\"elementor-widget-container\">\n\t\t\t\t\t\t\t\t\t\t\t\t\t<img decoding=\"async\" width=\"1107\" height=\"800\" src=\"https:\/\/awareproject.eu\/wp-content\/uploads\/2022\/03\/aims-banner@2.png\" class=\"attachment-full size-full wp-image-2500\" alt=\"project aware - aims\" srcset=\"https:\/\/awareproject.eu\/wp-content\/uploads\/2022\/03\/aims-banner@2.png 1107w, https:\/\/awareproject.eu\/wp-content\/uploads\/2022\/03\/aims-banner@2-300x217.png 300w, https:\/\/awareproject.eu\/wp-content\/uploads\/2022\/03\/aims-banner@2-1024x740.png 1024w, https:\/\/awareproject.eu\/wp-content\/uploads\/2022\/03\/aims-banner@2-768x555.png 768w, https:\/\/awareproject.eu\/wp-content\/uploads\/2022\/03\/aims-banner@2-624x451.png 624w\" sizes=\"(max-width: 1107px) 100vw, 1107px\" \/>\t\t\t\t\t\t\t\t\t\t\t\t\t<\/div>\n\t\t\t\t<\/div>\n\t\t\t\t\t<\/div>\n\t\t<\/div>\n\t\t\t\t\t<\/div>\n\t\t<\/section>\n\t\t\t\t<div class=\"elementor-element elementor-element-c75e855 elementor-widget elementor-widget-text-editor\" data-id=\"c75e855\" data-element_type=\"widget\" data-widget_type=\"text-editor.default\">\n\t\t\t\t<div class=\"elementor-widget-container\">\n\t\t\t\t\t\t\t<h2><strong>ZIELSETZUNGEN<\/strong><\/h2>\r\n<ul>\r\n \t<li>die digitale Transformation durch den Ausbau von F\u00e4higkeiten f\u00fcr die Arbeit im digitalen Raum und Weiterbildungen zu unterst\u00fctzen<\/li>\r\n \t<li>Sensibilisierung, Bef\u00e4higung und Ausstattung der teilnehmenden Organisationen mit Grundkenntnissen im Bereich der Cybersicherheit<\/li>\r\n \t<li>Sensibilisierung und Aufkl\u00e4rung der Lernenden und Lehrenden in der beruflichen Bildung \u00fcber Fragen der Cybersicherheit im Zusammenhang mit der digitalen Transformation von Unternehmen und Organisationen<\/li>\r\n \t<li>Sensibilisierung und Aufkl\u00e4rung von Lernenden und Lehrkr\u00e4ften in der beruflichen Bildung \u00fcber Fragen der Cybersicherheit auf individueller Ebene und im t\u00e4glichen Leben<\/li>\r\n \t<li>Entwicklung der AWARE-Wissensdatenbank, der Mastersclass und des Selbstbewertungs-Kits, um Lehrkr\u00e4fte und Lernende in der beruflichen Bildung mit Fragen der Cybersicherheit vertraut zu machen<\/li>\r\n \t<li>Aufzeigen der Notwendigkeit und des Potenzials einer Zusammenarbeit zwischen Berufsbildung und Wirtschaft, um die Kompetenzen von Lehrkr\u00e4ften und Lernenden im Bereich der Cybersicherheit zu verbessern<\/li>\r\n \t<li>Die Attraktivit\u00e4t von Ausbildungen und Berufen im Feld der Cybersicherheit zu erh\u00f6hen<\/li>\r\n \t<li>die politischen Entscheidungstr\u00e4ger zu erreichen, um die Verankerung der Cybersicherheit in der Berufsbildung zu st\u00e4rken.<\/li>\r\n<\/ul>\t\t\t\t\t\t<\/div>\n\t\t\t\t<\/div>\n\t\t\t\t<div class=\"elementor-element elementor-element-2115f77 elementor-widget elementor-widget-image\" data-id=\"2115f77\" data-element_type=\"widget\" data-widget_type=\"image.default\">\n\t\t\t\t<div class=\"elementor-widget-container\">\n\t\t\t\t\t\t\t\t\t\t\t\t\t<img decoding=\"async\" width=\"1223\" height=\"800\" src=\"https:\/\/awareproject.eu\/wp-content\/uploads\/2022\/03\/Miscalenous-07@2.png\" class=\"attachment-full size-full wp-image-1865\" alt=\"\" srcset=\"https:\/\/awareproject.eu\/wp-content\/uploads\/2022\/03\/Miscalenous-07@2.png 1223w, https:\/\/awareproject.eu\/wp-content\/uploads\/2022\/03\/Miscalenous-07@2-300x196.png 300w, https:\/\/awareproject.eu\/wp-content\/uploads\/2022\/03\/Miscalenous-07@2-1024x670.png 1024w, https:\/\/awareproject.eu\/wp-content\/uploads\/2022\/03\/Miscalenous-07@2-768x502.png 768w, https:\/\/awareproject.eu\/wp-content\/uploads\/2022\/03\/Miscalenous-07@2-624x408.png 624w\" sizes=\"(max-width: 1223px) 100vw, 1223px\" \/>\t\t\t\t\t\t\t\t\t\t\t\t\t<\/div>\n\t\t\t\t<\/div>\n\t\t\t\t<div class=\"elementor-element elementor-element-c9f9617 elementor-widget elementor-widget-spacer\" data-id=\"c9f9617\" data-element_type=\"widget\" data-widget_type=\"spacer.default\">\n\t\t\t\t<div class=\"elementor-widget-container\">\n\t\t\t<style>\/*! elementor - v3.23.0 - 05-08-2024 *\/\n.elementor-column .elementor-spacer-inner{height:var(--spacer-size)}.e-con{--container-widget-width:100%}.e-con-inner>.elementor-widget-spacer,.e-con>.elementor-widget-spacer{width:var(--container-widget-width,var(--spacer-size));--align-self:var(--container-widget-align-self,initial);--flex-shrink:0}.e-con-inner>.elementor-widget-spacer>.elementor-widget-container,.e-con>.elementor-widget-spacer>.elementor-widget-container{height:100%;width:100%}.e-con-inner>.elementor-widget-spacer>.elementor-widget-container>.elementor-spacer,.e-con>.elementor-widget-spacer>.elementor-widget-container>.elementor-spacer{height:100%}.e-con-inner>.elementor-widget-spacer>.elementor-widget-container>.elementor-spacer>.elementor-spacer-inner,.e-con>.elementor-widget-spacer>.elementor-widget-container>.elementor-spacer>.elementor-spacer-inner{height:var(--container-widget-height,var(--spacer-size))}.e-con-inner>.elementor-widget-spacer.elementor-widget-empty,.e-con>.elementor-widget-spacer.elementor-widget-empty{position:relative;min-height:22px;min-width:22px}.e-con-inner>.elementor-widget-spacer.elementor-widget-empty .elementor-widget-empty-icon,.e-con>.elementor-widget-spacer.elementor-widget-empty .elementor-widget-empty-icon{position:absolute;top:0;bottom:0;left:0;right:0;margin:auto;padding:0;width:22px;height:22px}<\/style>\t\t<div class=\"elementor-spacer\">\n\t\t\t<div class=\"elementor-spacer-inner\"><\/div>\n\t\t<\/div>\n\t\t\t\t<\/div>\n\t\t\t\t<\/div>\n\t\t\t\t\t<\/div>\n\t\t<\/div>\n\t\t\t\t\t<\/div>\n\t\t<\/section>\n\t\t\t\t<\/div>\n\t\t","protected":false},"excerpt":{"rendered":"<p>Das AWARE Projekt Sensibilisierung f\u00fcr die Relevanz von Cybersecurtiy in der Berufsbildung Cyberangriffe auf KMU nehmen zu, da sie ein leichtes Ziel darstellen. Da KMU&hellip;<\/p>\n","protected":false},"author":1,"featured_media":2518,"parent":0,"menu_order":0,"comment_status":"closed","ping_status":"closed","template":"elementor_header_footer","meta":{"footnotes":""},"class_list":["post-3432","page","type-page","status-publish","has-post-thumbnail","hentry"],"_links":{"self":[{"href":"https:\/\/awareproject.eu\/de\/wp-json\/wp\/v2\/pages\/3432","targetHints":{"allow":["GET"]}}],"collection":[{"href":"https:\/\/awareproject.eu\/de\/wp-json\/wp\/v2\/pages"}],"about":[{"href":"https:\/\/awareproject.eu\/de\/wp-json\/wp\/v2\/types\/page"}],"author":[{"embeddable":true,"href":"https:\/\/awareproject.eu\/de\/wp-json\/wp\/v2\/users\/1"}],"replies":[{"embeddable":true,"href":"https:\/\/awareproject.eu\/de\/wp-json\/wp\/v2\/comments?post=3432"}],"version-history":[{"count":3,"href":"https:\/\/awareproject.eu\/de\/wp-json\/wp\/v2\/pages\/3432\/revisions"}],"predecessor-version":[{"id":4467,"href":"https:\/\/awareproject.eu\/de\/wp-json\/wp\/v2\/pages\/3432\/revisions\/4467"}],"wp:featuredmedia":[{"embeddable":true,"href":"https:\/\/awareproject.eu\/de\/wp-json\/wp\/v2\/media\/2518"}],"wp:attachment":[{"href":"https:\/\/awareproject.eu\/de\/wp-json\/wp\/v2\/media?parent=3432"}],"curies":[{"name":"wp","href":"https:\/\/api.w.org\/{rel}","templated":true}]}}